{"id":288,"date":"2021-09-06T14:43:12","date_gmt":"2021-09-06T11:43:12","guid":{"rendered":"https:\/\/www.akemkimya.com.tr\/satis\/?post_type=product&#038;p=288"},"modified":"2025-12-31T11:57:28","modified_gmt":"2025-12-31T08:57:28","slug":"metox-500-kaynak-temizleme-makinasi","status":"publish","type":"product","link":"https:\/\/www.akemkimya.com.tr\/satis\/urun\/metox-500-kaynak-temizleme-makinasi\/","title":{"rendered":"Metox 500 Kaynak Temizleme Makinas\u0131"},"content":{"rendered":"<pre>Fiyata dahil set i\u00e7eri\u011fi ;\r\n1-Metox 502 F\u0131r\u00e7a - 3 adet\r\n2-Metox KTS 501 kaynak temizleme sol\u00fcsyonu 1 KG - 1 adet\r\n3-Metox MS 505 markalama sol\u00fcsyonu 1 KG - 1 adet\r\n4-Metox 503 F\u0131r\u00e7a Aparat\u0131 1.5m - 1 adet\r\n5-Metox 508 \u015ease Aparat\u0131 1.5 - 1 adet\r\n6-Metox 506 Markalama K\u00f6m\u00fcr\u00fc - 1 adet\r\n7-Metox 507 Markalama Pedi (6'l\u0131 paket) - 1 adet\r\n8-Metox 510 Markalama O-ring - 1 adet\r\n9-Metox 509 G\u00fc\u00e7 Kablosu - 1 adet\r\n10-Metox G\u00fcvenlik Eldiveni - 1 adet\r\n11-Metox G\u00fcvenlik G\u00f6zl\u00fc\u011f\u00fc - 1 adet\r\n\r\n<\/pre>\n<p><strong>METOX 500<\/strong> , kaynakl\u0131 paslanmaz \u00e7elikler i\u00e7in temiz y\u00fczeyi geri kazand\u0131r\u0131r ve zamandan , i\u015f\u00e7ilikten , sarf malzemeden \u00e7ok \u00f6nemli miktarda tasarruf imkan\u0131 sunar.<\/p>\n<p>Tig(argon) kaynak i\u00e7in ve \u0131s\u0131l i\u015flem lekelerinden olu\u015fan renk bozuklu\u011fu an\u0131nda temizlenir ve eski orijinal rengini geri kazand\u0131r\u0131r.Kaynak temizli\u011fi esnas\u0131nda ton fark\u0131 olu\u015fmaz.Kesinlikle matla\u015fma meydana gelmez.<\/p>\n<p>Kaynak temizli\u011fi esnas\u0131nda , ilgili b\u00f6lgeye pasivasyon yap\u0131lmas\u0131n\u0131 da sa\u011flar.<\/p>\n<p><strong>METOX 500<\/strong> , markalama sistemi anl\u0131k bir reaksiyon ile paslanmaz \u00e7elik , galvaniz \u00e7elik , krom \u00e7elik , karbon \u00e7elik , al\u00fcminyum , pirin\u00e7 , bak\u0131r ve titanyum gibi y\u00fczeylerde lazer sistemlerinden daha\u00a0 masrafs\u0131z , y\u00fcksek kaliteli markalama garantisi verir.<\/p>\n","protected":false},"excerpt":{"rendered":"<p>Fiyatlar\u0131m\u0131za %20 kdv Dahildir.<\/p>\n<p>Kargo Al\u0131c\u0131ya Aittir.<\/p>\n","protected":false},"featured_media":290,"comment_status":"open","ping_status":"closed","template":"","meta":[],"product_brand":[],"product_cat":[15],"product_tag":[38,37,36],"class_list":{"0":"post-288","1":"product","2":"type-product","3":"status-publish","4":"has-post-thumbnail","6":"product_cat-kaynak-temizleme-makinalari","7":"product_tag-38","8":"product_tag-metox-500","9":"product_tag-metox500","11":"first","12":"instock","13":"featured","14":"sold-individually","15":"shipping-taxable","16":"purchasable","17":"product-type-simple"},"yoast_head":"<!-- This site is optimized with the Yoast SEO plugin v27.4 - https:\/\/yoast.com\/product\/yoast-seo-wordpress\/ -->\n<title>Metox 500 Kaynak Temizleme Makinas\u0131 | Akem Kimya<\/title>\n<meta name=\"description\" content=\"kaynak temizleme makinas\u0131 , paslanmaz kaynak temizleme , paslanmaz kaynak temizleme makinas\u0131 , kaynak temizleme , argon kaynak temizleme , paslanmaz , argon kaynak\" \/>\n<meta name=\"robots\" content=\"index, follow, max-snippet:-1, max-image-preview:large, max-video-preview:-1\" \/>\n<link rel=\"canonical\" href=\"https:\/\/www.akemkimya.com.tr\/satis\/urun\/metox-500-kaynak-temizleme-makinasi\/\" \/>\n<meta property=\"og:locale\" content=\"tr_TR\" \/>\n<meta property=\"og:type\" content=\"article\" \/>\n<meta property=\"og:title\" content=\"Metox 500 Kaynak Temizleme Makinas\u0131 | Akem Kimya\" \/>\n<meta property=\"og:description\" content=\"kaynak temizleme makinas\u0131 , paslanmaz kaynak temizleme , paslanmaz kaynak temizleme makinas\u0131 , kaynak temizleme , argon kaynak temizleme , paslanmaz , argon kaynak\" \/>\n<meta property=\"og:url\" content=\"https:\/\/www.akemkimya.com.tr\/satis\/urun\/metox-500-kaynak-temizleme-makinasi\/\" \/>\n<meta property=\"og:site_name\" content=\"Akem Kimya\" \/>\n<meta property=\"article:modified_time\" content=\"2025-12-31T08:57:28+00:00\" \/>\n<meta property=\"og:image\" content=\"https:\/\/www.akemkimya.com.tr\/satis\/wp-content\/uploads\/2021\/09\/metox500-scaled-e1630928463386.jpg\" \/>\n\t<meta property=\"og:image:width\" content=\"1500\" \/>\n\t<meta property=\"og:image:height\" content=\"1000\" \/>\n\t<meta property=\"og:image:type\" content=\"image\/jpeg\" \/>\n<meta name=\"twitter:card\" content=\"summary_large_image\" \/>\n<meta name=\"twitter:label1\" content=\"Tahmini okuma s\u00fcresi\" \/>\n\t<meta name=\"twitter:data1\" content=\"1 dakika\" \/>\n<script type=\"application\/ld+json\" class=\"yoast-schema-graph\">{\"@context\":\"https:\\\/\\\/schema.org\",\"@graph\":[{\"@type\":\"WebPage\",\"@id\":\"https:\\\/\\\/www.akemkimya.com.tr\\\/satis\\\/urun\\\/metox-500-kaynak-temizleme-makinasi\\\/\",\"url\":\"https:\\\/\\\/www.akemkimya.com.tr\\\/satis\\\/urun\\\/metox-500-kaynak-temizleme-makinasi\\\/\",\"name\":\"Metox 500 Kaynak Temizleme Makinas\u0131 | Akem Kimya\",\"isPartOf\":{\"@id\":\"https:\\\/\\\/www.akemkimya.com.tr\\\/satis\\\/#website\"},\"primaryImageOfPage\":{\"@id\":\"https:\\\/\\\/www.akemkimya.com.tr\\\/satis\\\/urun\\\/metox-500-kaynak-temizleme-makinasi\\\/#primaryimage\"},\"image\":{\"@id\":\"https:\\\/\\\/www.akemkimya.com.tr\\\/satis\\\/urun\\\/metox-500-kaynak-temizleme-makinasi\\\/#primaryimage\"},\"thumbnailUrl\":\"https:\\\/\\\/www.akemkimya.com.tr\\\/satis\\\/wp-content\\\/uploads\\\/2021\\\/09\\\/metox500-scaled-e1630928463386.jpg\",\"datePublished\":\"2021-09-06T11:43:12+00:00\",\"dateModified\":\"2025-12-31T08:57:28+00:00\",\"description\":\"kaynak temizleme makinas\u0131 , paslanmaz kaynak temizleme , paslanmaz kaynak temizleme makinas\u0131 , kaynak temizleme , argon kaynak temizleme , paslanmaz , argon kaynak\",\"breadcrumb\":{\"@id\":\"https:\\\/\\\/www.akemkimya.com.tr\\\/satis\\\/urun\\\/metox-500-kaynak-temizleme-makinasi\\\/#breadcrumb\"},\"inLanguage\":\"tr\",\"potentialAction\":[{\"@type\":\"ReadAction\",\"target\":[\"https:\\\/\\\/www.akemkimya.com.tr\\\/satis\\\/urun\\\/metox-500-kaynak-temizleme-makinasi\\\/\"]}]},{\"@type\":\"ImageObject\",\"inLanguage\":\"tr\",\"@id\":\"https:\\\/\\\/www.akemkimya.com.tr\\\/satis\\\/urun\\\/metox-500-kaynak-temizleme-makinasi\\\/#primaryimage\",\"url\":\"https:\\\/\\\/www.akemkimya.com.tr\\\/satis\\\/wp-content\\\/uploads\\\/2021\\\/09\\\/metox500-scaled-e1630928463386.jpg\",\"contentUrl\":\"https:\\\/\\\/www.akemkimya.com.tr\\\/satis\\\/wp-content\\\/uploads\\\/2021\\\/09\\\/metox500-scaled-e1630928463386.jpg\",\"width\":1500,\"height\":1000},{\"@type\":\"BreadcrumbList\",\"@id\":\"https:\\\/\\\/www.akemkimya.com.tr\\\/satis\\\/urun\\\/metox-500-kaynak-temizleme-makinasi\\\/#breadcrumb\",\"itemListElement\":[{\"@type\":\"ListItem\",\"position\":1,\"name\":\"Anasayfa\",\"item\":\"https:\\\/\\\/www.akemkimya.com.tr\\\/satis\\\/\"},{\"@type\":\"ListItem\",\"position\":2,\"name\":\"Ma\u011faza\",\"item\":\"https:\\\/\\\/www.akemkimya.com.tr\\\/satis\\\/magaza\\\/\"},{\"@type\":\"ListItem\",\"position\":3,\"name\":\"Metox 500 Kaynak Temizleme Makinas\u0131\"}]},{\"@type\":\"WebSite\",\"@id\":\"https:\\\/\\\/www.akemkimya.com.tr\\\/satis\\\/#website\",\"url\":\"https:\\\/\\\/www.akemkimya.com.tr\\\/satis\\\/\",\"name\":\"Akem Kimya\",\"description\":\"San. ve Tic. Ltd. \u015eti.\",\"publisher\":{\"@id\":\"https:\\\/\\\/www.akemkimya.com.tr\\\/satis\\\/#organization\"},\"potentialAction\":[{\"@type\":\"SearchAction\",\"target\":{\"@type\":\"EntryPoint\",\"urlTemplate\":\"https:\\\/\\\/www.akemkimya.com.tr\\\/satis\\\/?s={search_term_string}\"},\"query-input\":{\"@type\":\"PropertyValueSpecification\",\"valueRequired\":true,\"valueName\":\"search_term_string\"}}],\"inLanguage\":\"tr\"},{\"@type\":\"Organization\",\"@id\":\"https:\\\/\\\/www.akemkimya.com.tr\\\/satis\\\/#organization\",\"name\":\"Akem Kimya\",\"url\":\"https:\\\/\\\/www.akemkimya.com.tr\\\/satis\\\/\",\"logo\":{\"@type\":\"ImageObject\",\"inLanguage\":\"tr\",\"@id\":\"https:\\\/\\\/www.akemkimya.com.tr\\\/satis\\\/#\\\/schema\\\/logo\\\/image\\\/\",\"url\":\"https:\\\/\\\/www.akemkimya.com.tr\\\/satis\\\/wp-content\\\/uploads\\\/2021\\\/09\\\/akemkimya-logo.jpg\",\"contentUrl\":\"https:\\\/\\\/www.akemkimya.com.tr\\\/satis\\\/wp-content\\\/uploads\\\/2021\\\/09\\\/akemkimya-logo.jpg\",\"width\":379,\"height\":105,\"caption\":\"Akem Kimya\"},\"image\":{\"@id\":\"https:\\\/\\\/www.akemkimya.com.tr\\\/satis\\\/#\\\/schema\\\/logo\\\/image\\\/\"}}]}<\/script>\n<!-- \/ Yoast SEO plugin. -->","yoast_head_json":{"title":"Metox 500 Kaynak Temizleme Makinas\u0131 | Akem Kimya","description":"kaynak temizleme makinas\u0131 , paslanmaz kaynak temizleme , paslanmaz kaynak temizleme makinas\u0131 , kaynak temizleme , argon kaynak temizleme , paslanmaz , argon kaynak","robots":{"index":"index","follow":"follow","max-snippet":"max-snippet:-1","max-image-preview":"max-image-preview:large","max-video-preview":"max-video-preview:-1"},"canonical":"https:\/\/www.akemkimya.com.tr\/satis\/urun\/metox-500-kaynak-temizleme-makinasi\/","og_locale":"tr_TR","og_type":"article","og_title":"Metox 500 Kaynak Temizleme Makinas\u0131 | Akem Kimya","og_description":"kaynak temizleme makinas\u0131 , paslanmaz kaynak temizleme , paslanmaz kaynak temizleme makinas\u0131 , kaynak temizleme , argon kaynak temizleme , paslanmaz , argon kaynak","og_url":"https:\/\/www.akemkimya.com.tr\/satis\/urun\/metox-500-kaynak-temizleme-makinasi\/","og_site_name":"Akem Kimya","article_modified_time":"2025-12-31T08:57:28+00:00","og_image":[{"width":1500,"height":1000,"url":"https:\/\/www.akemkimya.com.tr\/satis\/wp-content\/uploads\/2021\/09\/metox500-scaled-e1630928463386.jpg","type":"image\/jpeg"}],"twitter_card":"summary_large_image","twitter_misc":{"Tahmini okuma s\u00fcresi":"1 dakika"},"schema":{"@context":"https:\/\/schema.org","@graph":[{"@type":"WebPage","@id":"https:\/\/www.akemkimya.com.tr\/satis\/urun\/metox-500-kaynak-temizleme-makinasi\/","url":"https:\/\/www.akemkimya.com.tr\/satis\/urun\/metox-500-kaynak-temizleme-makinasi\/","name":"Metox 500 Kaynak Temizleme Makinas\u0131 | Akem Kimya","isPartOf":{"@id":"https:\/\/www.akemkimya.com.tr\/satis\/#website"},"primaryImageOfPage":{"@id":"https:\/\/www.akemkimya.com.tr\/satis\/urun\/metox-500-kaynak-temizleme-makinasi\/#primaryimage"},"image":{"@id":"https:\/\/www.akemkimya.com.tr\/satis\/urun\/metox-500-kaynak-temizleme-makinasi\/#primaryimage"},"thumbnailUrl":"https:\/\/www.akemkimya.com.tr\/satis\/wp-content\/uploads\/2021\/09\/metox500-scaled-e1630928463386.jpg","datePublished":"2021-09-06T11:43:12+00:00","dateModified":"2025-12-31T08:57:28+00:00","description":"kaynak temizleme makinas\u0131 , paslanmaz kaynak temizleme , paslanmaz kaynak temizleme makinas\u0131 , kaynak temizleme , argon kaynak temizleme , paslanmaz , argon kaynak","breadcrumb":{"@id":"https:\/\/www.akemkimya.com.tr\/satis\/urun\/metox-500-kaynak-temizleme-makinasi\/#breadcrumb"},"inLanguage":"tr","potentialAction":[{"@type":"ReadAction","target":["https:\/\/www.akemkimya.com.tr\/satis\/urun\/metox-500-kaynak-temizleme-makinasi\/"]}]},{"@type":"ImageObject","inLanguage":"tr","@id":"https:\/\/www.akemkimya.com.tr\/satis\/urun\/metox-500-kaynak-temizleme-makinasi\/#primaryimage","url":"https:\/\/www.akemkimya.com.tr\/satis\/wp-content\/uploads\/2021\/09\/metox500-scaled-e1630928463386.jpg","contentUrl":"https:\/\/www.akemkimya.com.tr\/satis\/wp-content\/uploads\/2021\/09\/metox500-scaled-e1630928463386.jpg","width":1500,"height":1000},{"@type":"BreadcrumbList","@id":"https:\/\/www.akemkimya.com.tr\/satis\/urun\/metox-500-kaynak-temizleme-makinasi\/#breadcrumb","itemListElement":[{"@type":"ListItem","position":1,"name":"Anasayfa","item":"https:\/\/www.akemkimya.com.tr\/satis\/"},{"@type":"ListItem","position":2,"name":"Ma\u011faza","item":"https:\/\/www.akemkimya.com.tr\/satis\/magaza\/"},{"@type":"ListItem","position":3,"name":"Metox 500 Kaynak Temizleme Makinas\u0131"}]},{"@type":"WebSite","@id":"https:\/\/www.akemkimya.com.tr\/satis\/#website","url":"https:\/\/www.akemkimya.com.tr\/satis\/","name":"Akem Kimya","description":"San. ve Tic. Ltd. \u015eti.","publisher":{"@id":"https:\/\/www.akemkimya.com.tr\/satis\/#organization"},"potentialAction":[{"@type":"SearchAction","target":{"@type":"EntryPoint","urlTemplate":"https:\/\/www.akemkimya.com.tr\/satis\/?s={search_term_string}"},"query-input":{"@type":"PropertyValueSpecification","valueRequired":true,"valueName":"search_term_string"}}],"inLanguage":"tr"},{"@type":"Organization","@id":"https:\/\/www.akemkimya.com.tr\/satis\/#organization","name":"Akem Kimya","url":"https:\/\/www.akemkimya.com.tr\/satis\/","logo":{"@type":"ImageObject","inLanguage":"tr","@id":"https:\/\/www.akemkimya.com.tr\/satis\/#\/schema\/logo\/image\/","url":"https:\/\/www.akemkimya.com.tr\/satis\/wp-content\/uploads\/2021\/09\/akemkimya-logo.jpg","contentUrl":"https:\/\/www.akemkimya.com.tr\/satis\/wp-content\/uploads\/2021\/09\/akemkimya-logo.jpg","width":379,"height":105,"caption":"Akem Kimya"},"image":{"@id":"https:\/\/www.akemkimya.com.tr\/satis\/#\/schema\/logo\/image\/"}}]}},"_links":{"self":[{"href":"https:\/\/www.akemkimya.com.tr\/satis\/wp-json\/wp\/v2\/product\/288","targetHints":{"allow":["GET"]}}],"collection":[{"href":"https:\/\/www.akemkimya.com.tr\/satis\/wp-json\/wp\/v2\/product"}],"about":[{"href":"https:\/\/www.akemkimya.com.tr\/satis\/wp-json\/wp\/v2\/types\/product"}],"replies":[{"embeddable":true,"href":"https:\/\/www.akemkimya.com.tr\/satis\/wp-json\/wp\/v2\/comments?post=288"}],"wp:featuredmedia":[{"embeddable":true,"href":"https:\/\/www.akemkimya.com.tr\/satis\/wp-json\/wp\/v2\/media\/290"}],"wp:attachment":[{"href":"https:\/\/www.akemkimya.com.tr\/satis\/wp-json\/wp\/v2\/media?parent=288"}],"wp:term":[{"taxonomy":"product_brand","embeddable":true,"href":"https:\/\/www.akemkimya.com.tr\/satis\/wp-json\/wp\/v2\/product_brand?post=288"},{"taxonomy":"product_cat","embeddable":true,"href":"https:\/\/www.akemkimya.com.tr\/satis\/wp-json\/wp\/v2\/product_cat?post=288"},{"taxonomy":"product_tag","embeddable":true,"href":"https:\/\/www.akemkimya.com.tr\/satis\/wp-json\/wp\/v2\/product_tag?post=288"}],"curies":[{"name":"wp","href":"https:\/\/api.w.org\/{rel}","templated":true}]}}