{"id":317,"date":"2021-09-06T21:04:45","date_gmt":"2021-09-06T18:04:45","guid":{"rendered":"https:\/\/www.akemkimya.com.tr\/satis\/?post_type=product&#038;p=317"},"modified":"2026-04-15T15:30:29","modified_gmt":"2026-04-15T12:30:29","slug":"metox-kts-501-kaynak-temizleme-solusyonu-5-kg","status":"publish","type":"product","link":"https:\/\/www.akemkimya.com.tr\/satis\/urun\/metox-kts-501-kaynak-temizleme-solusyonu-5-kg\/","title":{"rendered":"METOX KTS 501 kaynak temizleme sol\u00fcsyonu 5 kg"},"content":{"rendered":"<p>Not:\u00dcr\u00fcn Ambalaj\u0131 5 KG\u2019d\u0131r<\/p>\n<p>TIG kayna\u011f\u0131ndan sonra paslanmaz \u00e7elik kaynaklardaki kusurlar\u0131 gidermek i\u00e7in elektrokimyasal kaynak temizleme i\u015flemi s\u0131ras\u0131nda kullan\u0131lan kaynak temizleme sol\u00fcsyonudur.<\/p>\n<p>1 Kg , 5 Kg , 30 Kg ambalaj se\u00e7enekleri mevcuttur.<\/p>\n<p>T\u00fcm makinalar ile uyumludur.<\/p>\n","protected":false},"excerpt":{"rendered":"<p>\u00dcr\u00fcn ambalaj\u0131 5 KG \u2018d\u0131r.<\/p>\n<p>Fiyatlar\u0131m\u0131za %20 kdv Dahildir.<\/p>\n<p>Kargo Al\u0131c\u0131ya Aittir.<\/p>\n","protected":false},"featured_media":384,"comment_status":"open","ping_status":"closed","template":"","meta":[],"product_brand":[],"product_cat":[15],"product_tag":[43,44,45,49],"class_list":{"0":"post-317","1":"product","2":"type-product","3":"status-publish","4":"has-post-thumbnail","6":"product_cat-kaynak-temizleme-makinalari","7":"product_tag-43","8":"product_tag-kts501","9":"product_tag-metoxkts501","10":"product_tag-temizleme-sivisi","12":"first","13":"instock","14":"shipping-taxable","15":"purchasable","16":"product-type-simple"},"yoast_head":"<!-- This site is optimized with the Yoast SEO plugin v27.4 - https:\/\/yoast.com\/product\/yoast-seo-wordpress\/ -->\n<title>METOX KTS 501 kaynak temizleme sol\u00fcsyonu 5 kg | Akem Kimya<\/title>\n<meta name=\"description\" content=\"kaynak temizleme sol\u00fcsyonu , kaynak temizleme s\u0131v\u0131s\u0131 , paslanmaz temizleme s\u0131v\u0131s\u0131 , kaynak temizleme makina sol\u00fcsyonu , kaynak temizleme asiti\" \/>\n<meta name=\"robots\" content=\"index, follow, max-snippet:-1, max-image-preview:large, max-video-preview:-1\" \/>\n<link rel=\"canonical\" href=\"https:\/\/www.akemkimya.com.tr\/satis\/urun\/metox-kts-501-kaynak-temizleme-solusyonu-5-kg\/\" \/>\n<meta property=\"og:locale\" content=\"tr_TR\" \/>\n<meta property=\"og:type\" content=\"article\" \/>\n<meta property=\"og:title\" content=\"METOX KTS 501 kaynak temizleme sol\u00fcsyonu 5 kg | Akem Kimya\" \/>\n<meta property=\"og:description\" content=\"kaynak temizleme sol\u00fcsyonu , kaynak temizleme s\u0131v\u0131s\u0131 , paslanmaz temizleme s\u0131v\u0131s\u0131 , kaynak temizleme makina sol\u00fcsyonu , kaynak temizleme asiti\" \/>\n<meta property=\"og:url\" content=\"https:\/\/www.akemkimya.com.tr\/satis\/urun\/metox-kts-501-kaynak-temizleme-solusyonu-5-kg\/\" \/>\n<meta property=\"og:site_name\" content=\"Akem Kimya\" \/>\n<meta property=\"article:modified_time\" content=\"2026-04-15T12:30:29+00:00\" \/>\n<meta property=\"og:image\" content=\"https:\/\/www.akemkimya.com.tr\/satis\/wp-content\/uploads\/2021\/09\/121.jpg\" \/>\n\t<meta property=\"og:image:width\" content=\"1500\" \/>\n\t<meta property=\"og:image:height\" content=\"1500\" \/>\n\t<meta property=\"og:image:type\" content=\"image\/jpeg\" \/>\n<meta name=\"twitter:card\" content=\"summary_large_image\" \/>\n<meta name=\"twitter:label1\" content=\"Tahmini okuma s\u00fcresi\" \/>\n\t<meta name=\"twitter:data1\" content=\"1 dakika\" \/>\n<script type=\"application\/ld+json\" class=\"yoast-schema-graph\">{\"@context\":\"https:\\\/\\\/schema.org\",\"@graph\":[{\"@type\":\"WebPage\",\"@id\":\"https:\\\/\\\/www.akemkimya.com.tr\\\/satis\\\/urun\\\/metox-kts-501-kaynak-temizleme-solusyonu-5-kg\\\/\",\"url\":\"https:\\\/\\\/www.akemkimya.com.tr\\\/satis\\\/urun\\\/metox-kts-501-kaynak-temizleme-solusyonu-5-kg\\\/\",\"name\":\"METOX KTS 501 kaynak temizleme sol\u00fcsyonu 5 kg | Akem Kimya\",\"isPartOf\":{\"@id\":\"https:\\\/\\\/www.akemkimya.com.tr\\\/satis\\\/#website\"},\"primaryImageOfPage\":{\"@id\":\"https:\\\/\\\/www.akemkimya.com.tr\\\/satis\\\/urun\\\/metox-kts-501-kaynak-temizleme-solusyonu-5-kg\\\/#primaryimage\"},\"image\":{\"@id\":\"https:\\\/\\\/www.akemkimya.com.tr\\\/satis\\\/urun\\\/metox-kts-501-kaynak-temizleme-solusyonu-5-kg\\\/#primaryimage\"},\"thumbnailUrl\":\"https:\\\/\\\/www.akemkimya.com.tr\\\/satis\\\/wp-content\\\/uploads\\\/2021\\\/09\\\/121.jpg\",\"datePublished\":\"2021-09-06T18:04:45+00:00\",\"dateModified\":\"2026-04-15T12:30:29+00:00\",\"description\":\"kaynak temizleme sol\u00fcsyonu , kaynak temizleme s\u0131v\u0131s\u0131 , paslanmaz temizleme s\u0131v\u0131s\u0131 , kaynak temizleme makina sol\u00fcsyonu , kaynak temizleme asiti\",\"breadcrumb\":{\"@id\":\"https:\\\/\\\/www.akemkimya.com.tr\\\/satis\\\/urun\\\/metox-kts-501-kaynak-temizleme-solusyonu-5-kg\\\/#breadcrumb\"},\"inLanguage\":\"tr\",\"potentialAction\":[{\"@type\":\"ReadAction\",\"target\":[\"https:\\\/\\\/www.akemkimya.com.tr\\\/satis\\\/urun\\\/metox-kts-501-kaynak-temizleme-solusyonu-5-kg\\\/\"]}]},{\"@type\":\"ImageObject\",\"inLanguage\":\"tr\",\"@id\":\"https:\\\/\\\/www.akemkimya.com.tr\\\/satis\\\/urun\\\/metox-kts-501-kaynak-temizleme-solusyonu-5-kg\\\/#primaryimage\",\"url\":\"https:\\\/\\\/www.akemkimya.com.tr\\\/satis\\\/wp-content\\\/uploads\\\/2021\\\/09\\\/121.jpg\",\"contentUrl\":\"https:\\\/\\\/www.akemkimya.com.tr\\\/satis\\\/wp-content\\\/uploads\\\/2021\\\/09\\\/121.jpg\",\"width\":1500,\"height\":1500},{\"@type\":\"BreadcrumbList\",\"@id\":\"https:\\\/\\\/www.akemkimya.com.tr\\\/satis\\\/urun\\\/metox-kts-501-kaynak-temizleme-solusyonu-5-kg\\\/#breadcrumb\",\"itemListElement\":[{\"@type\":\"ListItem\",\"position\":1,\"name\":\"Anasayfa\",\"item\":\"https:\\\/\\\/www.akemkimya.com.tr\\\/satis\\\/\"},{\"@type\":\"ListItem\",\"position\":2,\"name\":\"Ma\u011faza\",\"item\":\"https:\\\/\\\/www.akemkimya.com.tr\\\/satis\\\/magaza\\\/\"},{\"@type\":\"ListItem\",\"position\":3,\"name\":\"METOX KTS 501 kaynak temizleme sol\u00fcsyonu 5 kg\"}]},{\"@type\":\"WebSite\",\"@id\":\"https:\\\/\\\/www.akemkimya.com.tr\\\/satis\\\/#website\",\"url\":\"https:\\\/\\\/www.akemkimya.com.tr\\\/satis\\\/\",\"name\":\"Akem Kimya\",\"description\":\"San. ve Tic. Ltd. \u015eti.\",\"publisher\":{\"@id\":\"https:\\\/\\\/www.akemkimya.com.tr\\\/satis\\\/#organization\"},\"potentialAction\":[{\"@type\":\"SearchAction\",\"target\":{\"@type\":\"EntryPoint\",\"urlTemplate\":\"https:\\\/\\\/www.akemkimya.com.tr\\\/satis\\\/?s={search_term_string}\"},\"query-input\":{\"@type\":\"PropertyValueSpecification\",\"valueRequired\":true,\"valueName\":\"search_term_string\"}}],\"inLanguage\":\"tr\"},{\"@type\":\"Organization\",\"@id\":\"https:\\\/\\\/www.akemkimya.com.tr\\\/satis\\\/#organization\",\"name\":\"Akem Kimya\",\"url\":\"https:\\\/\\\/www.akemkimya.com.tr\\\/satis\\\/\",\"logo\":{\"@type\":\"ImageObject\",\"inLanguage\":\"tr\",\"@id\":\"https:\\\/\\\/www.akemkimya.com.tr\\\/satis\\\/#\\\/schema\\\/logo\\\/image\\\/\",\"url\":\"https:\\\/\\\/www.akemkimya.com.tr\\\/satis\\\/wp-content\\\/uploads\\\/2021\\\/09\\\/akemkimya-logo.jpg\",\"contentUrl\":\"https:\\\/\\\/www.akemkimya.com.tr\\\/satis\\\/wp-content\\\/uploads\\\/2021\\\/09\\\/akemkimya-logo.jpg\",\"width\":379,\"height\":105,\"caption\":\"Akem Kimya\"},\"image\":{\"@id\":\"https:\\\/\\\/www.akemkimya.com.tr\\\/satis\\\/#\\\/schema\\\/logo\\\/image\\\/\"}}]}<\/script>\n<!-- \/ Yoast SEO plugin. -->","yoast_head_json":{"title":"METOX KTS 501 kaynak temizleme sol\u00fcsyonu 5 kg | Akem Kimya","description":"kaynak temizleme sol\u00fcsyonu , kaynak temizleme s\u0131v\u0131s\u0131 , paslanmaz temizleme s\u0131v\u0131s\u0131 , kaynak temizleme makina sol\u00fcsyonu , kaynak temizleme asiti","robots":{"index":"index","follow":"follow","max-snippet":"max-snippet:-1","max-image-preview":"max-image-preview:large","max-video-preview":"max-video-preview:-1"},"canonical":"https:\/\/www.akemkimya.com.tr\/satis\/urun\/metox-kts-501-kaynak-temizleme-solusyonu-5-kg\/","og_locale":"tr_TR","og_type":"article","og_title":"METOX KTS 501 kaynak temizleme sol\u00fcsyonu 5 kg | Akem Kimya","og_description":"kaynak temizleme sol\u00fcsyonu , kaynak temizleme s\u0131v\u0131s\u0131 , paslanmaz temizleme s\u0131v\u0131s\u0131 , kaynak temizleme makina sol\u00fcsyonu , kaynak temizleme asiti","og_url":"https:\/\/www.akemkimya.com.tr\/satis\/urun\/metox-kts-501-kaynak-temizleme-solusyonu-5-kg\/","og_site_name":"Akem Kimya","article_modified_time":"2026-04-15T12:30:29+00:00","og_image":[{"width":1500,"height":1500,"url":"https:\/\/www.akemkimya.com.tr\/satis\/wp-content\/uploads\/2021\/09\/121.jpg","type":"image\/jpeg"}],"twitter_card":"summary_large_image","twitter_misc":{"Tahmini okuma s\u00fcresi":"1 dakika"},"schema":{"@context":"https:\/\/schema.org","@graph":[{"@type":"WebPage","@id":"https:\/\/www.akemkimya.com.tr\/satis\/urun\/metox-kts-501-kaynak-temizleme-solusyonu-5-kg\/","url":"https:\/\/www.akemkimya.com.tr\/satis\/urun\/metox-kts-501-kaynak-temizleme-solusyonu-5-kg\/","name":"METOX KTS 501 kaynak temizleme sol\u00fcsyonu 5 kg | Akem Kimya","isPartOf":{"@id":"https:\/\/www.akemkimya.com.tr\/satis\/#website"},"primaryImageOfPage":{"@id":"https:\/\/www.akemkimya.com.tr\/satis\/urun\/metox-kts-501-kaynak-temizleme-solusyonu-5-kg\/#primaryimage"},"image":{"@id":"https:\/\/www.akemkimya.com.tr\/satis\/urun\/metox-kts-501-kaynak-temizleme-solusyonu-5-kg\/#primaryimage"},"thumbnailUrl":"https:\/\/www.akemkimya.com.tr\/satis\/wp-content\/uploads\/2021\/09\/121.jpg","datePublished":"2021-09-06T18:04:45+00:00","dateModified":"2026-04-15T12:30:29+00:00","description":"kaynak temizleme sol\u00fcsyonu , kaynak temizleme s\u0131v\u0131s\u0131 , paslanmaz temizleme s\u0131v\u0131s\u0131 , kaynak temizleme makina sol\u00fcsyonu , kaynak temizleme asiti","breadcrumb":{"@id":"https:\/\/www.akemkimya.com.tr\/satis\/urun\/metox-kts-501-kaynak-temizleme-solusyonu-5-kg\/#breadcrumb"},"inLanguage":"tr","potentialAction":[{"@type":"ReadAction","target":["https:\/\/www.akemkimya.com.tr\/satis\/urun\/metox-kts-501-kaynak-temizleme-solusyonu-5-kg\/"]}]},{"@type":"ImageObject","inLanguage":"tr","@id":"https:\/\/www.akemkimya.com.tr\/satis\/urun\/metox-kts-501-kaynak-temizleme-solusyonu-5-kg\/#primaryimage","url":"https:\/\/www.akemkimya.com.tr\/satis\/wp-content\/uploads\/2021\/09\/121.jpg","contentUrl":"https:\/\/www.akemkimya.com.tr\/satis\/wp-content\/uploads\/2021\/09\/121.jpg","width":1500,"height":1500},{"@type":"BreadcrumbList","@id":"https:\/\/www.akemkimya.com.tr\/satis\/urun\/metox-kts-501-kaynak-temizleme-solusyonu-5-kg\/#breadcrumb","itemListElement":[{"@type":"ListItem","position":1,"name":"Anasayfa","item":"https:\/\/www.akemkimya.com.tr\/satis\/"},{"@type":"ListItem","position":2,"name":"Ma\u011faza","item":"https:\/\/www.akemkimya.com.tr\/satis\/magaza\/"},{"@type":"ListItem","position":3,"name":"METOX KTS 501 kaynak temizleme sol\u00fcsyonu 5 kg"}]},{"@type":"WebSite","@id":"https:\/\/www.akemkimya.com.tr\/satis\/#website","url":"https:\/\/www.akemkimya.com.tr\/satis\/","name":"Akem Kimya","description":"San. ve Tic. Ltd. \u015eti.","publisher":{"@id":"https:\/\/www.akemkimya.com.tr\/satis\/#organization"},"potentialAction":[{"@type":"SearchAction","target":{"@type":"EntryPoint","urlTemplate":"https:\/\/www.akemkimya.com.tr\/satis\/?s={search_term_string}"},"query-input":{"@type":"PropertyValueSpecification","valueRequired":true,"valueName":"search_term_string"}}],"inLanguage":"tr"},{"@type":"Organization","@id":"https:\/\/www.akemkimya.com.tr\/satis\/#organization","name":"Akem Kimya","url":"https:\/\/www.akemkimya.com.tr\/satis\/","logo":{"@type":"ImageObject","inLanguage":"tr","@id":"https:\/\/www.akemkimya.com.tr\/satis\/#\/schema\/logo\/image\/","url":"https:\/\/www.akemkimya.com.tr\/satis\/wp-content\/uploads\/2021\/09\/akemkimya-logo.jpg","contentUrl":"https:\/\/www.akemkimya.com.tr\/satis\/wp-content\/uploads\/2021\/09\/akemkimya-logo.jpg","width":379,"height":105,"caption":"Akem Kimya"},"image":{"@id":"https:\/\/www.akemkimya.com.tr\/satis\/#\/schema\/logo\/image\/"}}]}},"_links":{"self":[{"href":"https:\/\/www.akemkimya.com.tr\/satis\/wp-json\/wp\/v2\/product\/317","targetHints":{"allow":["GET"]}}],"collection":[{"href":"https:\/\/www.akemkimya.com.tr\/satis\/wp-json\/wp\/v2\/product"}],"about":[{"href":"https:\/\/www.akemkimya.com.tr\/satis\/wp-json\/wp\/v2\/types\/product"}],"replies":[{"embeddable":true,"href":"https:\/\/www.akemkimya.com.tr\/satis\/wp-json\/wp\/v2\/comments?post=317"}],"wp:featuredmedia":[{"embeddable":true,"href":"https:\/\/www.akemkimya.com.tr\/satis\/wp-json\/wp\/v2\/media\/384"}],"wp:attachment":[{"href":"https:\/\/www.akemkimya.com.tr\/satis\/wp-json\/wp\/v2\/media?parent=317"}],"wp:term":[{"taxonomy":"product_brand","embeddable":true,"href":"https:\/\/www.akemkimya.com.tr\/satis\/wp-json\/wp\/v2\/product_brand?post=317"},{"taxonomy":"product_cat","embeddable":true,"href":"https:\/\/www.akemkimya.com.tr\/satis\/wp-json\/wp\/v2\/product_cat?post=317"},{"taxonomy":"product_tag","embeddable":true,"href":"https:\/\/www.akemkimya.com.tr\/satis\/wp-json\/wp\/v2\/product_tag?post=317"}],"curies":[{"name":"wp","href":"https:\/\/api.w.org\/{rel}","templated":true}]}}