{"id":333,"date":"2021-09-06T22:11:31","date_gmt":"2021-09-06T19:11:31","guid":{"rendered":"https:\/\/www.akemkimya.com.tr\/satis\/?post_type=product&#038;p=333"},"modified":"2025-11-12T11:32:28","modified_gmt":"2025-11-12T08:32:28","slug":"metox-503-firca-aparati","status":"publish","type":"product","link":"https:\/\/www.akemkimya.com.tr\/satis\/urun\/metox-503-firca-aparati\/","title":{"rendered":"METOX 503 f\u0131r\u00e7a aparat\u0131"},"content":{"rendered":"<p>Art\u0131k f\u0131r\u00e7an\u0131z \u00fczerinde her zamankinden daha fazla kontrole sahipsiniz &#8211; bu benzersiz b\u00fck\u00fcm tasar\u0131m\u0131 ve kayar sistem f\u0131r\u00e7a uzunlu\u011funu tam olarak se\u00e7ebilece\u011finiz anlam\u0131na gelir.<\/p>\n<p>1.5m kablo (10\/25 Jak giri\u015f) dahildir.<\/p>\n<p>T\u00fcm makinalar ile uyumludur.<\/p>\n","protected":false},"excerpt":{"rendered":"<div class=\"woocommerce-product-details__short-description\">\n<div class=\"woocommerce-product-details__short-description\">\n<div class=\"woocommerce-product-details__short-description\">\n<p>Fiyatlar\u0131m\u0131za %20 kdv Dahildir.<\/p>\n<p>Kargo Al\u0131c\u0131ya Aittir.<\/p>\n<\/div>\n<\/div>\n<\/div>\n","protected":false},"featured_media":550,"comment_status":"open","ping_status":"closed","template":"","meta":[],"product_brand":[],"product_cat":[15],"product_tag":[56],"class_list":{"0":"post-333","1":"product","2":"type-product","3":"status-publish","4":"has-post-thumbnail","6":"product_cat-kaynak-temizleme-makinalari","7":"product_tag-56","9":"first","10":"instock","11":"shipping-taxable","12":"purchasable","13":"product-type-simple"},"yoast_head":"<!-- This site is optimized with the Yoast SEO plugin v27.4 - https:\/\/yoast.com\/product\/yoast-seo-wordpress\/ -->\n<title>METOX 503 f\u0131r\u00e7a aparat\u0131 | Akem Kimya<\/title>\n<meta name=\"description\" content=\"kaynak temizleme makinas\u0131 f\u0131r\u00e7a aparat\u0131 , carbon f\u0131r\u00e7a aparat\u0131 , kaynak temizleme makina f\u0131r\u00e7a aparat\u0131\" \/>\n<meta name=\"robots\" content=\"index, follow, max-snippet:-1, max-image-preview:large, max-video-preview:-1\" \/>\n<link rel=\"canonical\" href=\"https:\/\/www.akemkimya.com.tr\/satis\/urun\/metox-503-firca-aparati\/\" \/>\n<meta property=\"og:locale\" content=\"tr_TR\" \/>\n<meta property=\"og:type\" content=\"article\" \/>\n<meta property=\"og:title\" content=\"METOX 503 f\u0131r\u00e7a aparat\u0131 | Akem Kimya\" \/>\n<meta property=\"og:description\" content=\"kaynak temizleme makinas\u0131 f\u0131r\u00e7a aparat\u0131 , carbon f\u0131r\u00e7a aparat\u0131 , kaynak temizleme makina f\u0131r\u00e7a aparat\u0131\" \/>\n<meta property=\"og:url\" content=\"https:\/\/www.akemkimya.com.tr\/satis\/urun\/metox-503-firca-aparati\/\" \/>\n<meta property=\"og:site_name\" content=\"Akem Kimya\" \/>\n<meta property=\"article:modified_time\" content=\"2025-11-12T08:32:28+00:00\" \/>\n<meta property=\"og:image\" content=\"https:\/\/www.akemkimya.com.tr\/satis\/wp-content\/uploads\/2021\/09\/WhatsApp_Image_2022-06-23_at_13.04.08-removebg-preview.png\" \/>\n\t<meta property=\"og:image:width\" content=\"666\" \/>\n\t<meta property=\"og:image:height\" content=\"375\" \/>\n\t<meta property=\"og:image:type\" content=\"image\/png\" \/>\n<meta name=\"twitter:card\" content=\"summary_large_image\" \/>\n<meta name=\"twitter:label1\" content=\"Tahmini okuma s\u00fcresi\" \/>\n\t<meta name=\"twitter:data1\" content=\"1 dakika\" \/>\n<script type=\"application\/ld+json\" class=\"yoast-schema-graph\">{\"@context\":\"https:\\\/\\\/schema.org\",\"@graph\":[{\"@type\":\"WebPage\",\"@id\":\"https:\\\/\\\/www.akemkimya.com.tr\\\/satis\\\/urun\\\/metox-503-firca-aparati\\\/\",\"url\":\"https:\\\/\\\/www.akemkimya.com.tr\\\/satis\\\/urun\\\/metox-503-firca-aparati\\\/\",\"name\":\"METOX 503 f\u0131r\u00e7a aparat\u0131 | Akem Kimya\",\"isPartOf\":{\"@id\":\"https:\\\/\\\/www.akemkimya.com.tr\\\/satis\\\/#website\"},\"primaryImageOfPage\":{\"@id\":\"https:\\\/\\\/www.akemkimya.com.tr\\\/satis\\\/urun\\\/metox-503-firca-aparati\\\/#primaryimage\"},\"image\":{\"@id\":\"https:\\\/\\\/www.akemkimya.com.tr\\\/satis\\\/urun\\\/metox-503-firca-aparati\\\/#primaryimage\"},\"thumbnailUrl\":\"https:\\\/\\\/www.akemkimya.com.tr\\\/satis\\\/wp-content\\\/uploads\\\/2021\\\/09\\\/WhatsApp_Image_2022-06-23_at_13.04.08-removebg-preview.png\",\"datePublished\":\"2021-09-06T19:11:31+00:00\",\"dateModified\":\"2025-11-12T08:32:28+00:00\",\"description\":\"kaynak temizleme makinas\u0131 f\u0131r\u00e7a aparat\u0131 , carbon f\u0131r\u00e7a aparat\u0131 , kaynak temizleme makina f\u0131r\u00e7a aparat\u0131\",\"breadcrumb\":{\"@id\":\"https:\\\/\\\/www.akemkimya.com.tr\\\/satis\\\/urun\\\/metox-503-firca-aparati\\\/#breadcrumb\"},\"inLanguage\":\"tr\",\"potentialAction\":[{\"@type\":\"ReadAction\",\"target\":[\"https:\\\/\\\/www.akemkimya.com.tr\\\/satis\\\/urun\\\/metox-503-firca-aparati\\\/\"]}]},{\"@type\":\"ImageObject\",\"inLanguage\":\"tr\",\"@id\":\"https:\\\/\\\/www.akemkimya.com.tr\\\/satis\\\/urun\\\/metox-503-firca-aparati\\\/#primaryimage\",\"url\":\"https:\\\/\\\/www.akemkimya.com.tr\\\/satis\\\/wp-content\\\/uploads\\\/2021\\\/09\\\/WhatsApp_Image_2022-06-23_at_13.04.08-removebg-preview.png\",\"contentUrl\":\"https:\\\/\\\/www.akemkimya.com.tr\\\/satis\\\/wp-content\\\/uploads\\\/2021\\\/09\\\/WhatsApp_Image_2022-06-23_at_13.04.08-removebg-preview.png\",\"width\":666,\"height\":375},{\"@type\":\"BreadcrumbList\",\"@id\":\"https:\\\/\\\/www.akemkimya.com.tr\\\/satis\\\/urun\\\/metox-503-firca-aparati\\\/#breadcrumb\",\"itemListElement\":[{\"@type\":\"ListItem\",\"position\":1,\"name\":\"Anasayfa\",\"item\":\"https:\\\/\\\/www.akemkimya.com.tr\\\/satis\\\/\"},{\"@type\":\"ListItem\",\"position\":2,\"name\":\"Ma\u011faza\",\"item\":\"https:\\\/\\\/www.akemkimya.com.tr\\\/satis\\\/magaza\\\/\"},{\"@type\":\"ListItem\",\"position\":3,\"name\":\"METOX 503 f\u0131r\u00e7a aparat\u0131\"}]},{\"@type\":\"WebSite\",\"@id\":\"https:\\\/\\\/www.akemkimya.com.tr\\\/satis\\\/#website\",\"url\":\"https:\\\/\\\/www.akemkimya.com.tr\\\/satis\\\/\",\"name\":\"Akem Kimya\",\"description\":\"San. ve Tic. Ltd. \u015eti.\",\"publisher\":{\"@id\":\"https:\\\/\\\/www.akemkimya.com.tr\\\/satis\\\/#organization\"},\"potentialAction\":[{\"@type\":\"SearchAction\",\"target\":{\"@type\":\"EntryPoint\",\"urlTemplate\":\"https:\\\/\\\/www.akemkimya.com.tr\\\/satis\\\/?s={search_term_string}\"},\"query-input\":{\"@type\":\"PropertyValueSpecification\",\"valueRequired\":true,\"valueName\":\"search_term_string\"}}],\"inLanguage\":\"tr\"},{\"@type\":\"Organization\",\"@id\":\"https:\\\/\\\/www.akemkimya.com.tr\\\/satis\\\/#organization\",\"name\":\"Akem Kimya\",\"url\":\"https:\\\/\\\/www.akemkimya.com.tr\\\/satis\\\/\",\"logo\":{\"@type\":\"ImageObject\",\"inLanguage\":\"tr\",\"@id\":\"https:\\\/\\\/www.akemkimya.com.tr\\\/satis\\\/#\\\/schema\\\/logo\\\/image\\\/\",\"url\":\"https:\\\/\\\/www.akemkimya.com.tr\\\/satis\\\/wp-content\\\/uploads\\\/2021\\\/09\\\/akemkimya-logo.jpg\",\"contentUrl\":\"https:\\\/\\\/www.akemkimya.com.tr\\\/satis\\\/wp-content\\\/uploads\\\/2021\\\/09\\\/akemkimya-logo.jpg\",\"width\":379,\"height\":105,\"caption\":\"Akem Kimya\"},\"image\":{\"@id\":\"https:\\\/\\\/www.akemkimya.com.tr\\\/satis\\\/#\\\/schema\\\/logo\\\/image\\\/\"}}]}<\/script>\n<!-- \/ Yoast SEO plugin. -->","yoast_head_json":{"title":"METOX 503 f\u0131r\u00e7a aparat\u0131 | Akem Kimya","description":"kaynak temizleme makinas\u0131 f\u0131r\u00e7a aparat\u0131 , carbon f\u0131r\u00e7a aparat\u0131 , kaynak temizleme makina f\u0131r\u00e7a aparat\u0131","robots":{"index":"index","follow":"follow","max-snippet":"max-snippet:-1","max-image-preview":"max-image-preview:large","max-video-preview":"max-video-preview:-1"},"canonical":"https:\/\/www.akemkimya.com.tr\/satis\/urun\/metox-503-firca-aparati\/","og_locale":"tr_TR","og_type":"article","og_title":"METOX 503 f\u0131r\u00e7a aparat\u0131 | Akem Kimya","og_description":"kaynak temizleme makinas\u0131 f\u0131r\u00e7a aparat\u0131 , carbon f\u0131r\u00e7a aparat\u0131 , kaynak temizleme makina f\u0131r\u00e7a aparat\u0131","og_url":"https:\/\/www.akemkimya.com.tr\/satis\/urun\/metox-503-firca-aparati\/","og_site_name":"Akem Kimya","article_modified_time":"2025-11-12T08:32:28+00:00","og_image":[{"width":666,"height":375,"url":"https:\/\/www.akemkimya.com.tr\/satis\/wp-content\/uploads\/2021\/09\/WhatsApp_Image_2022-06-23_at_13.04.08-removebg-preview.png","type":"image\/png"}],"twitter_card":"summary_large_image","twitter_misc":{"Tahmini okuma s\u00fcresi":"1 dakika"},"schema":{"@context":"https:\/\/schema.org","@graph":[{"@type":"WebPage","@id":"https:\/\/www.akemkimya.com.tr\/satis\/urun\/metox-503-firca-aparati\/","url":"https:\/\/www.akemkimya.com.tr\/satis\/urun\/metox-503-firca-aparati\/","name":"METOX 503 f\u0131r\u00e7a aparat\u0131 | Akem Kimya","isPartOf":{"@id":"https:\/\/www.akemkimya.com.tr\/satis\/#website"},"primaryImageOfPage":{"@id":"https:\/\/www.akemkimya.com.tr\/satis\/urun\/metox-503-firca-aparati\/#primaryimage"},"image":{"@id":"https:\/\/www.akemkimya.com.tr\/satis\/urun\/metox-503-firca-aparati\/#primaryimage"},"thumbnailUrl":"https:\/\/www.akemkimya.com.tr\/satis\/wp-content\/uploads\/2021\/09\/WhatsApp_Image_2022-06-23_at_13.04.08-removebg-preview.png","datePublished":"2021-09-06T19:11:31+00:00","dateModified":"2025-11-12T08:32:28+00:00","description":"kaynak temizleme makinas\u0131 f\u0131r\u00e7a aparat\u0131 , carbon f\u0131r\u00e7a aparat\u0131 , kaynak temizleme makina f\u0131r\u00e7a aparat\u0131","breadcrumb":{"@id":"https:\/\/www.akemkimya.com.tr\/satis\/urun\/metox-503-firca-aparati\/#breadcrumb"},"inLanguage":"tr","potentialAction":[{"@type":"ReadAction","target":["https:\/\/www.akemkimya.com.tr\/satis\/urun\/metox-503-firca-aparati\/"]}]},{"@type":"ImageObject","inLanguage":"tr","@id":"https:\/\/www.akemkimya.com.tr\/satis\/urun\/metox-503-firca-aparati\/#primaryimage","url":"https:\/\/www.akemkimya.com.tr\/satis\/wp-content\/uploads\/2021\/09\/WhatsApp_Image_2022-06-23_at_13.04.08-removebg-preview.png","contentUrl":"https:\/\/www.akemkimya.com.tr\/satis\/wp-content\/uploads\/2021\/09\/WhatsApp_Image_2022-06-23_at_13.04.08-removebg-preview.png","width":666,"height":375},{"@type":"BreadcrumbList","@id":"https:\/\/www.akemkimya.com.tr\/satis\/urun\/metox-503-firca-aparati\/#breadcrumb","itemListElement":[{"@type":"ListItem","position":1,"name":"Anasayfa","item":"https:\/\/www.akemkimya.com.tr\/satis\/"},{"@type":"ListItem","position":2,"name":"Ma\u011faza","item":"https:\/\/www.akemkimya.com.tr\/satis\/magaza\/"},{"@type":"ListItem","position":3,"name":"METOX 503 f\u0131r\u00e7a aparat\u0131"}]},{"@type":"WebSite","@id":"https:\/\/www.akemkimya.com.tr\/satis\/#website","url":"https:\/\/www.akemkimya.com.tr\/satis\/","name":"Akem Kimya","description":"San. ve Tic. Ltd. \u015eti.","publisher":{"@id":"https:\/\/www.akemkimya.com.tr\/satis\/#organization"},"potentialAction":[{"@type":"SearchAction","target":{"@type":"EntryPoint","urlTemplate":"https:\/\/www.akemkimya.com.tr\/satis\/?s={search_term_string}"},"query-input":{"@type":"PropertyValueSpecification","valueRequired":true,"valueName":"search_term_string"}}],"inLanguage":"tr"},{"@type":"Organization","@id":"https:\/\/www.akemkimya.com.tr\/satis\/#organization","name":"Akem Kimya","url":"https:\/\/www.akemkimya.com.tr\/satis\/","logo":{"@type":"ImageObject","inLanguage":"tr","@id":"https:\/\/www.akemkimya.com.tr\/satis\/#\/schema\/logo\/image\/","url":"https:\/\/www.akemkimya.com.tr\/satis\/wp-content\/uploads\/2021\/09\/akemkimya-logo.jpg","contentUrl":"https:\/\/www.akemkimya.com.tr\/satis\/wp-content\/uploads\/2021\/09\/akemkimya-logo.jpg","width":379,"height":105,"caption":"Akem Kimya"},"image":{"@id":"https:\/\/www.akemkimya.com.tr\/satis\/#\/schema\/logo\/image\/"}}]}},"_links":{"self":[{"href":"https:\/\/www.akemkimya.com.tr\/satis\/wp-json\/wp\/v2\/product\/333","targetHints":{"allow":["GET"]}}],"collection":[{"href":"https:\/\/www.akemkimya.com.tr\/satis\/wp-json\/wp\/v2\/product"}],"about":[{"href":"https:\/\/www.akemkimya.com.tr\/satis\/wp-json\/wp\/v2\/types\/product"}],"replies":[{"embeddable":true,"href":"https:\/\/www.akemkimya.com.tr\/satis\/wp-json\/wp\/v2\/comments?post=333"}],"wp:featuredmedia":[{"embeddable":true,"href":"https:\/\/www.akemkimya.com.tr\/satis\/wp-json\/wp\/v2\/media\/550"}],"wp:attachment":[{"href":"https:\/\/www.akemkimya.com.tr\/satis\/wp-json\/wp\/v2\/media?parent=333"}],"wp:term":[{"taxonomy":"product_brand","embeddable":true,"href":"https:\/\/www.akemkimya.com.tr\/satis\/wp-json\/wp\/v2\/product_brand?post=333"},{"taxonomy":"product_cat","embeddable":true,"href":"https:\/\/www.akemkimya.com.tr\/satis\/wp-json\/wp\/v2\/product_cat?post=333"},{"taxonomy":"product_tag","embeddable":true,"href":"https:\/\/www.akemkimya.com.tr\/satis\/wp-json\/wp\/v2\/product_tag?post=333"}],"curies":[{"name":"wp","href":"https:\/\/api.w.org\/{rel}","templated":true}]}}