{"id":347,"date":"2021-09-07T10:01:29","date_gmt":"2021-09-07T07:01:29","guid":{"rendered":"https:\/\/www.akemkimya.com.tr\/satis\/?post_type=product&#038;p=347"},"modified":"2026-04-01T10:29:48","modified_gmt":"2026-04-01T07:29:48","slug":"metox-w-2000","status":"publish","type":"product","link":"https:\/\/www.akemkimya.com.tr\/satis\/urun\/metox-w-2000\/","title":{"rendered":"METOX W-2000 kaynak temizleme jeli"},"content":{"rendered":"<p>Metox W-2000\u00ae, paslanmaz \u00e7elik y\u00fczeylerdeki kaynak yan\u0131klar\u0131n\u0131, \u0131s\u0131l harabiyetinin yol a\u00e7t\u0131\u011f\u0131 lekeleri, kroma zarar veren ve lokal korozyona yol a\u00e7an tabakalar\u0131 temizlemek, metale pasiv ve \u015f\u0131k bir g\u00f6r\u00fcn\u00fcm vermek i\u00e7in kullan\u0131lan pickling pastas\u0131d\u0131r. AISI 304 -316- 321 vet\u00fcrevleri i\u00e7in uygundur.<\/p>\n<p>Uygulamadan sonra temizlenen y\u00fczey bol su ile durulanmaktad\u0131r. (100\u2013150 bar) aras\u0131 uygulama s\u0131ras\u0131nda pickling i\u015flemine yard\u0131mc\u0131 olmak i\u00e7in paslanmaz \u00e7elik u\u00e7lu tel f\u0131r\u00e7a veya skotch kullan\u0131lmas\u0131 tavsiye edilir. Pickling i\u015flemi s\u0131ras\u0131ndaki normal reaksiyon s\u00fcresi 15dak-60dak. aras\u0131 olup, bu s\u00fcre paslanmaz \u00e7eli\u011fin tipine, kirlili\u011fin \u015fekline ve ortam s\u0131cakl\u0131\u011f\u0131na ba\u011fl\u0131d\u0131r.<br \/>\nT\u00fcketim : 150 &#8211; 250 m\/kg<\/p>\n<p>Metox W-2000\u00ae uygun \u015fartlarda sakland\u0131\u011f\u0131 takdirde 1 y\u0131l raf \u00f6mr\u00fcne sahiptir. Y\u00fcksek s\u0131cakl\u0131k ve direk g\u00fcne\u015f \u0131\u015f\u0131\u011f\u0131ndan ka\u00e7\u0131n\u0131lmal\u0131d\u0131r.<br \/>\nKULLANMA TAL\u0130MATI :<br \/>\n\u2022 METOX W 2000\u00ae\u2019i kullanmadan \u00f6nce kar\u0131\u015ft\u0131r\u0131n ve \u00e7alkalay\u0131n.<br \/>\n\u2022 METOX W 2000\u00ae\u2019i f\u0131r\u00e7a ile uygulay\u0131n.<br \/>\n\u2022 15 dakikadan 60 dakikaya kadar b\u0131rak\u0131n ( \u0131s\u0131 ve \u00e7eli\u011fin derecesine g\u00f6re ).<br \/>\n\u2022 \u00c7al\u0131\u015ft\u0131\u011f\u0131n\u0131z b\u00f6lgenin \u0131s\u0131s\u0131 +10 oC\u2019nin \u00fczerinde olmal\u0131d\u0131r.<br \/>\n\u2022 Pasivasyon dan arta kalan k\u0131s\u0131mlar\u0131 y\u00fcksek bas\u0131n\u00e7l\u0131 su jeti ile yada paslanmaz \u00e7elik f\u0131r\u00e7as\u0131yla yok edin ve son olarak suyla temizleyin.<br \/>\n\u2022 At\u0131k su at\u0131lmadan \u00f6nce ar\u0131t\u0131lmal\u0131d\u0131r.<br \/>\nD\u0130KKAT! Uygulama s\u0131ras\u0131nda; koruyucu asit elbisesi giyilmeli, koruyucu maske, g\u00f6zl\u00fck ve eldiven kullan\u0131lmal\u0131d\u0131r.<\/p>\n","protected":false},"excerpt":{"rendered":"<div class=\"woocommerce-product-details__short-description\">\n<div class=\"woocommerce-product-details__short-description\">\n<p>\u00dcr\u00fcn ambalaj\u0131 2 KG \u2018d\u0131r.<\/p>\n<p>Fiyatlar\u0131m\u0131za %20 kdv Dahildir.<\/p>\n<p>Kargo Al\u0131c\u0131ya Aittir.<\/p>\n<\/div>\n<\/div>\n","protected":false},"featured_media":419,"comment_status":"open","ping_status":"closed","template":"","meta":[],"product_brand":[],"product_cat":[18],"product_tag":[62,61],"class_list":{"0":"post-347","1":"product","2":"type-product","3":"status-publish","4":"has-post-thumbnail","6":"product_cat-paslanmaz-temizleme-kimyasallari","7":"product_tag-jel","8":"product_tag-w2000","10":"first","11":"instock","12":"shipping-taxable","13":"purchasable","14":"product-type-simple"},"yoast_head":"<!-- This site is optimized with the Yoast SEO plugin v27.4 - https:\/\/yoast.com\/product\/yoast-seo-wordpress\/ -->\n<title>METOX W-2000 kaynak temizleme jeli | Akem Kimya<\/title>\n<meta name=\"description\" content=\"kaynak temizleme jeli , paslanmaz jel , kaynak pastas\u0131 , kaynak asiti , paslanmaz jel , paslanmaz \u00e7elik jel asit , paslanmaz asit , kaynak jel\" \/>\n<meta name=\"robots\" content=\"index, follow, max-snippet:-1, max-image-preview:large, max-video-preview:-1\" \/>\n<link rel=\"canonical\" href=\"https:\/\/www.akemkimya.com.tr\/satis\/urun\/metox-w-2000\/\" \/>\n<meta property=\"og:locale\" content=\"tr_TR\" \/>\n<meta property=\"og:type\" content=\"article\" \/>\n<meta property=\"og:title\" content=\"METOX W-2000 kaynak temizleme jeli | Akem Kimya\" \/>\n<meta property=\"og:description\" content=\"kaynak temizleme jeli , paslanmaz jel , kaynak pastas\u0131 , kaynak asiti , paslanmaz jel , paslanmaz \u00e7elik jel asit , paslanmaz asit , kaynak jel\" \/>\n<meta property=\"og:url\" content=\"https:\/\/www.akemkimya.com.tr\/satis\/urun\/metox-w-2000\/\" \/>\n<meta property=\"og:site_name\" content=\"Akem Kimya\" \/>\n<meta property=\"article:modified_time\" content=\"2026-04-01T07:29:48+00:00\" \/>\n<meta property=\"og:image\" content=\"https:\/\/www.akemkimya.com.tr\/satis\/wp-content\/uploads\/2021\/09\/4.jpg\" \/>\n\t<meta property=\"og:image:width\" content=\"1500\" \/>\n\t<meta property=\"og:image:height\" content=\"1500\" \/>\n\t<meta property=\"og:image:type\" content=\"image\/jpeg\" \/>\n<meta name=\"twitter:card\" content=\"summary_large_image\" \/>\n<meta name=\"twitter:label1\" content=\"Tahmini okuma s\u00fcresi\" \/>\n\t<meta name=\"twitter:data1\" content=\"2 dakika\" \/>\n<script type=\"application\/ld+json\" class=\"yoast-schema-graph\">{\"@context\":\"https:\\\/\\\/schema.org\",\"@graph\":[{\"@type\":\"WebPage\",\"@id\":\"https:\\\/\\\/www.akemkimya.com.tr\\\/satis\\\/urun\\\/metox-w-2000\\\/\",\"url\":\"https:\\\/\\\/www.akemkimya.com.tr\\\/satis\\\/urun\\\/metox-w-2000\\\/\",\"name\":\"METOX W-2000 kaynak temizleme jeli | Akem Kimya\",\"isPartOf\":{\"@id\":\"https:\\\/\\\/www.akemkimya.com.tr\\\/satis\\\/#website\"},\"primaryImageOfPage\":{\"@id\":\"https:\\\/\\\/www.akemkimya.com.tr\\\/satis\\\/urun\\\/metox-w-2000\\\/#primaryimage\"},\"image\":{\"@id\":\"https:\\\/\\\/www.akemkimya.com.tr\\\/satis\\\/urun\\\/metox-w-2000\\\/#primaryimage\"},\"thumbnailUrl\":\"https:\\\/\\\/www.akemkimya.com.tr\\\/satis\\\/wp-content\\\/uploads\\\/2021\\\/09\\\/4.jpg\",\"datePublished\":\"2021-09-07T07:01:29+00:00\",\"dateModified\":\"2026-04-01T07:29:48+00:00\",\"description\":\"kaynak temizleme jeli , paslanmaz jel , kaynak pastas\u0131 , kaynak asiti , paslanmaz jel , paslanmaz \u00e7elik jel asit , paslanmaz asit , kaynak jel\",\"breadcrumb\":{\"@id\":\"https:\\\/\\\/www.akemkimya.com.tr\\\/satis\\\/urun\\\/metox-w-2000\\\/#breadcrumb\"},\"inLanguage\":\"tr\",\"potentialAction\":[{\"@type\":\"ReadAction\",\"target\":[\"https:\\\/\\\/www.akemkimya.com.tr\\\/satis\\\/urun\\\/metox-w-2000\\\/\"]}]},{\"@type\":\"ImageObject\",\"inLanguage\":\"tr\",\"@id\":\"https:\\\/\\\/www.akemkimya.com.tr\\\/satis\\\/urun\\\/metox-w-2000\\\/#primaryimage\",\"url\":\"https:\\\/\\\/www.akemkimya.com.tr\\\/satis\\\/wp-content\\\/uploads\\\/2021\\\/09\\\/4.jpg\",\"contentUrl\":\"https:\\\/\\\/www.akemkimya.com.tr\\\/satis\\\/wp-content\\\/uploads\\\/2021\\\/09\\\/4.jpg\",\"width\":1500,\"height\":1500,\"caption\":\"w2000\"},{\"@type\":\"BreadcrumbList\",\"@id\":\"https:\\\/\\\/www.akemkimya.com.tr\\\/satis\\\/urun\\\/metox-w-2000\\\/#breadcrumb\",\"itemListElement\":[{\"@type\":\"ListItem\",\"position\":1,\"name\":\"Anasayfa\",\"item\":\"https:\\\/\\\/www.akemkimya.com.tr\\\/satis\\\/\"},{\"@type\":\"ListItem\",\"position\":2,\"name\":\"Ma\u011faza\",\"item\":\"https:\\\/\\\/www.akemkimya.com.tr\\\/satis\\\/magaza\\\/\"},{\"@type\":\"ListItem\",\"position\":3,\"name\":\"METOX W-2000 kaynak temizleme jeli\"}]},{\"@type\":\"WebSite\",\"@id\":\"https:\\\/\\\/www.akemkimya.com.tr\\\/satis\\\/#website\",\"url\":\"https:\\\/\\\/www.akemkimya.com.tr\\\/satis\\\/\",\"name\":\"Akem Kimya\",\"description\":\"San. ve Tic. Ltd. \u015eti.\",\"publisher\":{\"@id\":\"https:\\\/\\\/www.akemkimya.com.tr\\\/satis\\\/#organization\"},\"potentialAction\":[{\"@type\":\"SearchAction\",\"target\":{\"@type\":\"EntryPoint\",\"urlTemplate\":\"https:\\\/\\\/www.akemkimya.com.tr\\\/satis\\\/?s={search_term_string}\"},\"query-input\":{\"@type\":\"PropertyValueSpecification\",\"valueRequired\":true,\"valueName\":\"search_term_string\"}}],\"inLanguage\":\"tr\"},{\"@type\":\"Organization\",\"@id\":\"https:\\\/\\\/www.akemkimya.com.tr\\\/satis\\\/#organization\",\"name\":\"Akem Kimya\",\"url\":\"https:\\\/\\\/www.akemkimya.com.tr\\\/satis\\\/\",\"logo\":{\"@type\":\"ImageObject\",\"inLanguage\":\"tr\",\"@id\":\"https:\\\/\\\/www.akemkimya.com.tr\\\/satis\\\/#\\\/schema\\\/logo\\\/image\\\/\",\"url\":\"https:\\\/\\\/www.akemkimya.com.tr\\\/satis\\\/wp-content\\\/uploads\\\/2021\\\/09\\\/akemkimya-logo.jpg\",\"contentUrl\":\"https:\\\/\\\/www.akemkimya.com.tr\\\/satis\\\/wp-content\\\/uploads\\\/2021\\\/09\\\/akemkimya-logo.jpg\",\"width\":379,\"height\":105,\"caption\":\"Akem Kimya\"},\"image\":{\"@id\":\"https:\\\/\\\/www.akemkimya.com.tr\\\/satis\\\/#\\\/schema\\\/logo\\\/image\\\/\"}}]}<\/script>\n<!-- \/ Yoast SEO plugin. -->","yoast_head_json":{"title":"METOX W-2000 kaynak temizleme jeli | Akem Kimya","description":"kaynak temizleme jeli , paslanmaz jel , kaynak pastas\u0131 , kaynak asiti , paslanmaz jel , paslanmaz \u00e7elik jel asit , paslanmaz asit , kaynak jel","robots":{"index":"index","follow":"follow","max-snippet":"max-snippet:-1","max-image-preview":"max-image-preview:large","max-video-preview":"max-video-preview:-1"},"canonical":"https:\/\/www.akemkimya.com.tr\/satis\/urun\/metox-w-2000\/","og_locale":"tr_TR","og_type":"article","og_title":"METOX W-2000 kaynak temizleme jeli | Akem Kimya","og_description":"kaynak temizleme jeli , paslanmaz jel , kaynak pastas\u0131 , kaynak asiti , paslanmaz jel , paslanmaz \u00e7elik jel asit , paslanmaz asit , kaynak jel","og_url":"https:\/\/www.akemkimya.com.tr\/satis\/urun\/metox-w-2000\/","og_site_name":"Akem Kimya","article_modified_time":"2026-04-01T07:29:48+00:00","og_image":[{"width":1500,"height":1500,"url":"https:\/\/www.akemkimya.com.tr\/satis\/wp-content\/uploads\/2021\/09\/4.jpg","type":"image\/jpeg"}],"twitter_card":"summary_large_image","twitter_misc":{"Tahmini okuma s\u00fcresi":"2 dakika"},"schema":{"@context":"https:\/\/schema.org","@graph":[{"@type":"WebPage","@id":"https:\/\/www.akemkimya.com.tr\/satis\/urun\/metox-w-2000\/","url":"https:\/\/www.akemkimya.com.tr\/satis\/urun\/metox-w-2000\/","name":"METOX W-2000 kaynak temizleme jeli | Akem Kimya","isPartOf":{"@id":"https:\/\/www.akemkimya.com.tr\/satis\/#website"},"primaryImageOfPage":{"@id":"https:\/\/www.akemkimya.com.tr\/satis\/urun\/metox-w-2000\/#primaryimage"},"image":{"@id":"https:\/\/www.akemkimya.com.tr\/satis\/urun\/metox-w-2000\/#primaryimage"},"thumbnailUrl":"https:\/\/www.akemkimya.com.tr\/satis\/wp-content\/uploads\/2021\/09\/4.jpg","datePublished":"2021-09-07T07:01:29+00:00","dateModified":"2026-04-01T07:29:48+00:00","description":"kaynak temizleme jeli , paslanmaz jel , kaynak pastas\u0131 , kaynak asiti , paslanmaz jel , paslanmaz \u00e7elik jel asit , paslanmaz asit , kaynak jel","breadcrumb":{"@id":"https:\/\/www.akemkimya.com.tr\/satis\/urun\/metox-w-2000\/#breadcrumb"},"inLanguage":"tr","potentialAction":[{"@type":"ReadAction","target":["https:\/\/www.akemkimya.com.tr\/satis\/urun\/metox-w-2000\/"]}]},{"@type":"ImageObject","inLanguage":"tr","@id":"https:\/\/www.akemkimya.com.tr\/satis\/urun\/metox-w-2000\/#primaryimage","url":"https:\/\/www.akemkimya.com.tr\/satis\/wp-content\/uploads\/2021\/09\/4.jpg","contentUrl":"https:\/\/www.akemkimya.com.tr\/satis\/wp-content\/uploads\/2021\/09\/4.jpg","width":1500,"height":1500,"caption":"w2000"},{"@type":"BreadcrumbList","@id":"https:\/\/www.akemkimya.com.tr\/satis\/urun\/metox-w-2000\/#breadcrumb","itemListElement":[{"@type":"ListItem","position":1,"name":"Anasayfa","item":"https:\/\/www.akemkimya.com.tr\/satis\/"},{"@type":"ListItem","position":2,"name":"Ma\u011faza","item":"https:\/\/www.akemkimya.com.tr\/satis\/magaza\/"},{"@type":"ListItem","position":3,"name":"METOX W-2000 kaynak temizleme jeli"}]},{"@type":"WebSite","@id":"https:\/\/www.akemkimya.com.tr\/satis\/#website","url":"https:\/\/www.akemkimya.com.tr\/satis\/","name":"Akem Kimya","description":"San. ve Tic. Ltd. \u015eti.","publisher":{"@id":"https:\/\/www.akemkimya.com.tr\/satis\/#organization"},"potentialAction":[{"@type":"SearchAction","target":{"@type":"EntryPoint","urlTemplate":"https:\/\/www.akemkimya.com.tr\/satis\/?s={search_term_string}"},"query-input":{"@type":"PropertyValueSpecification","valueRequired":true,"valueName":"search_term_string"}}],"inLanguage":"tr"},{"@type":"Organization","@id":"https:\/\/www.akemkimya.com.tr\/satis\/#organization","name":"Akem Kimya","url":"https:\/\/www.akemkimya.com.tr\/satis\/","logo":{"@type":"ImageObject","inLanguage":"tr","@id":"https:\/\/www.akemkimya.com.tr\/satis\/#\/schema\/logo\/image\/","url":"https:\/\/www.akemkimya.com.tr\/satis\/wp-content\/uploads\/2021\/09\/akemkimya-logo.jpg","contentUrl":"https:\/\/www.akemkimya.com.tr\/satis\/wp-content\/uploads\/2021\/09\/akemkimya-logo.jpg","width":379,"height":105,"caption":"Akem Kimya"},"image":{"@id":"https:\/\/www.akemkimya.com.tr\/satis\/#\/schema\/logo\/image\/"}}]}},"_links":{"self":[{"href":"https:\/\/www.akemkimya.com.tr\/satis\/wp-json\/wp\/v2\/product\/347","targetHints":{"allow":["GET"]}}],"collection":[{"href":"https:\/\/www.akemkimya.com.tr\/satis\/wp-json\/wp\/v2\/product"}],"about":[{"href":"https:\/\/www.akemkimya.com.tr\/satis\/wp-json\/wp\/v2\/types\/product"}],"replies":[{"embeddable":true,"href":"https:\/\/www.akemkimya.com.tr\/satis\/wp-json\/wp\/v2\/comments?post=347"}],"wp:featuredmedia":[{"embeddable":true,"href":"https:\/\/www.akemkimya.com.tr\/satis\/wp-json\/wp\/v2\/media\/419"}],"wp:attachment":[{"href":"https:\/\/www.akemkimya.com.tr\/satis\/wp-json\/wp\/v2\/media?parent=347"}],"wp:term":[{"taxonomy":"product_brand","embeddable":true,"href":"https:\/\/www.akemkimya.com.tr\/satis\/wp-json\/wp\/v2\/product_brand?post=347"},{"taxonomy":"product_cat","embeddable":true,"href":"https:\/\/www.akemkimya.com.tr\/satis\/wp-json\/wp\/v2\/product_cat?post=347"},{"taxonomy":"product_tag","embeddable":true,"href":"https:\/\/www.akemkimya.com.tr\/satis\/wp-json\/wp\/v2\/product_tag?post=347"}],"curies":[{"name":"wp","href":"https:\/\/api.w.org\/{rel}","templated":true}]}}