{"id":440,"date":"2022-01-17T16:19:53","date_gmt":"2022-01-17T13:19:53","guid":{"rendered":"https:\/\/www.akemkimya.com.tr\/satis\/?post_type=product&#038;p=440"},"modified":"2022-10-03T15:59:47","modified_gmt":"2022-10-03T12:59:47","slug":"kalsiyum-klorur","status":"publish","type":"product","link":"https:\/\/www.akemkimya.com.tr\/satis\/urun\/kalsiyum-klorur\/","title":{"rendered":"Kalsiyum Klor\u00fcr"},"content":{"rendered":"<p><strong>Kimyasal Form\u00fcl : <\/strong>CaCl2<\/p>\n<p><strong>Ambalaj \u015eekli :<\/strong> 25 Kg. \u00c7uvallarda<\/p>\n<p><strong>Tan\u0131m\u0131 ve Kullan\u0131m Alanlar\u0131 :<\/strong><\/p>\n<p>Kalsiyum klor\u00fcr klor\u00fcr ve \u00fcretim, suda \u00e7\u00f6z\u00fcnen aquo kompleksi [Ca (lH 2 O) 6 ] 2+ . Bu yolla, bu sol\u00fcsyonlar &#8220;serbest&#8221; kalsiyum ve serbest klor\u00fcr iyonlar\u0131n\u0131n kaynaklar\u0131d\u0131r. Bu a\u00e7\u0131klama, bu sol\u00fcsyonlar\u0131n kalsiyum fosfata kat\u0131 bir \u00e7\u00f6kelti vermek \u00fczere fosfatkaynaklar\u0131yla reaksiyona girmesi ile g\u00f6sterilmektedir :<\/p>\n<p>3 CaC 2 + 2 PO 3-<br \/>\n4 Ca \u2192 3 (PO 4 ) 2 + 6 Cl &#8211;<\/p>\n<p>Kalsiyum klor\u00fcr, sudaki anhidr\u00f6z tuzun \u00e7\u00f6z\u00fcnmesiyle birlikte \u00f6nemli derecede s\u0131cakl\u0131k art\u0131\u015f\u0131 ile g\u00f6sterilen \u00e7ok y\u00fcksek bir entalpi de\u011fi\u015fimi g\u00f6sterir. Bu m\u00fclkiyet, en b\u00fcy\u00fck \u00f6l\u00e7ekli uygulamas\u0131n\u0131n temelini olu\u015fturmaktad\u0131r.<\/p>\n<p>Erimi\u015f kalsiyum klor\u00fcr, kalsiyum metali ve klor gaz\u0131 vermek \u00fczere elektroliz edilebilir .<\/p>\n<p>CaC 2 , Ca + Cl \u2192 2<\/p>\n<p><strong>Kullan\u0131m Alanlar\u0131<\/strong><\/p>\n<ul>\n<li>Nem \u00e7ekici oldu\u011fu i\u00e7in, in\u015faatlarda toz tutucu olarak.<\/li>\n<li>Plastik sekt\u00f6r\u00fcnde katk\u0131 malzemesi olarak<\/li>\n<li>Yang\u0131n tozlar\u0131nda katk\u0131 malzemesi olarak<\/li>\n<li>Yollardaki buzu eritmede (normal tuz gibi \u00e7evreye zarar vermez)<\/li>\n<li>Beton\/\u00c7imento: \u00d6zellikle so\u011fuk havalarda betonu \u00e7abuk kurutarak, betona dayan\u0131kl\u0131l\u0131k ve g\u00fc\u00e7 sa\u011flar.<\/li>\n<li>Ar\u0131tmada: \u0130\u00e7me suyundaki y\u00fcksek flor d\u00fczeyini d\u00fc\u015f\u00fcrmede. Ayr\u0131ca, petrol rafinerileri, al\u00fcminyum fabrikalar\u0131 gibi sanayi tesislerinde \u00e7\u0131kan at\u0131k suyun ar\u0131t\u0131m\u0131nda.<\/li>\n<li>Petrol Arama\/Sondaj: Yo\u011fun olarak kullan\u0131l\u0131r.<\/li>\n<li>Spor i\u00e7eceklerinde<\/li>\n<li>Konserve yemeklerde (\u00f6zellikle tur\u015fularda)<\/li>\n<li>Baz\u0131 \u00e7ikolata \u00fcr\u00fcnlerinde<\/li>\n<li>S\u00fctte, peynirde (kalsiyum katk\u0131s\u0131 olarak)<\/li>\n<li>Birac\u0131l\u0131kta (enzim olarak)<\/li>\n<li>Dondurmada: Dondurucu olarak<\/li>\n<li>Hayvan Yeminde: S\u00fct s\u0131\u011f\u0131rlar\u0131nda, s\u00fct ate\u015fini d\u00fc\u015f\u00fcrmede ve hastal\u0131k \u00f6nlemede<\/li>\n<li>Bitkilere kalsiyum vermede<\/li>\n<li>Toprakta sodyum seviyesini d\u00fc\u015f\u00fcrmede<\/li>\n<li>Hasat zaman\u0131 meyve ve sebzenin raf \u00f6mr\u00fcn\u00fc uzatmad<\/li>\n<\/ul>\n","protected":false},"excerpt":{"rendered":"<p>Fiyatlar\u0131m\u0131za % 18 KDV dahildir.<\/p>\n<p>Nakliye Al\u0131c\u0131ya Aittir.<\/p>\n<p>1 paket 25 kg Fiyat\u0131d\u0131r.<\/p>\n","protected":false},"featured_media":447,"comment_status":"open","ping_status":"closed","template":"","meta":[],"product_brand":[],"product_cat":[22],"product_tag":[78],"class_list":{"0":"post-440","1":"product","2":"type-product","3":"status-publish","4":"has-post-thumbnail","6":"product_cat-ham-madde-kimyasallar","7":"product_tag-kalsiyum-klorur","9":"first","10":"outofstock","11":"sold-individually","12":"shipping-taxable","13":"product-type-simple"},"yoast_head":"<!-- This site is optimized with the Yoast SEO plugin v27.5 - https:\/\/yoast.com\/product\/yoast-seo-wordpress\/ -->\n<title>Kalsiyum Klor\u00fcr | Akem Kimya<\/title>\n<meta name=\"description\" content=\"kalsiyum , kalsiyum klor\u00fcr , iran kalsiyum , ccpc , calcium chloride , food grade kalsiyum , teknik kalsiyum\" \/>\n<meta name=\"robots\" content=\"index, follow, max-snippet:-1, max-image-preview:large, max-video-preview:-1\" \/>\n<link rel=\"canonical\" href=\"https:\/\/www.akemkimya.com.tr\/satis\/urun\/kalsiyum-klorur\/\" \/>\n<meta property=\"og:locale\" content=\"tr_TR\" \/>\n<meta property=\"og:type\" content=\"article\" \/>\n<meta property=\"og:title\" content=\"Kalsiyum Klor\u00fcr | Akem Kimya\" \/>\n<meta property=\"og:description\" content=\"kalsiyum , kalsiyum klor\u00fcr , iran kalsiyum , ccpc , calcium chloride , food grade kalsiyum , teknik kalsiyum\" \/>\n<meta property=\"og:url\" content=\"https:\/\/www.akemkimya.com.tr\/satis\/urun\/kalsiyum-klorur\/\" \/>\n<meta property=\"og:site_name\" content=\"Akem Kimya\" \/>\n<meta property=\"article:modified_time\" content=\"2022-10-03T12:59:47+00:00\" \/>\n<meta property=\"og:image\" content=\"https:\/\/www.akemkimya.com.tr\/satis\/wp-content\/uploads\/2022\/01\/Untitled-3.jpg\" \/>\n\t<meta property=\"og:image:width\" content=\"1500\" \/>\n\t<meta property=\"og:image:height\" content=\"1500\" \/>\n\t<meta property=\"og:image:type\" content=\"image\/jpeg\" \/>\n<meta name=\"twitter:card\" content=\"summary_large_image\" \/>\n<meta name=\"twitter:label1\" content=\"Tahmini okuma s\u00fcresi\" \/>\n\t<meta name=\"twitter:data1\" content=\"2 dakika\" \/>\n<script type=\"application\/ld+json\" class=\"yoast-schema-graph\">{\"@context\":\"https:\\\/\\\/schema.org\",\"@graph\":[{\"@type\":\"WebPage\",\"@id\":\"https:\\\/\\\/www.akemkimya.com.tr\\\/satis\\\/urun\\\/kalsiyum-klorur\\\/\",\"url\":\"https:\\\/\\\/www.akemkimya.com.tr\\\/satis\\\/urun\\\/kalsiyum-klorur\\\/\",\"name\":\"Kalsiyum Klor\u00fcr | Akem Kimya\",\"isPartOf\":{\"@id\":\"https:\\\/\\\/www.akemkimya.com.tr\\\/satis\\\/#website\"},\"primaryImageOfPage\":{\"@id\":\"https:\\\/\\\/www.akemkimya.com.tr\\\/satis\\\/urun\\\/kalsiyum-klorur\\\/#primaryimage\"},\"image\":{\"@id\":\"https:\\\/\\\/www.akemkimya.com.tr\\\/satis\\\/urun\\\/kalsiyum-klorur\\\/#primaryimage\"},\"thumbnailUrl\":\"https:\\\/\\\/www.akemkimya.com.tr\\\/satis\\\/wp-content\\\/uploads\\\/2022\\\/01\\\/Untitled-3.jpg\",\"datePublished\":\"2022-01-17T13:19:53+00:00\",\"dateModified\":\"2022-10-03T12:59:47+00:00\",\"description\":\"kalsiyum , kalsiyum klor\u00fcr , iran kalsiyum , ccpc , calcium chloride , food grade kalsiyum , teknik kalsiyum\",\"breadcrumb\":{\"@id\":\"https:\\\/\\\/www.akemkimya.com.tr\\\/satis\\\/urun\\\/kalsiyum-klorur\\\/#breadcrumb\"},\"inLanguage\":\"tr\",\"potentialAction\":[{\"@type\":\"ReadAction\",\"target\":[\"https:\\\/\\\/www.akemkimya.com.tr\\\/satis\\\/urun\\\/kalsiyum-klorur\\\/\"]}]},{\"@type\":\"ImageObject\",\"inLanguage\":\"tr\",\"@id\":\"https:\\\/\\\/www.akemkimya.com.tr\\\/satis\\\/urun\\\/kalsiyum-klorur\\\/#primaryimage\",\"url\":\"https:\\\/\\\/www.akemkimya.com.tr\\\/satis\\\/wp-content\\\/uploads\\\/2022\\\/01\\\/Untitled-3.jpg\",\"contentUrl\":\"https:\\\/\\\/www.akemkimya.com.tr\\\/satis\\\/wp-content\\\/uploads\\\/2022\\\/01\\\/Untitled-3.jpg\",\"width\":1500,\"height\":1500},{\"@type\":\"BreadcrumbList\",\"@id\":\"https:\\\/\\\/www.akemkimya.com.tr\\\/satis\\\/urun\\\/kalsiyum-klorur\\\/#breadcrumb\",\"itemListElement\":[{\"@type\":\"ListItem\",\"position\":1,\"name\":\"Anasayfa\",\"item\":\"https:\\\/\\\/www.akemkimya.com.tr\\\/satis\\\/\"},{\"@type\":\"ListItem\",\"position\":2,\"name\":\"Ma\u011faza\",\"item\":\"https:\\\/\\\/www.akemkimya.com.tr\\\/satis\\\/magaza\\\/\"},{\"@type\":\"ListItem\",\"position\":3,\"name\":\"Kalsiyum Klor\u00fcr\"}]},{\"@type\":\"WebSite\",\"@id\":\"https:\\\/\\\/www.akemkimya.com.tr\\\/satis\\\/#website\",\"url\":\"https:\\\/\\\/www.akemkimya.com.tr\\\/satis\\\/\",\"name\":\"Akem Kimya\",\"description\":\"San. ve Tic. Ltd. \u015eti.\",\"publisher\":{\"@id\":\"https:\\\/\\\/www.akemkimya.com.tr\\\/satis\\\/#organization\"},\"potentialAction\":[{\"@type\":\"SearchAction\",\"target\":{\"@type\":\"EntryPoint\",\"urlTemplate\":\"https:\\\/\\\/www.akemkimya.com.tr\\\/satis\\\/?s={search_term_string}\"},\"query-input\":{\"@type\":\"PropertyValueSpecification\",\"valueRequired\":true,\"valueName\":\"search_term_string\"}}],\"inLanguage\":\"tr\"},{\"@type\":\"Organization\",\"@id\":\"https:\\\/\\\/www.akemkimya.com.tr\\\/satis\\\/#organization\",\"name\":\"Akem Kimya\",\"url\":\"https:\\\/\\\/www.akemkimya.com.tr\\\/satis\\\/\",\"logo\":{\"@type\":\"ImageObject\",\"inLanguage\":\"tr\",\"@id\":\"https:\\\/\\\/www.akemkimya.com.tr\\\/satis\\\/#\\\/schema\\\/logo\\\/image\\\/\",\"url\":\"https:\\\/\\\/www.akemkimya.com.tr\\\/satis\\\/wp-content\\\/uploads\\\/2021\\\/09\\\/akemkimya-logo.jpg\",\"contentUrl\":\"https:\\\/\\\/www.akemkimya.com.tr\\\/satis\\\/wp-content\\\/uploads\\\/2021\\\/09\\\/akemkimya-logo.jpg\",\"width\":379,\"height\":105,\"caption\":\"Akem Kimya\"},\"image\":{\"@id\":\"https:\\\/\\\/www.akemkimya.com.tr\\\/satis\\\/#\\\/schema\\\/logo\\\/image\\\/\"}}]}<\/script>\n<!-- \/ Yoast SEO plugin. -->","yoast_head_json":{"title":"Kalsiyum Klor\u00fcr | Akem Kimya","description":"kalsiyum , kalsiyum klor\u00fcr , iran kalsiyum , ccpc , calcium chloride , food grade kalsiyum , teknik kalsiyum","robots":{"index":"index","follow":"follow","max-snippet":"max-snippet:-1","max-image-preview":"max-image-preview:large","max-video-preview":"max-video-preview:-1"},"canonical":"https:\/\/www.akemkimya.com.tr\/satis\/urun\/kalsiyum-klorur\/","og_locale":"tr_TR","og_type":"article","og_title":"Kalsiyum Klor\u00fcr | Akem Kimya","og_description":"kalsiyum , kalsiyum klor\u00fcr , iran kalsiyum , ccpc , calcium chloride , food grade kalsiyum , teknik kalsiyum","og_url":"https:\/\/www.akemkimya.com.tr\/satis\/urun\/kalsiyum-klorur\/","og_site_name":"Akem Kimya","article_modified_time":"2022-10-03T12:59:47+00:00","og_image":[{"width":1500,"height":1500,"url":"https:\/\/www.akemkimya.com.tr\/satis\/wp-content\/uploads\/2022\/01\/Untitled-3.jpg","type":"image\/jpeg"}],"twitter_card":"summary_large_image","twitter_misc":{"Tahmini okuma s\u00fcresi":"2 dakika"},"schema":{"@context":"https:\/\/schema.org","@graph":[{"@type":"WebPage","@id":"https:\/\/www.akemkimya.com.tr\/satis\/urun\/kalsiyum-klorur\/","url":"https:\/\/www.akemkimya.com.tr\/satis\/urun\/kalsiyum-klorur\/","name":"Kalsiyum Klor\u00fcr | Akem Kimya","isPartOf":{"@id":"https:\/\/www.akemkimya.com.tr\/satis\/#website"},"primaryImageOfPage":{"@id":"https:\/\/www.akemkimya.com.tr\/satis\/urun\/kalsiyum-klorur\/#primaryimage"},"image":{"@id":"https:\/\/www.akemkimya.com.tr\/satis\/urun\/kalsiyum-klorur\/#primaryimage"},"thumbnailUrl":"https:\/\/www.akemkimya.com.tr\/satis\/wp-content\/uploads\/2022\/01\/Untitled-3.jpg","datePublished":"2022-01-17T13:19:53+00:00","dateModified":"2022-10-03T12:59:47+00:00","description":"kalsiyum , kalsiyum klor\u00fcr , iran kalsiyum , ccpc , calcium chloride , food grade kalsiyum , teknik kalsiyum","breadcrumb":{"@id":"https:\/\/www.akemkimya.com.tr\/satis\/urun\/kalsiyum-klorur\/#breadcrumb"},"inLanguage":"tr","potentialAction":[{"@type":"ReadAction","target":["https:\/\/www.akemkimya.com.tr\/satis\/urun\/kalsiyum-klorur\/"]}]},{"@type":"ImageObject","inLanguage":"tr","@id":"https:\/\/www.akemkimya.com.tr\/satis\/urun\/kalsiyum-klorur\/#primaryimage","url":"https:\/\/www.akemkimya.com.tr\/satis\/wp-content\/uploads\/2022\/01\/Untitled-3.jpg","contentUrl":"https:\/\/www.akemkimya.com.tr\/satis\/wp-content\/uploads\/2022\/01\/Untitled-3.jpg","width":1500,"height":1500},{"@type":"BreadcrumbList","@id":"https:\/\/www.akemkimya.com.tr\/satis\/urun\/kalsiyum-klorur\/#breadcrumb","itemListElement":[{"@type":"ListItem","position":1,"name":"Anasayfa","item":"https:\/\/www.akemkimya.com.tr\/satis\/"},{"@type":"ListItem","position":2,"name":"Ma\u011faza","item":"https:\/\/www.akemkimya.com.tr\/satis\/magaza\/"},{"@type":"ListItem","position":3,"name":"Kalsiyum Klor\u00fcr"}]},{"@type":"WebSite","@id":"https:\/\/www.akemkimya.com.tr\/satis\/#website","url":"https:\/\/www.akemkimya.com.tr\/satis\/","name":"Akem Kimya","description":"San. ve Tic. Ltd. \u015eti.","publisher":{"@id":"https:\/\/www.akemkimya.com.tr\/satis\/#organization"},"potentialAction":[{"@type":"SearchAction","target":{"@type":"EntryPoint","urlTemplate":"https:\/\/www.akemkimya.com.tr\/satis\/?s={search_term_string}"},"query-input":{"@type":"PropertyValueSpecification","valueRequired":true,"valueName":"search_term_string"}}],"inLanguage":"tr"},{"@type":"Organization","@id":"https:\/\/www.akemkimya.com.tr\/satis\/#organization","name":"Akem Kimya","url":"https:\/\/www.akemkimya.com.tr\/satis\/","logo":{"@type":"ImageObject","inLanguage":"tr","@id":"https:\/\/www.akemkimya.com.tr\/satis\/#\/schema\/logo\/image\/","url":"https:\/\/www.akemkimya.com.tr\/satis\/wp-content\/uploads\/2021\/09\/akemkimya-logo.jpg","contentUrl":"https:\/\/www.akemkimya.com.tr\/satis\/wp-content\/uploads\/2021\/09\/akemkimya-logo.jpg","width":379,"height":105,"caption":"Akem Kimya"},"image":{"@id":"https:\/\/www.akemkimya.com.tr\/satis\/#\/schema\/logo\/image\/"}}]}},"_links":{"self":[{"href":"https:\/\/www.akemkimya.com.tr\/satis\/wp-json\/wp\/v2\/product\/440","targetHints":{"allow":["GET"]}}],"collection":[{"href":"https:\/\/www.akemkimya.com.tr\/satis\/wp-json\/wp\/v2\/product"}],"about":[{"href":"https:\/\/www.akemkimya.com.tr\/satis\/wp-json\/wp\/v2\/types\/product"}],"replies":[{"embeddable":true,"href":"https:\/\/www.akemkimya.com.tr\/satis\/wp-json\/wp\/v2\/comments?post=440"}],"wp:featuredmedia":[{"embeddable":true,"href":"https:\/\/www.akemkimya.com.tr\/satis\/wp-json\/wp\/v2\/media\/447"}],"wp:attachment":[{"href":"https:\/\/www.akemkimya.com.tr\/satis\/wp-json\/wp\/v2\/media?parent=440"}],"wp:term":[{"taxonomy":"product_brand","embeddable":true,"href":"https:\/\/www.akemkimya.com.tr\/satis\/wp-json\/wp\/v2\/product_brand?post=440"},{"taxonomy":"product_cat","embeddable":true,"href":"https:\/\/www.akemkimya.com.tr\/satis\/wp-json\/wp\/v2\/product_cat?post=440"},{"taxonomy":"product_tag","embeddable":true,"href":"https:\/\/www.akemkimya.com.tr\/satis\/wp-json\/wp\/v2\/product_tag?post=440"}],"curies":[{"name":"wp","href":"https:\/\/api.w.org\/{rel}","templated":true}]}}