{"id":463,"date":"2022-02-16T14:20:44","date_gmt":"2022-02-16T11:20:44","guid":{"rendered":"https:\/\/www.akemkimya.com.tr\/satis\/?post_type=product&#038;p=463"},"modified":"2025-12-11T14:45:59","modified_gmt":"2025-12-11T11:45:59","slug":"metox-m-1000-daldirma-asit-banyosu","status":"publish","type":"product","link":"https:\/\/www.akemkimya.com.tr\/satis\/urun\/metox-m-1000-daldirma-asit-banyosu\/","title":{"rendered":"METOX M-1000 dald\u0131rma asit banyosu"},"content":{"rendered":"<p>Metox M-1000\u00aepaslanmaz \u00e7elik y\u00fczeylerdeki kaynak yan\u0131klar\u0131n\u0131, \u0131s\u0131l oksitleri, pas, kesme ve kumlama s\u0131ras\u0131nda olu\u015fan lekeleri, korom tabakas\u0131n\u0131 zay\u0131flatan ve korozyona neden olan partik\u00fclleri temizlemek i\u00e7in kullan\u0131lan pickling banyosudur. Temizlenecek par\u00e7alar; Metox M-1000\u00ae&#8217;in i\u00e7ine dald\u0131r\u0131lmal\u0131 ve pickling reaksiyonu bitinceye kadar bekletilmelidir. \u0130\u015flem bittikten sonra temizlenen y\u00fczey bol su ile durulanmal\u0131d\u0131r. Metox M-1000 ASTM A-380 A.1, BS CP-312 standartlar\u0131na uygundur.<\/p>\n<p>&nbsp;<\/p>\n<p>Metox M-1000\u00ae standart paslanmaz \u00e7elik malzemelerde su ile 1:1 seyreltilerek, AISI 904 L, 245 SMO ve super-duplex (SAF 2507) kalite gibi y\u00fcksek ala\u015f\u0131ml\u0131 \u00e7eliklerde direkt olarak, su ile seyreltilmeden kullan\u0131lmal\u0131d\u0131r. Pickling s\u00fcresi paslanmaz \u00e7eli\u011fin cinsine, kirlili\u011fe, banyo s\u0131cakl\u0131\u011f\u0131na ve banyodaki \u00e7\u00f6zeltinin tazeli\u011fine ba\u011fl\u0131 olarak de\u011fi\u015fir.<\/p>\n<ul>\n<li>\u2022D\u0130KKAT! Uygulama s\u0131ras\u0131nda; koruyucu asit elbisesi giyilmeli, koruyucu maske, g\u00f6zl\u00fck ve eldiven kullan\u0131lmal\u0131d\u0131r.<\/li>\n<\/ul>\n","protected":false},"excerpt":{"rendered":"<div class=\"woocommerce-product-details__short-description\">\n<div class=\"woocommerce-product-details__short-description\">\n<p>\u00dcr\u00fcn ambalaj\u0131 60 KG \u2018d\u0131r.<\/p>\n<p>Fiyatlar\u0131m\u0131za %20 kdv Dahildir.<\/p>\n<p>Kargo Al\u0131c\u0131ya Aittir.<\/p>\n<\/div>\n<\/div>\n","protected":false},"featured_media":464,"comment_status":"open","ping_status":"closed","template":"","meta":[],"product_brand":[],"product_cat":[18],"product_tag":[64,63,65],"class_list":{"0":"post-463","1":"product","2":"type-product","3":"status-publish","4":"has-post-thumbnail","6":"product_cat-paslanmaz-temizleme-kimyasallari","7":"product_tag-64","8":"product_tag-dgr02","9":"product_tag-pasivasyon","11":"first","12":"outofstock","13":"sold-individually","14":"shipping-taxable","15":"purchasable","16":"product-type-simple"},"yoast_head":"<!-- This site is optimized with the Yoast SEO plugin v27.4 - https:\/\/yoast.com\/product\/yoast-seo-wordpress\/ -->\n<title>METOX M-1000 dald\u0131rma asit banyosu | Akem Kimya<\/title>\n<meta name=\"description\" content=\"paslanmaz asit banyosu , asit banyosu , paslanmaz dald\u0131rma , dald\u0131rma asiti , asit dald\u0131rma s\u0131v\u0131s\u0131 , p\u0131ckl\u0131ng banyosu\" \/>\n<meta name=\"robots\" content=\"index, follow, max-snippet:-1, max-image-preview:large, max-video-preview:-1\" \/>\n<link rel=\"canonical\" href=\"https:\/\/www.akemkimya.com.tr\/satis\/urun\/metox-m-1000-daldirma-asit-banyosu\/\" \/>\n<meta property=\"og:locale\" content=\"tr_TR\" \/>\n<meta property=\"og:type\" content=\"article\" \/>\n<meta property=\"og:title\" content=\"METOX M-1000 dald\u0131rma asit banyosu | Akem Kimya\" \/>\n<meta property=\"og:description\" content=\"paslanmaz asit banyosu , asit banyosu , paslanmaz dald\u0131rma , dald\u0131rma asiti , asit dald\u0131rma s\u0131v\u0131s\u0131 , p\u0131ckl\u0131ng banyosu\" \/>\n<meta property=\"og:url\" content=\"https:\/\/www.akemkimya.com.tr\/satis\/urun\/metox-m-1000-daldirma-asit-banyosu\/\" \/>\n<meta property=\"og:site_name\" content=\"Akem Kimya\" \/>\n<meta property=\"article:modified_time\" content=\"2025-12-11T11:45:59+00:00\" \/>\n<meta property=\"og:image\" content=\"https:\/\/www.akemkimya.com.tr\/satis\/wp-content\/uploads\/2022\/02\/3.jpg\" \/>\n\t<meta property=\"og:image:width\" content=\"1500\" \/>\n\t<meta property=\"og:image:height\" content=\"1500\" \/>\n\t<meta property=\"og:image:type\" content=\"image\/jpeg\" \/>\n<meta name=\"twitter:card\" content=\"summary_large_image\" \/>\n<meta name=\"twitter:label1\" content=\"Tahmini okuma s\u00fcresi\" \/>\n\t<meta name=\"twitter:data1\" content=\"1 dakika\" \/>\n<script type=\"application\/ld+json\" class=\"yoast-schema-graph\">{\"@context\":\"https:\\\/\\\/schema.org\",\"@graph\":[{\"@type\":\"WebPage\",\"@id\":\"https:\\\/\\\/www.akemkimya.com.tr\\\/satis\\\/urun\\\/metox-m-1000-daldirma-asit-banyosu\\\/\",\"url\":\"https:\\\/\\\/www.akemkimya.com.tr\\\/satis\\\/urun\\\/metox-m-1000-daldirma-asit-banyosu\\\/\",\"name\":\"METOX M-1000 dald\u0131rma asit banyosu | Akem Kimya\",\"isPartOf\":{\"@id\":\"https:\\\/\\\/www.akemkimya.com.tr\\\/satis\\\/#website\"},\"primaryImageOfPage\":{\"@id\":\"https:\\\/\\\/www.akemkimya.com.tr\\\/satis\\\/urun\\\/metox-m-1000-daldirma-asit-banyosu\\\/#primaryimage\"},\"image\":{\"@id\":\"https:\\\/\\\/www.akemkimya.com.tr\\\/satis\\\/urun\\\/metox-m-1000-daldirma-asit-banyosu\\\/#primaryimage\"},\"thumbnailUrl\":\"https:\\\/\\\/www.akemkimya.com.tr\\\/satis\\\/wp-content\\\/uploads\\\/2022\\\/02\\\/3.jpg\",\"datePublished\":\"2022-02-16T11:20:44+00:00\",\"dateModified\":\"2025-12-11T11:45:59+00:00\",\"description\":\"paslanmaz asit banyosu , asit banyosu , paslanmaz dald\u0131rma , dald\u0131rma asiti , asit dald\u0131rma s\u0131v\u0131s\u0131 , p\u0131ckl\u0131ng banyosu\",\"breadcrumb\":{\"@id\":\"https:\\\/\\\/www.akemkimya.com.tr\\\/satis\\\/urun\\\/metox-m-1000-daldirma-asit-banyosu\\\/#breadcrumb\"},\"inLanguage\":\"tr\",\"potentialAction\":[{\"@type\":\"ReadAction\",\"target\":[\"https:\\\/\\\/www.akemkimya.com.tr\\\/satis\\\/urun\\\/metox-m-1000-daldirma-asit-banyosu\\\/\"]}]},{\"@type\":\"ImageObject\",\"inLanguage\":\"tr\",\"@id\":\"https:\\\/\\\/www.akemkimya.com.tr\\\/satis\\\/urun\\\/metox-m-1000-daldirma-asit-banyosu\\\/#primaryimage\",\"url\":\"https:\\\/\\\/www.akemkimya.com.tr\\\/satis\\\/wp-content\\\/uploads\\\/2022\\\/02\\\/3.jpg\",\"contentUrl\":\"https:\\\/\\\/www.akemkimya.com.tr\\\/satis\\\/wp-content\\\/uploads\\\/2022\\\/02\\\/3.jpg\",\"width\":1500,\"height\":1500},{\"@type\":\"BreadcrumbList\",\"@id\":\"https:\\\/\\\/www.akemkimya.com.tr\\\/satis\\\/urun\\\/metox-m-1000-daldirma-asit-banyosu\\\/#breadcrumb\",\"itemListElement\":[{\"@type\":\"ListItem\",\"position\":1,\"name\":\"Anasayfa\",\"item\":\"https:\\\/\\\/www.akemkimya.com.tr\\\/satis\\\/\"},{\"@type\":\"ListItem\",\"position\":2,\"name\":\"Ma\u011faza\",\"item\":\"https:\\\/\\\/www.akemkimya.com.tr\\\/satis\\\/magaza\\\/\"},{\"@type\":\"ListItem\",\"position\":3,\"name\":\"METOX M-1000 dald\u0131rma asit banyosu\"}]},{\"@type\":\"WebSite\",\"@id\":\"https:\\\/\\\/www.akemkimya.com.tr\\\/satis\\\/#website\",\"url\":\"https:\\\/\\\/www.akemkimya.com.tr\\\/satis\\\/\",\"name\":\"Akem Kimya\",\"description\":\"San. ve Tic. Ltd. \u015eti.\",\"publisher\":{\"@id\":\"https:\\\/\\\/www.akemkimya.com.tr\\\/satis\\\/#organization\"},\"potentialAction\":[{\"@type\":\"SearchAction\",\"target\":{\"@type\":\"EntryPoint\",\"urlTemplate\":\"https:\\\/\\\/www.akemkimya.com.tr\\\/satis\\\/?s={search_term_string}\"},\"query-input\":{\"@type\":\"PropertyValueSpecification\",\"valueRequired\":true,\"valueName\":\"search_term_string\"}}],\"inLanguage\":\"tr\"},{\"@type\":\"Organization\",\"@id\":\"https:\\\/\\\/www.akemkimya.com.tr\\\/satis\\\/#organization\",\"name\":\"Akem Kimya\",\"url\":\"https:\\\/\\\/www.akemkimya.com.tr\\\/satis\\\/\",\"logo\":{\"@type\":\"ImageObject\",\"inLanguage\":\"tr\",\"@id\":\"https:\\\/\\\/www.akemkimya.com.tr\\\/satis\\\/#\\\/schema\\\/logo\\\/image\\\/\",\"url\":\"https:\\\/\\\/www.akemkimya.com.tr\\\/satis\\\/wp-content\\\/uploads\\\/2021\\\/09\\\/akemkimya-logo.jpg\",\"contentUrl\":\"https:\\\/\\\/www.akemkimya.com.tr\\\/satis\\\/wp-content\\\/uploads\\\/2021\\\/09\\\/akemkimya-logo.jpg\",\"width\":379,\"height\":105,\"caption\":\"Akem Kimya\"},\"image\":{\"@id\":\"https:\\\/\\\/www.akemkimya.com.tr\\\/satis\\\/#\\\/schema\\\/logo\\\/image\\\/\"}}]}<\/script>\n<!-- \/ Yoast SEO plugin. -->","yoast_head_json":{"title":"METOX M-1000 dald\u0131rma asit banyosu | Akem Kimya","description":"paslanmaz asit banyosu , asit banyosu , paslanmaz dald\u0131rma , dald\u0131rma asiti , asit dald\u0131rma s\u0131v\u0131s\u0131 , p\u0131ckl\u0131ng banyosu","robots":{"index":"index","follow":"follow","max-snippet":"max-snippet:-1","max-image-preview":"max-image-preview:large","max-video-preview":"max-video-preview:-1"},"canonical":"https:\/\/www.akemkimya.com.tr\/satis\/urun\/metox-m-1000-daldirma-asit-banyosu\/","og_locale":"tr_TR","og_type":"article","og_title":"METOX M-1000 dald\u0131rma asit banyosu | Akem Kimya","og_description":"paslanmaz asit banyosu , asit banyosu , paslanmaz dald\u0131rma , dald\u0131rma asiti , asit dald\u0131rma s\u0131v\u0131s\u0131 , p\u0131ckl\u0131ng banyosu","og_url":"https:\/\/www.akemkimya.com.tr\/satis\/urun\/metox-m-1000-daldirma-asit-banyosu\/","og_site_name":"Akem Kimya","article_modified_time":"2025-12-11T11:45:59+00:00","og_image":[{"width":1500,"height":1500,"url":"https:\/\/www.akemkimya.com.tr\/satis\/wp-content\/uploads\/2022\/02\/3.jpg","type":"image\/jpeg"}],"twitter_card":"summary_large_image","twitter_misc":{"Tahmini okuma s\u00fcresi":"1 dakika"},"schema":{"@context":"https:\/\/schema.org","@graph":[{"@type":"WebPage","@id":"https:\/\/www.akemkimya.com.tr\/satis\/urun\/metox-m-1000-daldirma-asit-banyosu\/","url":"https:\/\/www.akemkimya.com.tr\/satis\/urun\/metox-m-1000-daldirma-asit-banyosu\/","name":"METOX M-1000 dald\u0131rma asit banyosu | Akem Kimya","isPartOf":{"@id":"https:\/\/www.akemkimya.com.tr\/satis\/#website"},"primaryImageOfPage":{"@id":"https:\/\/www.akemkimya.com.tr\/satis\/urun\/metox-m-1000-daldirma-asit-banyosu\/#primaryimage"},"image":{"@id":"https:\/\/www.akemkimya.com.tr\/satis\/urun\/metox-m-1000-daldirma-asit-banyosu\/#primaryimage"},"thumbnailUrl":"https:\/\/www.akemkimya.com.tr\/satis\/wp-content\/uploads\/2022\/02\/3.jpg","datePublished":"2022-02-16T11:20:44+00:00","dateModified":"2025-12-11T11:45:59+00:00","description":"paslanmaz asit banyosu , asit banyosu , paslanmaz dald\u0131rma , dald\u0131rma asiti , asit dald\u0131rma s\u0131v\u0131s\u0131 , p\u0131ckl\u0131ng banyosu","breadcrumb":{"@id":"https:\/\/www.akemkimya.com.tr\/satis\/urun\/metox-m-1000-daldirma-asit-banyosu\/#breadcrumb"},"inLanguage":"tr","potentialAction":[{"@type":"ReadAction","target":["https:\/\/www.akemkimya.com.tr\/satis\/urun\/metox-m-1000-daldirma-asit-banyosu\/"]}]},{"@type":"ImageObject","inLanguage":"tr","@id":"https:\/\/www.akemkimya.com.tr\/satis\/urun\/metox-m-1000-daldirma-asit-banyosu\/#primaryimage","url":"https:\/\/www.akemkimya.com.tr\/satis\/wp-content\/uploads\/2022\/02\/3.jpg","contentUrl":"https:\/\/www.akemkimya.com.tr\/satis\/wp-content\/uploads\/2022\/02\/3.jpg","width":1500,"height":1500},{"@type":"BreadcrumbList","@id":"https:\/\/www.akemkimya.com.tr\/satis\/urun\/metox-m-1000-daldirma-asit-banyosu\/#breadcrumb","itemListElement":[{"@type":"ListItem","position":1,"name":"Anasayfa","item":"https:\/\/www.akemkimya.com.tr\/satis\/"},{"@type":"ListItem","position":2,"name":"Ma\u011faza","item":"https:\/\/www.akemkimya.com.tr\/satis\/magaza\/"},{"@type":"ListItem","position":3,"name":"METOX M-1000 dald\u0131rma asit banyosu"}]},{"@type":"WebSite","@id":"https:\/\/www.akemkimya.com.tr\/satis\/#website","url":"https:\/\/www.akemkimya.com.tr\/satis\/","name":"Akem Kimya","description":"San. ve Tic. Ltd. \u015eti.","publisher":{"@id":"https:\/\/www.akemkimya.com.tr\/satis\/#organization"},"potentialAction":[{"@type":"SearchAction","target":{"@type":"EntryPoint","urlTemplate":"https:\/\/www.akemkimya.com.tr\/satis\/?s={search_term_string}"},"query-input":{"@type":"PropertyValueSpecification","valueRequired":true,"valueName":"search_term_string"}}],"inLanguage":"tr"},{"@type":"Organization","@id":"https:\/\/www.akemkimya.com.tr\/satis\/#organization","name":"Akem Kimya","url":"https:\/\/www.akemkimya.com.tr\/satis\/","logo":{"@type":"ImageObject","inLanguage":"tr","@id":"https:\/\/www.akemkimya.com.tr\/satis\/#\/schema\/logo\/image\/","url":"https:\/\/www.akemkimya.com.tr\/satis\/wp-content\/uploads\/2021\/09\/akemkimya-logo.jpg","contentUrl":"https:\/\/www.akemkimya.com.tr\/satis\/wp-content\/uploads\/2021\/09\/akemkimya-logo.jpg","width":379,"height":105,"caption":"Akem Kimya"},"image":{"@id":"https:\/\/www.akemkimya.com.tr\/satis\/#\/schema\/logo\/image\/"}}]}},"_links":{"self":[{"href":"https:\/\/www.akemkimya.com.tr\/satis\/wp-json\/wp\/v2\/product\/463","targetHints":{"allow":["GET"]}}],"collection":[{"href":"https:\/\/www.akemkimya.com.tr\/satis\/wp-json\/wp\/v2\/product"}],"about":[{"href":"https:\/\/www.akemkimya.com.tr\/satis\/wp-json\/wp\/v2\/types\/product"}],"replies":[{"embeddable":true,"href":"https:\/\/www.akemkimya.com.tr\/satis\/wp-json\/wp\/v2\/comments?post=463"}],"wp:featuredmedia":[{"embeddable":true,"href":"https:\/\/www.akemkimya.com.tr\/satis\/wp-json\/wp\/v2\/media\/464"}],"wp:attachment":[{"href":"https:\/\/www.akemkimya.com.tr\/satis\/wp-json\/wp\/v2\/media?parent=463"}],"wp:term":[{"taxonomy":"product_brand","embeddable":true,"href":"https:\/\/www.akemkimya.com.tr\/satis\/wp-json\/wp\/v2\/product_brand?post=463"},{"taxonomy":"product_cat","embeddable":true,"href":"https:\/\/www.akemkimya.com.tr\/satis\/wp-json\/wp\/v2\/product_cat?post=463"},{"taxonomy":"product_tag","embeddable":true,"href":"https:\/\/www.akemkimya.com.tr\/satis\/wp-json\/wp\/v2\/product_tag?post=463"}],"curies":[{"name":"wp","href":"https:\/\/api.w.org\/{rel}","templated":true}]}}