{"id":492,"date":"2022-04-05T14:01:20","date_gmt":"2022-04-05T11:01:20","guid":{"rendered":"https:\/\/www.akemkimya.com.tr\/satis\/?post_type=product&#038;p=492"},"modified":"2025-11-12T11:34:25","modified_gmt":"2025-11-12T08:34:25","slug":"metox-solar-clean","status":"publish","type":"product","link":"https:\/\/www.akemkimya.com.tr\/satis\/urun\/metox-solar-clean\/","title":{"rendered":"Metox Solar Clean"},"content":{"rendered":"<p>Metox Solar Clean \u00e7\u00f6zeltisini olu\u015fturmak i\u00e7in su ile seyreltilmesi gereken konsantre bir \u00fcr\u00fcnd\u00fcr.<\/p>\n<p>Metox Solar Clean, fotovoltaik g\u00fcne\u015f panellerini y\u0131kamak i\u00e7in kullan\u0131l\u0131r ve h\u0131zl\u0131 hareketi, her t\u00fcrl\u00fc kiri temizlemeyi kolayla\u015ft\u0131r\u0131r. Verimli y\u0131kamadan sonra g\u00fcne\u015f paneli \u00fczerinde kirin bu kadar kolay yap\u0131\u015fmas\u0131na izin vermeyecek bir y\u00fczey korumas\u0131 b\u0131rakarak g\u00fcne\u015f panelini \u00e7izilmelere kar\u015f\u0131 korur ve kirlenme nedeniyle g\u00fcne\u015f paneli g\u00fc\u00e7 \u00e7\u0131k\u0131\u015f\u0131n\u0131n h\u0131zla azalmas\u0131n\u0131 engeller.<\/p>\n<p>1\/3 ile 1\/5 oranlar\u0131 aras\u0131nda su ile seyreltme.<\/p>\n<p>Bu \u00fcr\u00fcn, g\u00fcne\u015f panellerin y\u0131kanmas\u0131nda kullan\u0131lmak ve bak\u0131m\u0131n\u0131 kolayla\u015ft\u0131rmak i\u00e7in geli\u015ftirilmi\u015ftir.<\/p>\n<p>Konsantre G\u00fcne\u015f Enerjisi sistemlerinin (CSP) aynalar\u0131n\u0131 veya lenslerini temizlemek i\u00e7in de kullan\u0131labilir.<\/p>\n<ol>\n<li>Metox Solar Clean , seyreltin (yukar\u0131daki seyreltme oran\u0131na bak\u0131n);<\/li>\n<li>Seyreltmeden sonra, panellerin y\u00fczeyine \u00f6nerilen miktarda Metox Solar Clean sol\u00fcsyonu p\u00fcsk\u00fcrt\u00fcn veya uygulay\u0131n (veya mevcut temizleme y\u00f6ntemini \/ ekipman\u0131n\u0131 kullan\u0131n);<\/li>\n<li>Panellerin t\u00fcm y\u00fczeyini \u00e7ok yumu\u015fak bir f\u0131r\u00e7a ile f\u0131r\u00e7alay\u0131n; T\u00fcm kirin temizlendi\u011finden emin olun;<\/li>\n<li>Kalan kirlerin daha kolay ve tam olarak temizlenmesi i\u00e7in paneli az miktarda suyla durulay\u0131n.<\/li>\n<li>Kendi kendine kurumas\u0131n\u0131 bekleyin;<\/li>\n<li>Sert kirlenme devam ederse 2-5. Ad\u0131mlar\u0131 tekrarlay\u0131n..<\/li>\n<\/ol>\n","protected":false},"excerpt":{"rendered":"<p>Fiyatlar\u0131m\u0131za %20 kdv Dahildir.<\/p>\n<p>Ambalaj 30 KG Bidon<\/p>\n<p>Kargo al\u0131c\u0131ya aittir.<\/p>\n","protected":false},"featured_media":493,"comment_status":"open","ping_status":"closed","template":"","meta":[],"product_brand":[],"product_cat":[21],"product_tag":[81,82],"class_list":{"0":"post-492","1":"product","2":"type-product","3":"status-publish","4":"has-post-thumbnail","6":"product_cat-ges-panel-temizleme-solusyonlari","7":"product_tag-ges-panel","8":"product_tag-gunes-paneli","10":"first","11":"instock","12":"shipping-taxable","13":"purchasable","14":"product-type-simple"},"yoast_head":"<!-- This site is optimized with the Yoast SEO plugin v27.5 - https:\/\/yoast.com\/product\/yoast-seo-wordpress\/ -->\n<title>Metox Solar Clean | Akem Kimya<\/title>\n<meta name=\"robots\" content=\"index, follow, max-snippet:-1, max-image-preview:large, max-video-preview:-1\" \/>\n<link rel=\"canonical\" href=\"https:\/\/www.akemkimya.com.tr\/satis\/urun\/metox-solar-clean\/\" \/>\n<meta property=\"og:locale\" content=\"tr_TR\" \/>\n<meta property=\"og:type\" content=\"article\" \/>\n<meta property=\"og:title\" content=\"Metox Solar Clean | Akem Kimya\" \/>\n<meta property=\"og:description\" content=\"Fiyatlar\u0131m\u0131za %20 kdv Dahildir.  Ambalaj 30 KG Bidon  Kargo al\u0131c\u0131ya aittir.\" \/>\n<meta property=\"og:url\" content=\"https:\/\/www.akemkimya.com.tr\/satis\/urun\/metox-solar-clean\/\" \/>\n<meta property=\"og:site_name\" content=\"Akem Kimya\" \/>\n<meta property=\"article:modified_time\" content=\"2025-11-12T08:34:25+00:00\" \/>\n<meta property=\"og:image\" content=\"https:\/\/www.akemkimya.com.tr\/satis\/wp-content\/uploads\/2022\/04\/Yeni-Zengin-Metin-Belgesi_page-0001.jpg\" \/>\n\t<meta property=\"og:image:width\" content=\"1275\" \/>\n\t<meta property=\"og:image:height\" content=\"1650\" \/>\n\t<meta property=\"og:image:type\" content=\"image\/jpeg\" \/>\n<meta name=\"twitter:card\" content=\"summary_large_image\" \/>\n<meta name=\"twitter:label1\" content=\"Tahmini okuma s\u00fcresi\" \/>\n\t<meta name=\"twitter:data1\" content=\"2 dakika\" \/>\n<script type=\"application\/ld+json\" class=\"yoast-schema-graph\">{\"@context\":\"https:\\\/\\\/schema.org\",\"@graph\":[{\"@type\":\"WebPage\",\"@id\":\"https:\\\/\\\/www.akemkimya.com.tr\\\/satis\\\/urun\\\/metox-solar-clean\\\/\",\"url\":\"https:\\\/\\\/www.akemkimya.com.tr\\\/satis\\\/urun\\\/metox-solar-clean\\\/\",\"name\":\"Metox Solar Clean | Akem Kimya\",\"isPartOf\":{\"@id\":\"https:\\\/\\\/www.akemkimya.com.tr\\\/satis\\\/#website\"},\"primaryImageOfPage\":{\"@id\":\"https:\\\/\\\/www.akemkimya.com.tr\\\/satis\\\/urun\\\/metox-solar-clean\\\/#primaryimage\"},\"image\":{\"@id\":\"https:\\\/\\\/www.akemkimya.com.tr\\\/satis\\\/urun\\\/metox-solar-clean\\\/#primaryimage\"},\"thumbnailUrl\":\"https:\\\/\\\/www.akemkimya.com.tr\\\/satis\\\/wp-content\\\/uploads\\\/2022\\\/04\\\/Yeni-Zengin-Metin-Belgesi_page-0001.jpg\",\"datePublished\":\"2022-04-05T11:01:20+00:00\",\"dateModified\":\"2025-11-12T08:34:25+00:00\",\"breadcrumb\":{\"@id\":\"https:\\\/\\\/www.akemkimya.com.tr\\\/satis\\\/urun\\\/metox-solar-clean\\\/#breadcrumb\"},\"inLanguage\":\"tr\",\"potentialAction\":[{\"@type\":\"ReadAction\",\"target\":[\"https:\\\/\\\/www.akemkimya.com.tr\\\/satis\\\/urun\\\/metox-solar-clean\\\/\"]}]},{\"@type\":\"ImageObject\",\"inLanguage\":\"tr\",\"@id\":\"https:\\\/\\\/www.akemkimya.com.tr\\\/satis\\\/urun\\\/metox-solar-clean\\\/#primaryimage\",\"url\":\"https:\\\/\\\/www.akemkimya.com.tr\\\/satis\\\/wp-content\\\/uploads\\\/2022\\\/04\\\/Yeni-Zengin-Metin-Belgesi_page-0001.jpg\",\"contentUrl\":\"https:\\\/\\\/www.akemkimya.com.tr\\\/satis\\\/wp-content\\\/uploads\\\/2022\\\/04\\\/Yeni-Zengin-Metin-Belgesi_page-0001.jpg\",\"width\":1275,\"height\":1650},{\"@type\":\"BreadcrumbList\",\"@id\":\"https:\\\/\\\/www.akemkimya.com.tr\\\/satis\\\/urun\\\/metox-solar-clean\\\/#breadcrumb\",\"itemListElement\":[{\"@type\":\"ListItem\",\"position\":1,\"name\":\"Anasayfa\",\"item\":\"https:\\\/\\\/www.akemkimya.com.tr\\\/satis\\\/\"},{\"@type\":\"ListItem\",\"position\":2,\"name\":\"Ma\u011faza\",\"item\":\"https:\\\/\\\/www.akemkimya.com.tr\\\/satis\\\/magaza\\\/\"},{\"@type\":\"ListItem\",\"position\":3,\"name\":\"Metox Solar Clean\"}]},{\"@type\":\"WebSite\",\"@id\":\"https:\\\/\\\/www.akemkimya.com.tr\\\/satis\\\/#website\",\"url\":\"https:\\\/\\\/www.akemkimya.com.tr\\\/satis\\\/\",\"name\":\"Akem Kimya\",\"description\":\"San. ve Tic. Ltd. \u015eti.\",\"publisher\":{\"@id\":\"https:\\\/\\\/www.akemkimya.com.tr\\\/satis\\\/#organization\"},\"potentialAction\":[{\"@type\":\"SearchAction\",\"target\":{\"@type\":\"EntryPoint\",\"urlTemplate\":\"https:\\\/\\\/www.akemkimya.com.tr\\\/satis\\\/?s={search_term_string}\"},\"query-input\":{\"@type\":\"PropertyValueSpecification\",\"valueRequired\":true,\"valueName\":\"search_term_string\"}}],\"inLanguage\":\"tr\"},{\"@type\":\"Organization\",\"@id\":\"https:\\\/\\\/www.akemkimya.com.tr\\\/satis\\\/#organization\",\"name\":\"Akem Kimya\",\"url\":\"https:\\\/\\\/www.akemkimya.com.tr\\\/satis\\\/\",\"logo\":{\"@type\":\"ImageObject\",\"inLanguage\":\"tr\",\"@id\":\"https:\\\/\\\/www.akemkimya.com.tr\\\/satis\\\/#\\\/schema\\\/logo\\\/image\\\/\",\"url\":\"https:\\\/\\\/www.akemkimya.com.tr\\\/satis\\\/wp-content\\\/uploads\\\/2021\\\/09\\\/akemkimya-logo.jpg\",\"contentUrl\":\"https:\\\/\\\/www.akemkimya.com.tr\\\/satis\\\/wp-content\\\/uploads\\\/2021\\\/09\\\/akemkimya-logo.jpg\",\"width\":379,\"height\":105,\"caption\":\"Akem Kimya\"},\"image\":{\"@id\":\"https:\\\/\\\/www.akemkimya.com.tr\\\/satis\\\/#\\\/schema\\\/logo\\\/image\\\/\"}}]}<\/script>\n<!-- \/ Yoast SEO plugin. -->","yoast_head_json":{"title":"Metox Solar Clean | Akem Kimya","robots":{"index":"index","follow":"follow","max-snippet":"max-snippet:-1","max-image-preview":"max-image-preview:large","max-video-preview":"max-video-preview:-1"},"canonical":"https:\/\/www.akemkimya.com.tr\/satis\/urun\/metox-solar-clean\/","og_locale":"tr_TR","og_type":"article","og_title":"Metox Solar Clean | Akem Kimya","og_description":"Fiyatlar\u0131m\u0131za %20 kdv Dahildir.  Ambalaj 30 KG Bidon  Kargo al\u0131c\u0131ya aittir.","og_url":"https:\/\/www.akemkimya.com.tr\/satis\/urun\/metox-solar-clean\/","og_site_name":"Akem Kimya","article_modified_time":"2025-11-12T08:34:25+00:00","og_image":[{"width":1275,"height":1650,"url":"https:\/\/www.akemkimya.com.tr\/satis\/wp-content\/uploads\/2022\/04\/Yeni-Zengin-Metin-Belgesi_page-0001.jpg","type":"image\/jpeg"}],"twitter_card":"summary_large_image","twitter_misc":{"Tahmini okuma s\u00fcresi":"2 dakika"},"schema":{"@context":"https:\/\/schema.org","@graph":[{"@type":"WebPage","@id":"https:\/\/www.akemkimya.com.tr\/satis\/urun\/metox-solar-clean\/","url":"https:\/\/www.akemkimya.com.tr\/satis\/urun\/metox-solar-clean\/","name":"Metox Solar Clean | Akem Kimya","isPartOf":{"@id":"https:\/\/www.akemkimya.com.tr\/satis\/#website"},"primaryImageOfPage":{"@id":"https:\/\/www.akemkimya.com.tr\/satis\/urun\/metox-solar-clean\/#primaryimage"},"image":{"@id":"https:\/\/www.akemkimya.com.tr\/satis\/urun\/metox-solar-clean\/#primaryimage"},"thumbnailUrl":"https:\/\/www.akemkimya.com.tr\/satis\/wp-content\/uploads\/2022\/04\/Yeni-Zengin-Metin-Belgesi_page-0001.jpg","datePublished":"2022-04-05T11:01:20+00:00","dateModified":"2025-11-12T08:34:25+00:00","breadcrumb":{"@id":"https:\/\/www.akemkimya.com.tr\/satis\/urun\/metox-solar-clean\/#breadcrumb"},"inLanguage":"tr","potentialAction":[{"@type":"ReadAction","target":["https:\/\/www.akemkimya.com.tr\/satis\/urun\/metox-solar-clean\/"]}]},{"@type":"ImageObject","inLanguage":"tr","@id":"https:\/\/www.akemkimya.com.tr\/satis\/urun\/metox-solar-clean\/#primaryimage","url":"https:\/\/www.akemkimya.com.tr\/satis\/wp-content\/uploads\/2022\/04\/Yeni-Zengin-Metin-Belgesi_page-0001.jpg","contentUrl":"https:\/\/www.akemkimya.com.tr\/satis\/wp-content\/uploads\/2022\/04\/Yeni-Zengin-Metin-Belgesi_page-0001.jpg","width":1275,"height":1650},{"@type":"BreadcrumbList","@id":"https:\/\/www.akemkimya.com.tr\/satis\/urun\/metox-solar-clean\/#breadcrumb","itemListElement":[{"@type":"ListItem","position":1,"name":"Anasayfa","item":"https:\/\/www.akemkimya.com.tr\/satis\/"},{"@type":"ListItem","position":2,"name":"Ma\u011faza","item":"https:\/\/www.akemkimya.com.tr\/satis\/magaza\/"},{"@type":"ListItem","position":3,"name":"Metox Solar Clean"}]},{"@type":"WebSite","@id":"https:\/\/www.akemkimya.com.tr\/satis\/#website","url":"https:\/\/www.akemkimya.com.tr\/satis\/","name":"Akem Kimya","description":"San. ve Tic. Ltd. \u015eti.","publisher":{"@id":"https:\/\/www.akemkimya.com.tr\/satis\/#organization"},"potentialAction":[{"@type":"SearchAction","target":{"@type":"EntryPoint","urlTemplate":"https:\/\/www.akemkimya.com.tr\/satis\/?s={search_term_string}"},"query-input":{"@type":"PropertyValueSpecification","valueRequired":true,"valueName":"search_term_string"}}],"inLanguage":"tr"},{"@type":"Organization","@id":"https:\/\/www.akemkimya.com.tr\/satis\/#organization","name":"Akem Kimya","url":"https:\/\/www.akemkimya.com.tr\/satis\/","logo":{"@type":"ImageObject","inLanguage":"tr","@id":"https:\/\/www.akemkimya.com.tr\/satis\/#\/schema\/logo\/image\/","url":"https:\/\/www.akemkimya.com.tr\/satis\/wp-content\/uploads\/2021\/09\/akemkimya-logo.jpg","contentUrl":"https:\/\/www.akemkimya.com.tr\/satis\/wp-content\/uploads\/2021\/09\/akemkimya-logo.jpg","width":379,"height":105,"caption":"Akem Kimya"},"image":{"@id":"https:\/\/www.akemkimya.com.tr\/satis\/#\/schema\/logo\/image\/"}}]}},"_links":{"self":[{"href":"https:\/\/www.akemkimya.com.tr\/satis\/wp-json\/wp\/v2\/product\/492","targetHints":{"allow":["GET"]}}],"collection":[{"href":"https:\/\/www.akemkimya.com.tr\/satis\/wp-json\/wp\/v2\/product"}],"about":[{"href":"https:\/\/www.akemkimya.com.tr\/satis\/wp-json\/wp\/v2\/types\/product"}],"replies":[{"embeddable":true,"href":"https:\/\/www.akemkimya.com.tr\/satis\/wp-json\/wp\/v2\/comments?post=492"}],"wp:featuredmedia":[{"embeddable":true,"href":"https:\/\/www.akemkimya.com.tr\/satis\/wp-json\/wp\/v2\/media\/493"}],"wp:attachment":[{"href":"https:\/\/www.akemkimya.com.tr\/satis\/wp-json\/wp\/v2\/media?parent=492"}],"wp:term":[{"taxonomy":"product_brand","embeddable":true,"href":"https:\/\/www.akemkimya.com.tr\/satis\/wp-json\/wp\/v2\/product_brand?post=492"},{"taxonomy":"product_cat","embeddable":true,"href":"https:\/\/www.akemkimya.com.tr\/satis\/wp-json\/wp\/v2\/product_cat?post=492"},{"taxonomy":"product_tag","embeddable":true,"href":"https:\/\/www.akemkimya.com.tr\/satis\/wp-json\/wp\/v2\/product_tag?post=492"}],"curies":[{"name":"wp","href":"https:\/\/api.w.org\/{rel}","templated":true}]}}