{"id":522,"date":"2022-04-18T12:40:06","date_gmt":"2022-04-18T09:40:06","guid":{"rendered":"https:\/\/www.akemkimya.com.tr\/satis\/?post_type=product&#038;p=522"},"modified":"2024-08-12T09:23:04","modified_gmt":"2024-08-12T06:23:04","slug":"nitrik-asit","status":"publish","type":"product","link":"https:\/\/www.akemkimya.com.tr\/satis\/urun\/nitrik-asit\/","title":{"rendered":"N\u0130TR\u0130K AS\u0130T"},"content":{"rendered":"<div class=\"col-sm-6 col-xs-12\">\n<div class=\"pro_text\">\n<p><strong>G\u00f6r\u00fcn\u00fcm\u00fc : <\/strong>Renksiz S\u0131v\u0131<\/p>\n<p><strong>Kimyasal Ad\u0131 : <\/strong>Aqua Fortis, Niter Ruhu<\/p>\n<p><strong>Kimyasal Form\u00fcl :<\/strong> HNO3<\/p>\n<p><strong>Ambalaj \u015eekli :<\/strong> 30 Kg. Bidonlarda, IBC Lerde, D\u00f6kme Tankerli<\/p>\n<p><strong>Tan\u0131m\u0131 ve Kullan\u0131m Alanlar\u0131 :<\/strong><\/p>\n<p>Nitrik asit, halk aras\u0131nda kezzap olarak an\u0131lan kuvvetli bir anorganik asittir. Tuzlar\u0131 nitrat olarak an\u0131ld\u0131\u011f\u0131ndan, nitrat asidi olarak ta tan\u0131mlanmaktad\u0131r. HNO3 form\u00fcl\u00fcyle g\u00f6sterilen nitrik asidin % 100 l\u00fck olan durumuna mutlak nitrik asit, % 60-66 l\u0131k olan ve ticarette sat\u0131\u015fa sunulan durumuna adi nitrik asit yani halk ars\u0131ndaki deyimiyle kezzap denir. % 69 luk orana kadar dumans\u0131z olan nitrik asit, bu yo\u011funlu\u011fun artmas\u0131yla birlikte dumanl\u0131 hale gelir ve a\u00e7\u0131k havada bile sis yapmaya ba\u015flar. Eski d\u00f6nemlerde g\u00fcher\u00e7ileden elde edilen nitrik asit, bunun her yerde bulunmamas\u0131 ve asidin patlay\u0131c\u0131larda kullan\u0131lmas\u0131 nedeniyle ba\u015fka yollardan elde edilmeye ba\u015flanm\u0131\u015ft\u0131r. Bu sanayide olduk\u00e7a geni\u015f azot end\u00fcstrisinin do\u011fmas\u0131na neden olmu\u015ftur.<\/p>\n<p>Renksiz olan saf nitrat asidi, 86 derecede kaynar. Karars\u0131z bir bile\u015fik oldu\u011fundan, oda s\u0131cakl\u0131\u011f\u0131nda yava\u015f \u015fekilde azot oksitlere d\u00f6n\u00fc\u015f\u00fcr. Adi nitrik asit ise, azot dioksit i\u00e7erdi\u011finden genellikle kahverengi renktedir. En kuvvetli asitlerden olan nitrat asidi, kuvvetli bir oksidasyon arac\u0131 olarak kullan\u0131l\u0131r: Bu etkiyle metalleri, tuzlar\u0131 ve serbest hidrojen olu\u015fturur. Baz\u0131 metal ve ametallerle oksitleri olu\u015fturur. Kloridrik asitle birle\u015fti\u011finde, alt\u0131n\u0131 \u00e7\u00f6zen tek kar\u0131\u015f\u0131m haline gelir.<\/p>\n<p>Azot end\u00fcstrisinin kurulmas\u0131yla sentetik olarak \u00fcretilen nitrik asit, g\u00fcn\u00fcm\u00fczde farkl\u0131 yollarla elde edilebiliyor. Baz\u0131 \u00fclkelerde amonyak end\u00fcstrisi geli\u015fmi\u015fse, \u00fcretimde amonyak kullan\u0131l\u0131r. Amonyak katalizat\u00f6rler \u00fczerinden gaz halinde havayla ge\u00e7irilirken, havadaki oksijenle birle\u015fen amonyak azotu azot oksidi olu\u015fturur. Azot oksit oksijen ve suyla birlikte nitrik aside d\u00f6n\u00fc\u015ft\u00fcr\u00fcl\u00fcr.<\/p>\n<p>Norve\u00e7&#8217;te nitrik asit hava, azot ve oksijen kar\u0131\u015f\u0131m\u0131 oldu\u011fundan ve bu \u00fclkede elektrik enerjisi olduk\u00e7a ucuz oldu\u011fu i\u00e7in, bu gazlar elektrik enerjisiyle birle\u015ftirilmektedir. Bu y\u00f6nteme Norve\u00e7 metodu ya da Haber Ostwald metodu denmektedir. Bu y\u00f6ntemde hava uygun bir ak\u0131m kullan\u0131larak, elektrik ark\u0131n\u0131n olu\u015fturdu\u011fu y\u00fcksek s\u0131cakl\u0131k alan\u0131ndan ge\u00e7irilir. Bu a\u015famada azotla oksijen birle\u015fir ve azot oksit durumuna ge\u00e7er. So\u011fuk alanda tekrar oksijen ve su birle\u015fip nitrik asit meydana getirir.<\/p>\n<p><strong>Kullan\u0131m Alanlar\u0131<\/strong><\/p>\n<ul>\n<li>G\u00fcbre \u00fcretiminde kullan\u0131l\u0131r.<\/li>\n<li>Metal sanayisinde metallerin safla\u015ft\u0131r\u0131lmas\u0131nda kullan\u0131l\u0131r.<\/li>\n<li>Metallerin da\u011flanmas\u0131 i\u015flemi s\u0131ras\u0131nda kullan\u0131l\u0131r.<\/li>\n<li>Patlay\u0131c\u0131 maddelerin \u00fcretiminde kullan\u0131l\u0131r.<\/li>\n<li>PH indirgenmesi gereken su ar\u0131tmas\u0131 gibi yerlerde kullan\u0131l\u0131r.<\/li>\n<li>Boya kimyasallar\u0131 sekt\u00f6r\u00fcnde kullan\u0131l\u0131r.<\/li>\n<li>Dinamit \u00fcretiminde kullan\u0131l\u0131r.<\/li>\n<li>G\u00fcm\u00fc\u015f nitrat \u00fcretilmesi i\u00e7in kullan\u0131l\u0131r.<\/li>\n<li>Elektro polisaj i\u015flemlerinde kullan\u0131lmaktad\u0131r.<\/li>\n<\/ul>\n<\/div>\n<\/div>\n","protected":false},"excerpt":{"rendered":"<div class=\"woocommerce-product-details__short-description\">\n<div class=\"woocommerce-product-details__short-description\">\n<p>Fiyatlar\u0131m\u0131za %20 Kdv Dahildir.<\/p>\n<p>\u00dcr\u00fcn Ambalaj\u0131 30 KG\u2019 dir.<\/p>\n<p>Kargo al\u0131c\u0131ya aittir. (Aras Kargo ile g\u00f6nderilir.)<\/p>\n<\/div>\n<\/div>\n","protected":false},"featured_media":523,"comment_status":"open","ping_status":"closed","template":"","meta":[],"product_brand":[],"product_cat":[22],"product_tag":[150,148,149],"class_list":{"0":"post-522","1":"product","2":"type-product","3":"status-publish","4":"has-post-thumbnail","6":"product_cat-ham-madde-kimyasallar","7":"product_tag-hno","8":"product_tag-nitrik-asit","9":"product_tag-nitrikasit","11":"first","12":"outofstock","13":"shipping-taxable","14":"purchasable","15":"product-type-simple"},"yoast_head":"<!-- This site is optimized with the Yoast SEO plugin v27.4 - https:\/\/yoast.com\/product\/yoast-seo-wordpress\/ -->\n<title>N\u0130TR\u0130K AS\u0130T | Akem Kimya<\/title>\n<meta name=\"robots\" content=\"index, follow, max-snippet:-1, max-image-preview:large, max-video-preview:-1\" \/>\n<link rel=\"canonical\" href=\"https:\/\/www.akemkimya.com.tr\/satis\/urun\/nitrik-asit\/\" \/>\n<meta property=\"og:locale\" content=\"tr_TR\" \/>\n<meta property=\"og:type\" content=\"article\" \/>\n<meta property=\"og:title\" content=\"N\u0130TR\u0130K AS\u0130T | Akem Kimya\" \/>\n<meta property=\"og:description\" content=\"Fiyatlar\u0131m\u0131za %20 Kdv Dahildir.  \u00dcr\u00fcn Ambalaj\u0131 30 KG\u2019 dir.  Kargo al\u0131c\u0131ya aittir. (Aras Kargo ile g\u00f6nderilir.)\" \/>\n<meta property=\"og:url\" content=\"https:\/\/www.akemkimya.com.tr\/satis\/urun\/nitrik-asit\/\" \/>\n<meta property=\"og:site_name\" content=\"Akem Kimya\" \/>\n<meta property=\"article:modified_time\" content=\"2024-08-12T06:23:04+00:00\" \/>\n<meta property=\"og:image\" content=\"https:\/\/www.akemkimya.com.tr\/satis\/wp-content\/uploads\/2022\/04\/6-1.jpg\" \/>\n\t<meta property=\"og:image:width\" content=\"1700\" \/>\n\t<meta property=\"og:image:height\" content=\"2200\" \/>\n\t<meta property=\"og:image:type\" content=\"image\/jpeg\" \/>\n<meta name=\"twitter:card\" content=\"summary_large_image\" \/>\n<meta name=\"twitter:label1\" content=\"Tahmini okuma s\u00fcresi\" \/>\n\t<meta name=\"twitter:data1\" content=\"3 dakika\" \/>\n<script type=\"application\/ld+json\" class=\"yoast-schema-graph\">{\"@context\":\"https:\\\/\\\/schema.org\",\"@graph\":[{\"@type\":\"WebPage\",\"@id\":\"https:\\\/\\\/www.akemkimya.com.tr\\\/satis\\\/urun\\\/nitrik-asit\\\/\",\"url\":\"https:\\\/\\\/www.akemkimya.com.tr\\\/satis\\\/urun\\\/nitrik-asit\\\/\",\"name\":\"N\u0130TR\u0130K AS\u0130T | Akem Kimya\",\"isPartOf\":{\"@id\":\"https:\\\/\\\/www.akemkimya.com.tr\\\/satis\\\/#website\"},\"primaryImageOfPage\":{\"@id\":\"https:\\\/\\\/www.akemkimya.com.tr\\\/satis\\\/urun\\\/nitrik-asit\\\/#primaryimage\"},\"image\":{\"@id\":\"https:\\\/\\\/www.akemkimya.com.tr\\\/satis\\\/urun\\\/nitrik-asit\\\/#primaryimage\"},\"thumbnailUrl\":\"https:\\\/\\\/www.akemkimya.com.tr\\\/satis\\\/wp-content\\\/uploads\\\/2022\\\/04\\\/6-1.jpg\",\"datePublished\":\"2022-04-18T09:40:06+00:00\",\"dateModified\":\"2024-08-12T06:23:04+00:00\",\"breadcrumb\":{\"@id\":\"https:\\\/\\\/www.akemkimya.com.tr\\\/satis\\\/urun\\\/nitrik-asit\\\/#breadcrumb\"},\"inLanguage\":\"tr\",\"potentialAction\":[{\"@type\":\"ReadAction\",\"target\":[\"https:\\\/\\\/www.akemkimya.com.tr\\\/satis\\\/urun\\\/nitrik-asit\\\/\"]}]},{\"@type\":\"ImageObject\",\"inLanguage\":\"tr\",\"@id\":\"https:\\\/\\\/www.akemkimya.com.tr\\\/satis\\\/urun\\\/nitrik-asit\\\/#primaryimage\",\"url\":\"https:\\\/\\\/www.akemkimya.com.tr\\\/satis\\\/wp-content\\\/uploads\\\/2022\\\/04\\\/6-1.jpg\",\"contentUrl\":\"https:\\\/\\\/www.akemkimya.com.tr\\\/satis\\\/wp-content\\\/uploads\\\/2022\\\/04\\\/6-1.jpg\",\"width\":1700,\"height\":2200},{\"@type\":\"BreadcrumbList\",\"@id\":\"https:\\\/\\\/www.akemkimya.com.tr\\\/satis\\\/urun\\\/nitrik-asit\\\/#breadcrumb\",\"itemListElement\":[{\"@type\":\"ListItem\",\"position\":1,\"name\":\"Anasayfa\",\"item\":\"https:\\\/\\\/www.akemkimya.com.tr\\\/satis\\\/\"},{\"@type\":\"ListItem\",\"position\":2,\"name\":\"Ma\u011faza\",\"item\":\"https:\\\/\\\/www.akemkimya.com.tr\\\/satis\\\/magaza\\\/\"},{\"@type\":\"ListItem\",\"position\":3,\"name\":\"N\u0130TR\u0130K AS\u0130T\"}]},{\"@type\":\"WebSite\",\"@id\":\"https:\\\/\\\/www.akemkimya.com.tr\\\/satis\\\/#website\",\"url\":\"https:\\\/\\\/www.akemkimya.com.tr\\\/satis\\\/\",\"name\":\"Akem Kimya\",\"description\":\"San. ve Tic. Ltd. \u015eti.\",\"publisher\":{\"@id\":\"https:\\\/\\\/www.akemkimya.com.tr\\\/satis\\\/#organization\"},\"potentialAction\":[{\"@type\":\"SearchAction\",\"target\":{\"@type\":\"EntryPoint\",\"urlTemplate\":\"https:\\\/\\\/www.akemkimya.com.tr\\\/satis\\\/?s={search_term_string}\"},\"query-input\":{\"@type\":\"PropertyValueSpecification\",\"valueRequired\":true,\"valueName\":\"search_term_string\"}}],\"inLanguage\":\"tr\"},{\"@type\":\"Organization\",\"@id\":\"https:\\\/\\\/www.akemkimya.com.tr\\\/satis\\\/#organization\",\"name\":\"Akem Kimya\",\"url\":\"https:\\\/\\\/www.akemkimya.com.tr\\\/satis\\\/\",\"logo\":{\"@type\":\"ImageObject\",\"inLanguage\":\"tr\",\"@id\":\"https:\\\/\\\/www.akemkimya.com.tr\\\/satis\\\/#\\\/schema\\\/logo\\\/image\\\/\",\"url\":\"https:\\\/\\\/www.akemkimya.com.tr\\\/satis\\\/wp-content\\\/uploads\\\/2021\\\/09\\\/akemkimya-logo.jpg\",\"contentUrl\":\"https:\\\/\\\/www.akemkimya.com.tr\\\/satis\\\/wp-content\\\/uploads\\\/2021\\\/09\\\/akemkimya-logo.jpg\",\"width\":379,\"height\":105,\"caption\":\"Akem Kimya\"},\"image\":{\"@id\":\"https:\\\/\\\/www.akemkimya.com.tr\\\/satis\\\/#\\\/schema\\\/logo\\\/image\\\/\"}}]}<\/script>\n<!-- \/ Yoast SEO plugin. -->","yoast_head_json":{"title":"N\u0130TR\u0130K AS\u0130T | Akem Kimya","robots":{"index":"index","follow":"follow","max-snippet":"max-snippet:-1","max-image-preview":"max-image-preview:large","max-video-preview":"max-video-preview:-1"},"canonical":"https:\/\/www.akemkimya.com.tr\/satis\/urun\/nitrik-asit\/","og_locale":"tr_TR","og_type":"article","og_title":"N\u0130TR\u0130K AS\u0130T | Akem Kimya","og_description":"Fiyatlar\u0131m\u0131za %20 Kdv Dahildir.  \u00dcr\u00fcn Ambalaj\u0131 30 KG\u2019 dir.  Kargo al\u0131c\u0131ya aittir. (Aras Kargo ile g\u00f6nderilir.)","og_url":"https:\/\/www.akemkimya.com.tr\/satis\/urun\/nitrik-asit\/","og_site_name":"Akem Kimya","article_modified_time":"2024-08-12T06:23:04+00:00","og_image":[{"width":1700,"height":2200,"url":"https:\/\/www.akemkimya.com.tr\/satis\/wp-content\/uploads\/2022\/04\/6-1.jpg","type":"image\/jpeg"}],"twitter_card":"summary_large_image","twitter_misc":{"Tahmini okuma s\u00fcresi":"3 dakika"},"schema":{"@context":"https:\/\/schema.org","@graph":[{"@type":"WebPage","@id":"https:\/\/www.akemkimya.com.tr\/satis\/urun\/nitrik-asit\/","url":"https:\/\/www.akemkimya.com.tr\/satis\/urun\/nitrik-asit\/","name":"N\u0130TR\u0130K AS\u0130T | Akem Kimya","isPartOf":{"@id":"https:\/\/www.akemkimya.com.tr\/satis\/#website"},"primaryImageOfPage":{"@id":"https:\/\/www.akemkimya.com.tr\/satis\/urun\/nitrik-asit\/#primaryimage"},"image":{"@id":"https:\/\/www.akemkimya.com.tr\/satis\/urun\/nitrik-asit\/#primaryimage"},"thumbnailUrl":"https:\/\/www.akemkimya.com.tr\/satis\/wp-content\/uploads\/2022\/04\/6-1.jpg","datePublished":"2022-04-18T09:40:06+00:00","dateModified":"2024-08-12T06:23:04+00:00","breadcrumb":{"@id":"https:\/\/www.akemkimya.com.tr\/satis\/urun\/nitrik-asit\/#breadcrumb"},"inLanguage":"tr","potentialAction":[{"@type":"ReadAction","target":["https:\/\/www.akemkimya.com.tr\/satis\/urun\/nitrik-asit\/"]}]},{"@type":"ImageObject","inLanguage":"tr","@id":"https:\/\/www.akemkimya.com.tr\/satis\/urun\/nitrik-asit\/#primaryimage","url":"https:\/\/www.akemkimya.com.tr\/satis\/wp-content\/uploads\/2022\/04\/6-1.jpg","contentUrl":"https:\/\/www.akemkimya.com.tr\/satis\/wp-content\/uploads\/2022\/04\/6-1.jpg","width":1700,"height":2200},{"@type":"BreadcrumbList","@id":"https:\/\/www.akemkimya.com.tr\/satis\/urun\/nitrik-asit\/#breadcrumb","itemListElement":[{"@type":"ListItem","position":1,"name":"Anasayfa","item":"https:\/\/www.akemkimya.com.tr\/satis\/"},{"@type":"ListItem","position":2,"name":"Ma\u011faza","item":"https:\/\/www.akemkimya.com.tr\/satis\/magaza\/"},{"@type":"ListItem","position":3,"name":"N\u0130TR\u0130K AS\u0130T"}]},{"@type":"WebSite","@id":"https:\/\/www.akemkimya.com.tr\/satis\/#website","url":"https:\/\/www.akemkimya.com.tr\/satis\/","name":"Akem Kimya","description":"San. ve Tic. Ltd. \u015eti.","publisher":{"@id":"https:\/\/www.akemkimya.com.tr\/satis\/#organization"},"potentialAction":[{"@type":"SearchAction","target":{"@type":"EntryPoint","urlTemplate":"https:\/\/www.akemkimya.com.tr\/satis\/?s={search_term_string}"},"query-input":{"@type":"PropertyValueSpecification","valueRequired":true,"valueName":"search_term_string"}}],"inLanguage":"tr"},{"@type":"Organization","@id":"https:\/\/www.akemkimya.com.tr\/satis\/#organization","name":"Akem Kimya","url":"https:\/\/www.akemkimya.com.tr\/satis\/","logo":{"@type":"ImageObject","inLanguage":"tr","@id":"https:\/\/www.akemkimya.com.tr\/satis\/#\/schema\/logo\/image\/","url":"https:\/\/www.akemkimya.com.tr\/satis\/wp-content\/uploads\/2021\/09\/akemkimya-logo.jpg","contentUrl":"https:\/\/www.akemkimya.com.tr\/satis\/wp-content\/uploads\/2021\/09\/akemkimya-logo.jpg","width":379,"height":105,"caption":"Akem Kimya"},"image":{"@id":"https:\/\/www.akemkimya.com.tr\/satis\/#\/schema\/logo\/image\/"}}]}},"_links":{"self":[{"href":"https:\/\/www.akemkimya.com.tr\/satis\/wp-json\/wp\/v2\/product\/522","targetHints":{"allow":["GET"]}}],"collection":[{"href":"https:\/\/www.akemkimya.com.tr\/satis\/wp-json\/wp\/v2\/product"}],"about":[{"href":"https:\/\/www.akemkimya.com.tr\/satis\/wp-json\/wp\/v2\/types\/product"}],"replies":[{"embeddable":true,"href":"https:\/\/www.akemkimya.com.tr\/satis\/wp-json\/wp\/v2\/comments?post=522"}],"wp:featuredmedia":[{"embeddable":true,"href":"https:\/\/www.akemkimya.com.tr\/satis\/wp-json\/wp\/v2\/media\/523"}],"wp:attachment":[{"href":"https:\/\/www.akemkimya.com.tr\/satis\/wp-json\/wp\/v2\/media?parent=522"}],"wp:term":[{"taxonomy":"product_brand","embeddable":true,"href":"https:\/\/www.akemkimya.com.tr\/satis\/wp-json\/wp\/v2\/product_brand?post=522"},{"taxonomy":"product_cat","embeddable":true,"href":"https:\/\/www.akemkimya.com.tr\/satis\/wp-json\/wp\/v2\/product_cat?post=522"},{"taxonomy":"product_tag","embeddable":true,"href":"https:\/\/www.akemkimya.com.tr\/satis\/wp-json\/wp\/v2\/product_tag?post=522"}],"curies":[{"name":"wp","href":"https:\/\/api.w.org\/{rel}","templated":true}]}}