{"id":534,"date":"2022-05-20T09:04:07","date_gmt":"2022-05-20T06:04:07","guid":{"rendered":"https:\/\/www.akemkimya.com.tr\/satis\/?post_type=product&#038;p=534"},"modified":"2025-12-31T11:52:33","modified_gmt":"2025-12-31T08:52:33","slug":"plas-anti-slip-set-5er-kg","status":"publish","type":"product","link":"https:\/\/www.akemkimya.com.tr\/satis\/urun\/plas-anti-slip-set-5er-kg\/","title":{"rendered":"PLAS ANTI SLIP SET (5&#8217;er kg)"},"content":{"rendered":"<p>PLAS ANT\u0130 SL\u0130P NED\u0130R ?<br \/>\nD\u00fc\u015fme kazalar\u0131n\u0131n b\u00fcy\u00fck \u00e7o\u011funlu\u011fu \u0131slak ve kaygan zeminler nedeniyle meydana gelmektedir. Bu tip zeminlere PLAS ANTI SLIP sol\u00fcsyon uygulanarak, insan sa\u011fl\u0131\u011f\u0131n\u0131 ve g\u00fcvenli\u011fini tehdit eden bu problem ortadan kalkmaktad\u0131r.<br \/>\nPLAS ANTI SLIP zeminlerin g\u00f6r\u00fcn\u00fcm\u00fcn\u00fc, esteti\u011fini ve desenlerin g\u00fczelli\u011fini etkilemeden, y\u00fczeyde g\u00f6zle g\u00f6r\u00fclmeyen bo\u015fluklar\u0131n\u0131 doldurarak zeminin \u0131slak ve kuru oldu\u011funda kayganl\u0131\u011f\u0131 etkin olarak ortadan kald\u0131r\u0131r. PLAS ANTI SLIP, zemin \u0131sland\u0131\u011f\u0131 zaman kabar\u0131r ve kaymay\u0131 engeller. Uygulama bir kaplama y\u00f6ntemi olmay\u0131p, sol\u00fcsyon y\u00fczeyle temas edip g\u00f6r\u00fcnmez ve uzun s\u00fcren bir etki sa\u011flar.<\/p>\n<p>Kullan\u0131m Miktarlar\u0131 ;<\/p>\n<p><strong>Sat\u0131n alm\u0131\u015f oldu\u011funuz 1 kg Step 1-3 ve 1 kg Step 2 \u00fcr\u00fcnleri ile ortalama 20 m2 ile 30 m2 aras\u0131 alanda uygulama yapabilirsiniz.<\/strong><\/p>\n<p>PLAS ANT\u0130 SL\u0130P KULLANIM Y\u00dcZEYLER\u0130 VE ALANLARI NELERD\u0130R ?<br \/>\nSERAM\u0130K<br \/>\nFAYANS<br \/>\nMERMER<br \/>\nGRAN\u0130T<br \/>\nTRAVERTEN<br \/>\nYER KAROLARI<br \/>\nMOZA\u0130K TA\u015eLAR<br \/>\nKALEBODUR<\/p>\n<p>PLAS ANT\u0130 SL\u0130P KULLANIM UYGULAMA TAL\u0130MATI<br \/>\nHerhangi ta\u015f bir zeminin kaymaz hale getirilmesi. Not: Zemin do\u011fal ta\u015flardan olu\u015ftu\u011funda (mermer \/ granit) \u00f6nce daima k\u00fc\u00e7\u00fck bir b\u00f6l\u00fcmde demo uygulamas\u0131 ger\u00e7ekle\u015ftiriniz.<br \/>\nPLAS ANT\u0130 SL\u0130P , \u0131slakken \u00fczerinde y\u00fcr\u00fcmenin tehlikeli oldu\u011fu zeminlerde uygulanmaktad\u0131r. Bir zemini kaymaz hale getirmek i\u00e7in step 1\/3 ve step 2 \u00fcr\u00fcnlerine ihtiyac\u0131n\u0131z vard\u0131r.<br \/>\nPLAS ANT\u0130 SL\u0130P STEP 1-3 \u2013 1.ADIM<br \/>\n1)zemini tozdan ar\u0131nd\u0131r\u0131n\u0131z. (Ayr\u0131ca zemin \u00fczerindeki cilay\u0131 ya da kaplamalar\u0131 da kald\u0131r\u0131n\u0131z)<br \/>\n2)Zemini step 1\/3 ile temizleyiniz. (1 litre step 1&amp;3 ve 4 litre su), sol\u00fcsyonun %50\u2019sini zemine bo\u015falt\u0131n\u0131z, sonras\u0131nda zeminin bir d\u00f6\u015feme f\u0131r\u00e7as\u0131 ya da elektrikli temizleyici ile ovalay\u0131n\u0131z. Sol\u00fcsyonun geri kalan %50\u2019si daha sonra kullan\u0131lacakt\u0131r.<br \/>\n3)Sol\u00fcsyonu zeminden temizlemek i\u00e7in silecek ya da \u0131slak elektrikli s\u00fcp\u00fcrge kullan\u0131n\u0131z, zemini temiz suyla g\u00fczelce durulay\u0131n\u0131z ve kurumaya b\u0131rak\u0131n\u0131z.<br \/>\nPLAS ANT\u0130 SL\u0130P STEP 2 \u2013 2.ADIM<br \/>\n4)Burada step 2\u2019yi suland\u0131r\u0131lmam\u0131\u015f \u015fekilde kullan\u0131yoruz. Step 2 pompal\u0131 bir sprey, cam bez vas\u0131tas\u0131yla uygulanabilir.<br \/>\n\u2013 Step 2 \u00fcr\u00fcn\u00fc zeminin cinsine g\u00f6re (1 kg step 2 , 4 kg su ) 1\/2 , 1\/3 , 1\/4 oranlar\u0131nda seyreltilerek kullan\u0131lmal\u0131d\u0131r. \u00c7ok \u00d6nemli: Step 2\u2019yi do\u011frudan y\u00fczeyin \u00fczerine bo\u015faltmay\u0131n\u0131z ve Step 2 haz\u0131rlad\u0131ktan sorna bir kovaya d\u00f6kerek ve bezler iyice s\u0131k\u0131larak kullan\u0131lmal\u0131d\u0131r. Step 2 seyreltmesine karar verdikten sonra cam bezleri ile ok do\u011frultusunda ileri geri hareketlerle zemine s\u00fcr\u00fcn\u00fcz , e\u011fer pompa ile at\u0131lacaksa pulvarize bir \u015fekilde kullan\u0131lmas\u0131 \u00f6ng\u00fcr\u00fcl\u00fcr.Step2 nin y\u00fczey \u00fczerinde kurumas\u0131na izin vermeyiniz, zaman \u00e7izelgesine g\u00f6re \u0131slak kalmal\u0131d\u0131r.<br \/>\n(step 2\u2019yi yok etmeyiniz) Zaman \u00c7izelgesi: Do\u011fal ta\u015f ve porselen y\u00fczeyler i\u00e7in 10-15 dakika Cilalanm\u0131\u015f veya cilalanmam\u0131\u015f seramik fayanslar i\u00e7in 5-10 dakika Beton ve terrazo i\u00e7in 20 dakika.<br \/>\nPLAS ANT\u0130 SL\u0130P STEP 1-3 \u2013 3.ADIM<br \/>\n5)\u015eimdi, step 2\u2019yi yok etmeden step 1&amp;3\u2019\u00fcn geri kalan %50\u2019lik k\u0131sm\u0131n\u0131 y\u00fczeye bo\u015falt\u0131n\u0131z. Zemini ovalay\u0131n\u0131z, b\u00f6ylece step 2 g\u00f6zenekleri kapatacak ve n\u00f6tralize olacakt\u0131r. T\u00fcm sol\u00fcsyonu temizleyiniz ve zemini temiz su ile durulay\u0131n\u0131z. ARTIK Y\u00dcZEY KAYMAZ \u00d6ZELL\u0130KTE, SONUCU H\u0130SSEDEB\u0130L\u0130RS\u0130N\u0130Z.<br \/>\nKullan\u0131m: 1 litre PLAS ANT\u0130 SL\u0130P ile (1 litre step 1&amp;3 +1 litre step 2) 10-15 m2\u2019lik bir alanda uygulama yapabilirsiniz.<br \/>\nBak\u0131m: Zemin temizli\u011fi geride art\u0131k b\u0131rakmayacak temizleyicilerle yap\u0131lmal\u0131d\u0131r. Bu y\u00fczden, PLAS ANT\u0130 SL\u0130P uygulamas\u0131 yap\u0131lan bir zeminde cila, kaplama, polimerler, kristalle \u015ftirici materyaller vs. gibi maddeler kullanmay\u0131n\u0131z.<\/p>\n","protected":false},"excerpt":{"rendered":"<div class=\"woocommerce-product-details__short-description\">\n<div class=\"woocommerce-product-details__short-description\">\n<div class=\"woocommerce-product-details__short-description\">\n<div class=\"woocommerce-product-details__short-description\">\n<p>\u00dcr\u00fcn ambalaj\u0131 ;<\/p>\n<p>step 1-3 : 5 kg<\/p>\n<p>step 2 : 5 kg<\/p>\n<p>Fiyatlar\u0131m\u0131za %20 kdv Dahildir.<\/p>\n<p>Kargo Al\u0131c\u0131ya Aittir.<\/p>\n<\/div>\n<\/div>\n<\/div>\n<\/div>\n","protected":false},"featured_media":436,"comment_status":"open","ping_status":"closed","template":"","meta":[],"product_brand":[],"product_cat":[20],"product_tag":[],"class_list":{"0":"post-534","1":"product","2":"type-product","3":"status-publish","4":"has-post-thumbnail","6":"product_cat-kaymaz-zemin-solusyonlari","8":"first","9":"instock","10":"shipping-taxable","11":"purchasable","12":"product-type-simple"},"yoast_head":"<!-- This site is optimized with the Yoast SEO plugin v27.6 - https:\/\/yoast.com\/product\/yoast-seo-wordpress\/ -->\n<title>PLAS ANTI SLIP SET (5&#039;er kg) | Akem Kimya<\/title>\n<meta name=\"robots\" content=\"index, follow, max-snippet:-1, max-image-preview:large, max-video-preview:-1\" \/>\n<link rel=\"canonical\" href=\"https:\/\/www.akemkimya.com.tr\/satis\/urun\/plas-anti-slip-set-5er-kg\/\" \/>\n<meta property=\"og:locale\" content=\"tr_TR\" \/>\n<meta property=\"og:type\" content=\"article\" \/>\n<meta property=\"og:title\" content=\"PLAS ANTI SLIP SET (5&#039;er kg) | Akem Kimya\" \/>\n<meta property=\"og:description\" content=\"\u00dcr\u00fcn ambalaj\u0131 ;  step 1-3 : 5 kg  step 2 : 5 kg  Fiyatlar\u0131m\u0131za %20 kdv Dahildir.  Kargo Al\u0131c\u0131ya Aittir.\" \/>\n<meta property=\"og:url\" content=\"https:\/\/www.akemkimya.com.tr\/satis\/urun\/plas-anti-slip-set-5er-kg\/\" \/>\n<meta property=\"og:site_name\" content=\"Akem Kimya\" \/>\n<meta property=\"article:modified_time\" content=\"2025-12-31T08:52:33+00:00\" \/>\n<meta property=\"og:image\" content=\"https:\/\/www.akemkimya.com.tr\/satis\/wp-content\/uploads\/2021\/12\/2.jpg\" \/>\n\t<meta property=\"og:image:width\" content=\"1500\" \/>\n\t<meta property=\"og:image:height\" content=\"1500\" \/>\n\t<meta property=\"og:image:type\" content=\"image\/jpeg\" \/>\n<meta name=\"twitter:card\" content=\"summary_large_image\" \/>\n<meta name=\"twitter:label1\" content=\"Tahmini okuma s\u00fcresi\" \/>\n\t<meta name=\"twitter:data1\" content=\"4 dakika\" \/>\n<script type=\"application\/ld+json\" class=\"yoast-schema-graph\">{\"@context\":\"https:\\\/\\\/schema.org\",\"@graph\":[{\"@type\":\"WebPage\",\"@id\":\"https:\\\/\\\/www.akemkimya.com.tr\\\/satis\\\/urun\\\/plas-anti-slip-set-5er-kg\\\/\",\"url\":\"https:\\\/\\\/www.akemkimya.com.tr\\\/satis\\\/urun\\\/plas-anti-slip-set-5er-kg\\\/\",\"name\":\"PLAS ANTI SLIP SET (5'er kg) | Akem Kimya\",\"isPartOf\":{\"@id\":\"https:\\\/\\\/www.akemkimya.com.tr\\\/satis\\\/#website\"},\"primaryImageOfPage\":{\"@id\":\"https:\\\/\\\/www.akemkimya.com.tr\\\/satis\\\/urun\\\/plas-anti-slip-set-5er-kg\\\/#primaryimage\"},\"image\":{\"@id\":\"https:\\\/\\\/www.akemkimya.com.tr\\\/satis\\\/urun\\\/plas-anti-slip-set-5er-kg\\\/#primaryimage\"},\"thumbnailUrl\":\"https:\\\/\\\/www.akemkimya.com.tr\\\/satis\\\/wp-content\\\/uploads\\\/2021\\\/12\\\/2.jpg\",\"datePublished\":\"2022-05-20T06:04:07+00:00\",\"dateModified\":\"2025-12-31T08:52:33+00:00\",\"breadcrumb\":{\"@id\":\"https:\\\/\\\/www.akemkimya.com.tr\\\/satis\\\/urun\\\/plas-anti-slip-set-5er-kg\\\/#breadcrumb\"},\"inLanguage\":\"tr\",\"potentialAction\":[{\"@type\":\"ReadAction\",\"target\":[\"https:\\\/\\\/www.akemkimya.com.tr\\\/satis\\\/urun\\\/plas-anti-slip-set-5er-kg\\\/\"]}]},{\"@type\":\"ImageObject\",\"inLanguage\":\"tr\",\"@id\":\"https:\\\/\\\/www.akemkimya.com.tr\\\/satis\\\/urun\\\/plas-anti-slip-set-5er-kg\\\/#primaryimage\",\"url\":\"https:\\\/\\\/www.akemkimya.com.tr\\\/satis\\\/wp-content\\\/uploads\\\/2021\\\/12\\\/2.jpg\",\"contentUrl\":\"https:\\\/\\\/www.akemkimya.com.tr\\\/satis\\\/wp-content\\\/uploads\\\/2021\\\/12\\\/2.jpg\",\"width\":1500,\"height\":1500},{\"@type\":\"BreadcrumbList\",\"@id\":\"https:\\\/\\\/www.akemkimya.com.tr\\\/satis\\\/urun\\\/plas-anti-slip-set-5er-kg\\\/#breadcrumb\",\"itemListElement\":[{\"@type\":\"ListItem\",\"position\":1,\"name\":\"Anasayfa\",\"item\":\"https:\\\/\\\/www.akemkimya.com.tr\\\/satis\\\/\"},{\"@type\":\"ListItem\",\"position\":2,\"name\":\"Ma\u011faza\",\"item\":\"https:\\\/\\\/www.akemkimya.com.tr\\\/satis\\\/magaza\\\/\"},{\"@type\":\"ListItem\",\"position\":3,\"name\":\"PLAS ANTI SLIP SET (5&#8217;er kg)\"}]},{\"@type\":\"WebSite\",\"@id\":\"https:\\\/\\\/www.akemkimya.com.tr\\\/satis\\\/#website\",\"url\":\"https:\\\/\\\/www.akemkimya.com.tr\\\/satis\\\/\",\"name\":\"Akem Kimya\",\"description\":\"San. ve Tic. Ltd. \u015eti.\",\"publisher\":{\"@id\":\"https:\\\/\\\/www.akemkimya.com.tr\\\/satis\\\/#organization\"},\"potentialAction\":[{\"@type\":\"SearchAction\",\"target\":{\"@type\":\"EntryPoint\",\"urlTemplate\":\"https:\\\/\\\/www.akemkimya.com.tr\\\/satis\\\/?s={search_term_string}\"},\"query-input\":{\"@type\":\"PropertyValueSpecification\",\"valueRequired\":true,\"valueName\":\"search_term_string\"}}],\"inLanguage\":\"tr\"},{\"@type\":\"Organization\",\"@id\":\"https:\\\/\\\/www.akemkimya.com.tr\\\/satis\\\/#organization\",\"name\":\"Akem Kimya\",\"url\":\"https:\\\/\\\/www.akemkimya.com.tr\\\/satis\\\/\",\"logo\":{\"@type\":\"ImageObject\",\"inLanguage\":\"tr\",\"@id\":\"https:\\\/\\\/www.akemkimya.com.tr\\\/satis\\\/#\\\/schema\\\/logo\\\/image\\\/\",\"url\":\"https:\\\/\\\/www.akemkimya.com.tr\\\/satis\\\/wp-content\\\/uploads\\\/2021\\\/09\\\/akemkimya-logo.jpg\",\"contentUrl\":\"https:\\\/\\\/www.akemkimya.com.tr\\\/satis\\\/wp-content\\\/uploads\\\/2021\\\/09\\\/akemkimya-logo.jpg\",\"width\":379,\"height\":105,\"caption\":\"Akem Kimya\"},\"image\":{\"@id\":\"https:\\\/\\\/www.akemkimya.com.tr\\\/satis\\\/#\\\/schema\\\/logo\\\/image\\\/\"}}]}<\/script>\n<!-- \/ Yoast SEO plugin. -->","yoast_head_json":{"title":"PLAS ANTI SLIP SET (5'er kg) | Akem Kimya","robots":{"index":"index","follow":"follow","max-snippet":"max-snippet:-1","max-image-preview":"max-image-preview:large","max-video-preview":"max-video-preview:-1"},"canonical":"https:\/\/www.akemkimya.com.tr\/satis\/urun\/plas-anti-slip-set-5er-kg\/","og_locale":"tr_TR","og_type":"article","og_title":"PLAS ANTI SLIP SET (5'er kg) | Akem Kimya","og_description":"\u00dcr\u00fcn ambalaj\u0131 ;  step 1-3 : 5 kg  step 2 : 5 kg  Fiyatlar\u0131m\u0131za %20 kdv Dahildir.  Kargo Al\u0131c\u0131ya Aittir.","og_url":"https:\/\/www.akemkimya.com.tr\/satis\/urun\/plas-anti-slip-set-5er-kg\/","og_site_name":"Akem Kimya","article_modified_time":"2025-12-31T08:52:33+00:00","og_image":[{"width":1500,"height":1500,"url":"https:\/\/www.akemkimya.com.tr\/satis\/wp-content\/uploads\/2021\/12\/2.jpg","type":"image\/jpeg"}],"twitter_card":"summary_large_image","twitter_misc":{"Tahmini okuma s\u00fcresi":"4 dakika"},"schema":{"@context":"https:\/\/schema.org","@graph":[{"@type":"WebPage","@id":"https:\/\/www.akemkimya.com.tr\/satis\/urun\/plas-anti-slip-set-5er-kg\/","url":"https:\/\/www.akemkimya.com.tr\/satis\/urun\/plas-anti-slip-set-5er-kg\/","name":"PLAS ANTI SLIP SET (5'er kg) | Akem Kimya","isPartOf":{"@id":"https:\/\/www.akemkimya.com.tr\/satis\/#website"},"primaryImageOfPage":{"@id":"https:\/\/www.akemkimya.com.tr\/satis\/urun\/plas-anti-slip-set-5er-kg\/#primaryimage"},"image":{"@id":"https:\/\/www.akemkimya.com.tr\/satis\/urun\/plas-anti-slip-set-5er-kg\/#primaryimage"},"thumbnailUrl":"https:\/\/www.akemkimya.com.tr\/satis\/wp-content\/uploads\/2021\/12\/2.jpg","datePublished":"2022-05-20T06:04:07+00:00","dateModified":"2025-12-31T08:52:33+00:00","breadcrumb":{"@id":"https:\/\/www.akemkimya.com.tr\/satis\/urun\/plas-anti-slip-set-5er-kg\/#breadcrumb"},"inLanguage":"tr","potentialAction":[{"@type":"ReadAction","target":["https:\/\/www.akemkimya.com.tr\/satis\/urun\/plas-anti-slip-set-5er-kg\/"]}]},{"@type":"ImageObject","inLanguage":"tr","@id":"https:\/\/www.akemkimya.com.tr\/satis\/urun\/plas-anti-slip-set-5er-kg\/#primaryimage","url":"https:\/\/www.akemkimya.com.tr\/satis\/wp-content\/uploads\/2021\/12\/2.jpg","contentUrl":"https:\/\/www.akemkimya.com.tr\/satis\/wp-content\/uploads\/2021\/12\/2.jpg","width":1500,"height":1500},{"@type":"BreadcrumbList","@id":"https:\/\/www.akemkimya.com.tr\/satis\/urun\/plas-anti-slip-set-5er-kg\/#breadcrumb","itemListElement":[{"@type":"ListItem","position":1,"name":"Anasayfa","item":"https:\/\/www.akemkimya.com.tr\/satis\/"},{"@type":"ListItem","position":2,"name":"Ma\u011faza","item":"https:\/\/www.akemkimya.com.tr\/satis\/magaza\/"},{"@type":"ListItem","position":3,"name":"PLAS ANTI SLIP SET (5&#8217;er kg)"}]},{"@type":"WebSite","@id":"https:\/\/www.akemkimya.com.tr\/satis\/#website","url":"https:\/\/www.akemkimya.com.tr\/satis\/","name":"Akem Kimya","description":"San. ve Tic. Ltd. \u015eti.","publisher":{"@id":"https:\/\/www.akemkimya.com.tr\/satis\/#organization"},"potentialAction":[{"@type":"SearchAction","target":{"@type":"EntryPoint","urlTemplate":"https:\/\/www.akemkimya.com.tr\/satis\/?s={search_term_string}"},"query-input":{"@type":"PropertyValueSpecification","valueRequired":true,"valueName":"search_term_string"}}],"inLanguage":"tr"},{"@type":"Organization","@id":"https:\/\/www.akemkimya.com.tr\/satis\/#organization","name":"Akem Kimya","url":"https:\/\/www.akemkimya.com.tr\/satis\/","logo":{"@type":"ImageObject","inLanguage":"tr","@id":"https:\/\/www.akemkimya.com.tr\/satis\/#\/schema\/logo\/image\/","url":"https:\/\/www.akemkimya.com.tr\/satis\/wp-content\/uploads\/2021\/09\/akemkimya-logo.jpg","contentUrl":"https:\/\/www.akemkimya.com.tr\/satis\/wp-content\/uploads\/2021\/09\/akemkimya-logo.jpg","width":379,"height":105,"caption":"Akem Kimya"},"image":{"@id":"https:\/\/www.akemkimya.com.tr\/satis\/#\/schema\/logo\/image\/"}}]}},"_links":{"self":[{"href":"https:\/\/www.akemkimya.com.tr\/satis\/wp-json\/wp\/v2\/product\/534","targetHints":{"allow":["GET"]}}],"collection":[{"href":"https:\/\/www.akemkimya.com.tr\/satis\/wp-json\/wp\/v2\/product"}],"about":[{"href":"https:\/\/www.akemkimya.com.tr\/satis\/wp-json\/wp\/v2\/types\/product"}],"replies":[{"embeddable":true,"href":"https:\/\/www.akemkimya.com.tr\/satis\/wp-json\/wp\/v2\/comments?post=534"}],"wp:featuredmedia":[{"embeddable":true,"href":"https:\/\/www.akemkimya.com.tr\/satis\/wp-json\/wp\/v2\/media\/436"}],"wp:attachment":[{"href":"https:\/\/www.akemkimya.com.tr\/satis\/wp-json\/wp\/v2\/media?parent=534"}],"wp:term":[{"taxonomy":"product_brand","embeddable":true,"href":"https:\/\/www.akemkimya.com.tr\/satis\/wp-json\/wp\/v2\/product_brand?post=534"},{"taxonomy":"product_cat","embeddable":true,"href":"https:\/\/www.akemkimya.com.tr\/satis\/wp-json\/wp\/v2\/product_cat?post=534"},{"taxonomy":"product_tag","embeddable":true,"href":"https:\/\/www.akemkimya.com.tr\/satis\/wp-json\/wp\/v2\/product_tag?post=534"}],"curies":[{"name":"wp","href":"https:\/\/api.w.org\/{rel}","templated":true}]}}