{"id":632,"date":"2023-04-19T11:19:01","date_gmt":"2023-04-19T08:19:01","guid":{"rendered":"https:\/\/www.akemkimya.com.tr\/satis\/?post_type=product&#038;p=632"},"modified":"2025-05-31T09:04:41","modified_gmt":"2025-05-31T06:04:41","slug":"boraks","status":"publish","type":"product","link":"https:\/\/www.akemkimya.com.tr\/satis\/urun\/boraks\/","title":{"rendered":"BORAKS"},"content":{"rendered":"<p>Boraks, Sodyum borat, sodyum tetraborat veya disodyum tetraborat isimleriye bilinen \u00f6nemli bir bor bile\u015fi\u011fi, mineral ve bir borik asite ait bir tuzudur. Toz boraks suda \u00e7\u00f6z\u00fcn\u00fcr, renksiz kristal yap\u0131dad\u0131r. K\u0131smen dehidre edilmi\u015f hali ticari olarak sat\u0131lan \u015feklidir.<\/p>\n<p>Boraks, deterjan , emaye ve kozmetikte kullan\u0131lmaktad\u0131r. Biyokimyasal olarak, bir yang\u0131n geciktirici , mantar enfeksiyonu \u00f6nleyici olarak, fiberglas \u00fcretilmesinde , metalurjide , radyoaktif kaynaklar i\u00e7in n\u00f6tron yakalama kalkanlar\u0131, olarak kullan\u0131l\u0131r. \u00c7apraz ba\u011flama maddesi, fotografik geli\u015ftiricilerde bir alkali madde olarak, di\u011fer bor t\u00fcrevleri i\u00e7in bir \u00f6nc\u00fc olarak , borik asit ile birlikte b\u00f6cek ilac\u0131 (insektisit )olarak yararl\u0131d\u0131r.<\/p>\n<p>Boraks\u0131n ilk ke\u015ffi Tibet&#8217;teki kuru g\u00f6l yataklar\u0131nda bulunmas\u0131 ile ba\u015flad\u0131. Boraks, belirli mevsimlerde g\u00f6llerin tekrar tekrar buharla\u015ft\u0131r\u0131lmas\u0131yla \u00fcretilen evaporit yataklar\u0131nda do\u011fal olarak meydana gelir. Boraks, end\u00fcstride sentetik olarak di\u011fer t\u00fcm bor bile\u015fiklerinden de \u00fcretilebilir.<\/p>\n<p>Deterjanlarda borik asit ve di\u011fer boratlarda kullan\u0131lan (sodyum perborat monohidrat gibi) i\u00e7in \u00f6nc\u00fc madde olarak kullan\u0131lmaktad\u0131r.<\/p>\n<p>Metalurjide; boraks bazen, alt\u0131n \u00e7\u0131karma i\u015fleminde toksik c\u0131va ihtiyac\u0131n\u0131 ortadan kald\u0131rmak i\u00e7in bir ak\u0131 olarak kullan\u0131l\u0131r fakat direkt olarak civa yerine kullan\u0131lamaz.<\/p>\n<p>Boraks bir\u00e7ok uygulamaya sahip borik aside ve di\u011fer boratlara da basit\u00e7e d\u00f6n\u00fc\u015ft\u00fcr\u00fclebilir. Borik asitin hidroklorik asit ile reaksiyonu:<\/p>\n<p>&nbsp;<\/p>\n<p>Na2B4O7 \u00b7 10H20 2 HC1 \u2192 4 B (OH) 3 2 NaCl 5H2O<\/p>\n<p>Bir aleve boraks ilave edildi\u011finde sar\u0131-ye\u015fil renk \u00fcretir.<\/p>\n<p>Boraks, etilen glikolde \u00e7ok iyi \u00e7\u00f6z\u00fcn\u00fcr, dietilen glikol ve metil alkolde orta derecede \u00e7\u00f6z\u00fcn\u00fcr. Asetonda ve so\u011fuk suda az \u00e7\u00f6z\u00fcn\u00fcr, ancak s\u0131cakl\u0131k ile \u00e7\u00f6z\u00fcn\u00fcrl\u00fc\u011f\u00fc \u00f6nemli \u00f6l\u00e7\u00fcde artar.<\/p>\n","protected":false},"excerpt":{"rendered":"<p>Fiyatlar\u0131m\u0131za %20 kdv Dahildir.<\/p>\n<p>25 Kg Paketlerde<\/p>\n<p>Kargo Hari\u00e7tir.<\/p>\n","protected":false},"featured_media":633,"comment_status":"open","ping_status":"closed","template":"","meta":[],"product_brand":[],"product_cat":[22],"product_tag":[154,155],"class_list":{"0":"post-632","1":"product","2":"type-product","3":"status-publish","4":"has-post-thumbnail","6":"product_cat-ham-madde-kimyasallar","7":"product_tag-boraks","8":"product_tag-borax","10":"first","11":"instock","12":"shipping-taxable","13":"purchasable","14":"product-type-simple"},"yoast_head":"<!-- This site is optimized with the Yoast SEO plugin v27.5 - https:\/\/yoast.com\/product\/yoast-seo-wordpress\/ -->\n<title>BORAKS | Akem Kimya<\/title>\n<meta name=\"robots\" content=\"index, follow, max-snippet:-1, max-image-preview:large, max-video-preview:-1\" \/>\n<link rel=\"canonical\" href=\"https:\/\/www.akemkimya.com.tr\/satis\/urun\/boraks\/\" \/>\n<meta property=\"og:locale\" content=\"tr_TR\" \/>\n<meta property=\"og:type\" content=\"article\" \/>\n<meta property=\"og:title\" content=\"BORAKS | Akem Kimya\" \/>\n<meta property=\"og:description\" content=\"Fiyatlar\u0131m\u0131za %20 kdv Dahildir.  25 Kg Paketlerde  Kargo Hari\u00e7tir.\" \/>\n<meta property=\"og:url\" content=\"https:\/\/www.akemkimya.com.tr\/satis\/urun\/boraks\/\" \/>\n<meta property=\"og:site_name\" content=\"Akem Kimya\" \/>\n<meta property=\"article:modified_time\" content=\"2025-05-31T06:04:41+00:00\" \/>\n<meta property=\"og:image\" content=\"https:\/\/www.akemkimya.com.tr\/satis\/wp-content\/uploads\/2023\/04\/WhatsApp-Image-2023-04-18-at-13.38.23.jpeg\" \/>\n\t<meta property=\"og:image:width\" content=\"768\" \/>\n\t<meta property=\"og:image:height\" content=\"1024\" \/>\n\t<meta property=\"og:image:type\" content=\"image\/jpeg\" \/>\n<meta name=\"twitter:card\" content=\"summary_large_image\" \/>\n<meta name=\"twitter:label1\" content=\"Tahmini okuma s\u00fcresi\" \/>\n\t<meta name=\"twitter:data1\" content=\"2 dakika\" \/>\n<script type=\"application\/ld+json\" class=\"yoast-schema-graph\">{\"@context\":\"https:\\\/\\\/schema.org\",\"@graph\":[{\"@type\":\"WebPage\",\"@id\":\"https:\\\/\\\/www.akemkimya.com.tr\\\/satis\\\/urun\\\/boraks\\\/\",\"url\":\"https:\\\/\\\/www.akemkimya.com.tr\\\/satis\\\/urun\\\/boraks\\\/\",\"name\":\"BORAKS | Akem Kimya\",\"isPartOf\":{\"@id\":\"https:\\\/\\\/www.akemkimya.com.tr\\\/satis\\\/#website\"},\"primaryImageOfPage\":{\"@id\":\"https:\\\/\\\/www.akemkimya.com.tr\\\/satis\\\/urun\\\/boraks\\\/#primaryimage\"},\"image\":{\"@id\":\"https:\\\/\\\/www.akemkimya.com.tr\\\/satis\\\/urun\\\/boraks\\\/#primaryimage\"},\"thumbnailUrl\":\"https:\\\/\\\/www.akemkimya.com.tr\\\/satis\\\/wp-content\\\/uploads\\\/2023\\\/04\\\/WhatsApp-Image-2023-04-18-at-13.38.23.jpeg\",\"datePublished\":\"2023-04-19T08:19:01+00:00\",\"dateModified\":\"2025-05-31T06:04:41+00:00\",\"breadcrumb\":{\"@id\":\"https:\\\/\\\/www.akemkimya.com.tr\\\/satis\\\/urun\\\/boraks\\\/#breadcrumb\"},\"inLanguage\":\"tr\",\"potentialAction\":[{\"@type\":\"ReadAction\",\"target\":[\"https:\\\/\\\/www.akemkimya.com.tr\\\/satis\\\/urun\\\/boraks\\\/\"]}]},{\"@type\":\"ImageObject\",\"inLanguage\":\"tr\",\"@id\":\"https:\\\/\\\/www.akemkimya.com.tr\\\/satis\\\/urun\\\/boraks\\\/#primaryimage\",\"url\":\"https:\\\/\\\/www.akemkimya.com.tr\\\/satis\\\/wp-content\\\/uploads\\\/2023\\\/04\\\/WhatsApp-Image-2023-04-18-at-13.38.23.jpeg\",\"contentUrl\":\"https:\\\/\\\/www.akemkimya.com.tr\\\/satis\\\/wp-content\\\/uploads\\\/2023\\\/04\\\/WhatsApp-Image-2023-04-18-at-13.38.23.jpeg\",\"width\":768,\"height\":1024,\"caption\":\"Boraks\"},{\"@type\":\"BreadcrumbList\",\"@id\":\"https:\\\/\\\/www.akemkimya.com.tr\\\/satis\\\/urun\\\/boraks\\\/#breadcrumb\",\"itemListElement\":[{\"@type\":\"ListItem\",\"position\":1,\"name\":\"Anasayfa\",\"item\":\"https:\\\/\\\/www.akemkimya.com.tr\\\/satis\\\/\"},{\"@type\":\"ListItem\",\"position\":2,\"name\":\"Ma\u011faza\",\"item\":\"https:\\\/\\\/www.akemkimya.com.tr\\\/satis\\\/magaza\\\/\"},{\"@type\":\"ListItem\",\"position\":3,\"name\":\"BORAKS\"}]},{\"@type\":\"WebSite\",\"@id\":\"https:\\\/\\\/www.akemkimya.com.tr\\\/satis\\\/#website\",\"url\":\"https:\\\/\\\/www.akemkimya.com.tr\\\/satis\\\/\",\"name\":\"Akem Kimya\",\"description\":\"San. ve Tic. Ltd. \u015eti.\",\"publisher\":{\"@id\":\"https:\\\/\\\/www.akemkimya.com.tr\\\/satis\\\/#organization\"},\"potentialAction\":[{\"@type\":\"SearchAction\",\"target\":{\"@type\":\"EntryPoint\",\"urlTemplate\":\"https:\\\/\\\/www.akemkimya.com.tr\\\/satis\\\/?s={search_term_string}\"},\"query-input\":{\"@type\":\"PropertyValueSpecification\",\"valueRequired\":true,\"valueName\":\"search_term_string\"}}],\"inLanguage\":\"tr\"},{\"@type\":\"Organization\",\"@id\":\"https:\\\/\\\/www.akemkimya.com.tr\\\/satis\\\/#organization\",\"name\":\"Akem Kimya\",\"url\":\"https:\\\/\\\/www.akemkimya.com.tr\\\/satis\\\/\",\"logo\":{\"@type\":\"ImageObject\",\"inLanguage\":\"tr\",\"@id\":\"https:\\\/\\\/www.akemkimya.com.tr\\\/satis\\\/#\\\/schema\\\/logo\\\/image\\\/\",\"url\":\"https:\\\/\\\/www.akemkimya.com.tr\\\/satis\\\/wp-content\\\/uploads\\\/2021\\\/09\\\/akemkimya-logo.jpg\",\"contentUrl\":\"https:\\\/\\\/www.akemkimya.com.tr\\\/satis\\\/wp-content\\\/uploads\\\/2021\\\/09\\\/akemkimya-logo.jpg\",\"width\":379,\"height\":105,\"caption\":\"Akem Kimya\"},\"image\":{\"@id\":\"https:\\\/\\\/www.akemkimya.com.tr\\\/satis\\\/#\\\/schema\\\/logo\\\/image\\\/\"}}]}<\/script>\n<!-- \/ Yoast SEO plugin. -->","yoast_head_json":{"title":"BORAKS | Akem Kimya","robots":{"index":"index","follow":"follow","max-snippet":"max-snippet:-1","max-image-preview":"max-image-preview:large","max-video-preview":"max-video-preview:-1"},"canonical":"https:\/\/www.akemkimya.com.tr\/satis\/urun\/boraks\/","og_locale":"tr_TR","og_type":"article","og_title":"BORAKS | Akem Kimya","og_description":"Fiyatlar\u0131m\u0131za %20 kdv Dahildir.  25 Kg Paketlerde  Kargo Hari\u00e7tir.","og_url":"https:\/\/www.akemkimya.com.tr\/satis\/urun\/boraks\/","og_site_name":"Akem Kimya","article_modified_time":"2025-05-31T06:04:41+00:00","og_image":[{"width":768,"height":1024,"url":"https:\/\/www.akemkimya.com.tr\/satis\/wp-content\/uploads\/2023\/04\/WhatsApp-Image-2023-04-18-at-13.38.23.jpeg","type":"image\/jpeg"}],"twitter_card":"summary_large_image","twitter_misc":{"Tahmini okuma s\u00fcresi":"2 dakika"},"schema":{"@context":"https:\/\/schema.org","@graph":[{"@type":"WebPage","@id":"https:\/\/www.akemkimya.com.tr\/satis\/urun\/boraks\/","url":"https:\/\/www.akemkimya.com.tr\/satis\/urun\/boraks\/","name":"BORAKS | Akem Kimya","isPartOf":{"@id":"https:\/\/www.akemkimya.com.tr\/satis\/#website"},"primaryImageOfPage":{"@id":"https:\/\/www.akemkimya.com.tr\/satis\/urun\/boraks\/#primaryimage"},"image":{"@id":"https:\/\/www.akemkimya.com.tr\/satis\/urun\/boraks\/#primaryimage"},"thumbnailUrl":"https:\/\/www.akemkimya.com.tr\/satis\/wp-content\/uploads\/2023\/04\/WhatsApp-Image-2023-04-18-at-13.38.23.jpeg","datePublished":"2023-04-19T08:19:01+00:00","dateModified":"2025-05-31T06:04:41+00:00","breadcrumb":{"@id":"https:\/\/www.akemkimya.com.tr\/satis\/urun\/boraks\/#breadcrumb"},"inLanguage":"tr","potentialAction":[{"@type":"ReadAction","target":["https:\/\/www.akemkimya.com.tr\/satis\/urun\/boraks\/"]}]},{"@type":"ImageObject","inLanguage":"tr","@id":"https:\/\/www.akemkimya.com.tr\/satis\/urun\/boraks\/#primaryimage","url":"https:\/\/www.akemkimya.com.tr\/satis\/wp-content\/uploads\/2023\/04\/WhatsApp-Image-2023-04-18-at-13.38.23.jpeg","contentUrl":"https:\/\/www.akemkimya.com.tr\/satis\/wp-content\/uploads\/2023\/04\/WhatsApp-Image-2023-04-18-at-13.38.23.jpeg","width":768,"height":1024,"caption":"Boraks"},{"@type":"BreadcrumbList","@id":"https:\/\/www.akemkimya.com.tr\/satis\/urun\/boraks\/#breadcrumb","itemListElement":[{"@type":"ListItem","position":1,"name":"Anasayfa","item":"https:\/\/www.akemkimya.com.tr\/satis\/"},{"@type":"ListItem","position":2,"name":"Ma\u011faza","item":"https:\/\/www.akemkimya.com.tr\/satis\/magaza\/"},{"@type":"ListItem","position":3,"name":"BORAKS"}]},{"@type":"WebSite","@id":"https:\/\/www.akemkimya.com.tr\/satis\/#website","url":"https:\/\/www.akemkimya.com.tr\/satis\/","name":"Akem Kimya","description":"San. ve Tic. Ltd. \u015eti.","publisher":{"@id":"https:\/\/www.akemkimya.com.tr\/satis\/#organization"},"potentialAction":[{"@type":"SearchAction","target":{"@type":"EntryPoint","urlTemplate":"https:\/\/www.akemkimya.com.tr\/satis\/?s={search_term_string}"},"query-input":{"@type":"PropertyValueSpecification","valueRequired":true,"valueName":"search_term_string"}}],"inLanguage":"tr"},{"@type":"Organization","@id":"https:\/\/www.akemkimya.com.tr\/satis\/#organization","name":"Akem Kimya","url":"https:\/\/www.akemkimya.com.tr\/satis\/","logo":{"@type":"ImageObject","inLanguage":"tr","@id":"https:\/\/www.akemkimya.com.tr\/satis\/#\/schema\/logo\/image\/","url":"https:\/\/www.akemkimya.com.tr\/satis\/wp-content\/uploads\/2021\/09\/akemkimya-logo.jpg","contentUrl":"https:\/\/www.akemkimya.com.tr\/satis\/wp-content\/uploads\/2021\/09\/akemkimya-logo.jpg","width":379,"height":105,"caption":"Akem Kimya"},"image":{"@id":"https:\/\/www.akemkimya.com.tr\/satis\/#\/schema\/logo\/image\/"}}]}},"_links":{"self":[{"href":"https:\/\/www.akemkimya.com.tr\/satis\/wp-json\/wp\/v2\/product\/632","targetHints":{"allow":["GET"]}}],"collection":[{"href":"https:\/\/www.akemkimya.com.tr\/satis\/wp-json\/wp\/v2\/product"}],"about":[{"href":"https:\/\/www.akemkimya.com.tr\/satis\/wp-json\/wp\/v2\/types\/product"}],"replies":[{"embeddable":true,"href":"https:\/\/www.akemkimya.com.tr\/satis\/wp-json\/wp\/v2\/comments?post=632"}],"wp:featuredmedia":[{"embeddable":true,"href":"https:\/\/www.akemkimya.com.tr\/satis\/wp-json\/wp\/v2\/media\/633"}],"wp:attachment":[{"href":"https:\/\/www.akemkimya.com.tr\/satis\/wp-json\/wp\/v2\/media?parent=632"}],"wp:term":[{"taxonomy":"product_brand","embeddable":true,"href":"https:\/\/www.akemkimya.com.tr\/satis\/wp-json\/wp\/v2\/product_brand?post=632"},{"taxonomy":"product_cat","embeddable":true,"href":"https:\/\/www.akemkimya.com.tr\/satis\/wp-json\/wp\/v2\/product_cat?post=632"},{"taxonomy":"product_tag","embeddable":true,"href":"https:\/\/www.akemkimya.com.tr\/satis\/wp-json\/wp\/v2\/product_tag?post=632"}],"curies":[{"name":"wp","href":"https:\/\/api.w.org\/{rel}","templated":true}]}}