{"id":647,"date":"2023-05-31T16:33:13","date_gmt":"2023-05-31T13:33:13","guid":{"rendered":"https:\/\/www.akemkimya.com.tr\/satis\/?post_type=product&#038;p=647"},"modified":"2023-06-07T11:43:52","modified_gmt":"2023-06-07T08:43:52","slug":"toz-klor-56-2","status":"publish","type":"product","link":"https:\/\/www.akemkimya.com.tr\/satis\/urun\/toz-klor-56-2\/","title":{"rendered":"Toz Klor 56 &#8211; 50 Kg"},"content":{"rendered":"<p><span dir=\"ltr\" role=\"presentation\">\u2022<\/span> <span dir=\"ltr\" role=\"presentation\">%56 yo\u011funlukta stabilize, gran\u00fcl \u015feklinde diklordur<\/span><br role=\"presentation\" \/><span dir=\"ltr\" role=\"presentation\">\u2022<\/span> <span dir=\"ltr\" role=\"presentation\">Havuz suyunun dezenfeksiyonunda etkilidir, bakteri olu\u015fumunu engeller<\/span><br role=\"presentation\" \/><span dir=\"ltr\" role=\"presentation\">\u2022<\/span> <span dir=\"ltr\" role=\"presentation\">Havuzda hedef organizma; escherichia coli (kolibasi), hepatit vir\u00fcs\u00fc vb. mikroorganizmalard\u0131r<\/span><br role=\"presentation\" \/><span dir=\"ltr\" role=\"presentation\">\u2022<\/span> <span dir=\"ltr\" role=\"presentation\">pH de\u011feri n\u00f6t\u00fcrd\u00fcr<\/span><br role=\"presentation\" \/><span dir=\"ltr\" role=\"presentation\">\u2022<\/span> <span dir=\"ltr\" role=\"presentation\">Organik kirlilikleri okside ederek yosun olu\u015fumunu \u00f6nler<\/span><br role=\"presentation\" \/><span dir=\"ltr\" role=\"presentation\">\u2022<\/span> <span dir=\"ltr\" role=\"presentation\">Stabilizat\u00f6r i\u00e7erdi\u011fi i\u00e7in UV \u0131\u015f\u0131nlar\u0131 etkisi ile aktivite kayb\u0131 olma<\/span><\/p>\n","protected":false},"excerpt":{"rendered":"<p>\u00dcr\u00fcn ambalaj\u0131 50 KG \u2018d\u0131r.<\/p>\n<p>Fiyatlar\u0131m\u0131za %18 kdv Dahildir.<\/p>\n<p>Kargo Al\u0131c\u0131ya Aittir<\/p>\n","protected":false},"featured_media":648,"comment_status":"open","ping_status":"closed","template":"","meta":[],"product_brand":[],"product_cat":[25],"product_tag":[160,161,162],"class_list":{"0":"post-647","1":"product","2":"type-product","3":"status-publish","4":"has-post-thumbnail","6":"product_cat-havuz-kimyasallari","7":"product_tag-56-klor","8":"product_tag-granul-klor","9":"product_tag-toz-klor","11":"first","12":"outofstock","13":"shipping-taxable","14":"purchasable","15":"product-type-simple"},"yoast_head":"<!-- This site is optimized with the Yoast SEO plugin v27.4 - https:\/\/yoast.com\/product\/yoast-seo-wordpress\/ -->\n<title>Toz Klor 56 - 50 Kg | Akem Kimya<\/title>\n<meta name=\"description\" content=\"toz klor , gran\u00fcl klor , s\u0131v\u0131 klor , 56 klor , havuz kimyasallar\u0131 , havuz klor , ph d\u00fc\u015f\u00fcr\u00fcc\u00fc , y\u00fczey temizleyici , yosun \u00f6nleyici , \u00e7\u00f6kt\u00fcr\u00fcc\u00fc , parlat\u0131c\u0131\" \/>\n<meta name=\"robots\" content=\"index, follow, max-snippet:-1, max-image-preview:large, max-video-preview:-1\" \/>\n<link rel=\"canonical\" href=\"https:\/\/www.akemkimya.com.tr\/satis\/urun\/toz-klor-56-2\/\" \/>\n<meta property=\"og:locale\" content=\"tr_TR\" \/>\n<meta property=\"og:type\" content=\"article\" \/>\n<meta property=\"og:title\" content=\"Toz Klor 56 - 50 Kg | Akem Kimya\" \/>\n<meta property=\"og:description\" content=\"toz klor , gran\u00fcl klor , s\u0131v\u0131 klor , 56 klor , havuz kimyasallar\u0131 , havuz klor , ph d\u00fc\u015f\u00fcr\u00fcc\u00fc , y\u00fczey temizleyici , yosun \u00f6nleyici , \u00e7\u00f6kt\u00fcr\u00fcc\u00fc , parlat\u0131c\u0131\" \/>\n<meta property=\"og:url\" content=\"https:\/\/www.akemkimya.com.tr\/satis\/urun\/toz-klor-56-2\/\" \/>\n<meta property=\"og:site_name\" content=\"Akem Kimya\" \/>\n<meta property=\"article:modified_time\" content=\"2023-06-07T08:43:52+00:00\" \/>\n<meta property=\"og:image\" content=\"https:\/\/www.akemkimya.com.tr\/satis\/wp-content\/uploads\/2023\/05\/TOZ-56-50-KG.jpg\" \/>\n\t<meta property=\"og:image:width\" content=\"1700\" \/>\n\t<meta property=\"og:image:height\" content=\"2200\" \/>\n\t<meta property=\"og:image:type\" content=\"image\/jpeg\" \/>\n<meta name=\"twitter:card\" content=\"summary_large_image\" \/>\n<meta name=\"twitter:label1\" content=\"Tahmini okuma s\u00fcresi\" \/>\n\t<meta name=\"twitter:data1\" content=\"1 dakika\" \/>\n<script type=\"application\/ld+json\" class=\"yoast-schema-graph\">{\"@context\":\"https:\\\/\\\/schema.org\",\"@graph\":[{\"@type\":\"WebPage\",\"@id\":\"https:\\\/\\\/www.akemkimya.com.tr\\\/satis\\\/urun\\\/toz-klor-56-2\\\/\",\"url\":\"https:\\\/\\\/www.akemkimya.com.tr\\\/satis\\\/urun\\\/toz-klor-56-2\\\/\",\"name\":\"Toz Klor 56 - 50 Kg | Akem Kimya\",\"isPartOf\":{\"@id\":\"https:\\\/\\\/www.akemkimya.com.tr\\\/satis\\\/#website\"},\"primaryImageOfPage\":{\"@id\":\"https:\\\/\\\/www.akemkimya.com.tr\\\/satis\\\/urun\\\/toz-klor-56-2\\\/#primaryimage\"},\"image\":{\"@id\":\"https:\\\/\\\/www.akemkimya.com.tr\\\/satis\\\/urun\\\/toz-klor-56-2\\\/#primaryimage\"},\"thumbnailUrl\":\"https:\\\/\\\/www.akemkimya.com.tr\\\/satis\\\/wp-content\\\/uploads\\\/2023\\\/05\\\/TOZ-56-50-KG.jpg\",\"datePublished\":\"2023-05-31T13:33:13+00:00\",\"dateModified\":\"2023-06-07T08:43:52+00:00\",\"description\":\"toz klor , gran\u00fcl klor , s\u0131v\u0131 klor , 56 klor , havuz kimyasallar\u0131 , havuz klor , ph d\u00fc\u015f\u00fcr\u00fcc\u00fc , y\u00fczey temizleyici , yosun \u00f6nleyici , \u00e7\u00f6kt\u00fcr\u00fcc\u00fc , parlat\u0131c\u0131\",\"breadcrumb\":{\"@id\":\"https:\\\/\\\/www.akemkimya.com.tr\\\/satis\\\/urun\\\/toz-klor-56-2\\\/#breadcrumb\"},\"inLanguage\":\"tr\",\"potentialAction\":[{\"@type\":\"ReadAction\",\"target\":[\"https:\\\/\\\/www.akemkimya.com.tr\\\/satis\\\/urun\\\/toz-klor-56-2\\\/\"]}]},{\"@type\":\"ImageObject\",\"inLanguage\":\"tr\",\"@id\":\"https:\\\/\\\/www.akemkimya.com.tr\\\/satis\\\/urun\\\/toz-klor-56-2\\\/#primaryimage\",\"url\":\"https:\\\/\\\/www.akemkimya.com.tr\\\/satis\\\/wp-content\\\/uploads\\\/2023\\\/05\\\/TOZ-56-50-KG.jpg\",\"contentUrl\":\"https:\\\/\\\/www.akemkimya.com.tr\\\/satis\\\/wp-content\\\/uploads\\\/2023\\\/05\\\/TOZ-56-50-KG.jpg\",\"width\":1700,\"height\":2200},{\"@type\":\"BreadcrumbList\",\"@id\":\"https:\\\/\\\/www.akemkimya.com.tr\\\/satis\\\/urun\\\/toz-klor-56-2\\\/#breadcrumb\",\"itemListElement\":[{\"@type\":\"ListItem\",\"position\":1,\"name\":\"Anasayfa\",\"item\":\"https:\\\/\\\/www.akemkimya.com.tr\\\/satis\\\/\"},{\"@type\":\"ListItem\",\"position\":2,\"name\":\"Ma\u011faza\",\"item\":\"https:\\\/\\\/www.akemkimya.com.tr\\\/satis\\\/magaza\\\/\"},{\"@type\":\"ListItem\",\"position\":3,\"name\":\"Toz Klor 56 &#8211; 50 Kg\"}]},{\"@type\":\"WebSite\",\"@id\":\"https:\\\/\\\/www.akemkimya.com.tr\\\/satis\\\/#website\",\"url\":\"https:\\\/\\\/www.akemkimya.com.tr\\\/satis\\\/\",\"name\":\"Akem Kimya\",\"description\":\"San. ve Tic. Ltd. \u015eti.\",\"publisher\":{\"@id\":\"https:\\\/\\\/www.akemkimya.com.tr\\\/satis\\\/#organization\"},\"potentialAction\":[{\"@type\":\"SearchAction\",\"target\":{\"@type\":\"EntryPoint\",\"urlTemplate\":\"https:\\\/\\\/www.akemkimya.com.tr\\\/satis\\\/?s={search_term_string}\"},\"query-input\":{\"@type\":\"PropertyValueSpecification\",\"valueRequired\":true,\"valueName\":\"search_term_string\"}}],\"inLanguage\":\"tr\"},{\"@type\":\"Organization\",\"@id\":\"https:\\\/\\\/www.akemkimya.com.tr\\\/satis\\\/#organization\",\"name\":\"Akem Kimya\",\"url\":\"https:\\\/\\\/www.akemkimya.com.tr\\\/satis\\\/\",\"logo\":{\"@type\":\"ImageObject\",\"inLanguage\":\"tr\",\"@id\":\"https:\\\/\\\/www.akemkimya.com.tr\\\/satis\\\/#\\\/schema\\\/logo\\\/image\\\/\",\"url\":\"https:\\\/\\\/www.akemkimya.com.tr\\\/satis\\\/wp-content\\\/uploads\\\/2021\\\/09\\\/akemkimya-logo.jpg\",\"contentUrl\":\"https:\\\/\\\/www.akemkimya.com.tr\\\/satis\\\/wp-content\\\/uploads\\\/2021\\\/09\\\/akemkimya-logo.jpg\",\"width\":379,\"height\":105,\"caption\":\"Akem Kimya\"},\"image\":{\"@id\":\"https:\\\/\\\/www.akemkimya.com.tr\\\/satis\\\/#\\\/schema\\\/logo\\\/image\\\/\"}}]}<\/script>\n<!-- \/ Yoast SEO plugin. -->","yoast_head_json":{"title":"Toz Klor 56 - 50 Kg | Akem Kimya","description":"toz klor , gran\u00fcl klor , s\u0131v\u0131 klor , 56 klor , havuz kimyasallar\u0131 , havuz klor , ph d\u00fc\u015f\u00fcr\u00fcc\u00fc , y\u00fczey temizleyici , yosun \u00f6nleyici , \u00e7\u00f6kt\u00fcr\u00fcc\u00fc , parlat\u0131c\u0131","robots":{"index":"index","follow":"follow","max-snippet":"max-snippet:-1","max-image-preview":"max-image-preview:large","max-video-preview":"max-video-preview:-1"},"canonical":"https:\/\/www.akemkimya.com.tr\/satis\/urun\/toz-klor-56-2\/","og_locale":"tr_TR","og_type":"article","og_title":"Toz Klor 56 - 50 Kg | Akem Kimya","og_description":"toz klor , gran\u00fcl klor , s\u0131v\u0131 klor , 56 klor , havuz kimyasallar\u0131 , havuz klor , ph d\u00fc\u015f\u00fcr\u00fcc\u00fc , y\u00fczey temizleyici , yosun \u00f6nleyici , \u00e7\u00f6kt\u00fcr\u00fcc\u00fc , parlat\u0131c\u0131","og_url":"https:\/\/www.akemkimya.com.tr\/satis\/urun\/toz-klor-56-2\/","og_site_name":"Akem Kimya","article_modified_time":"2023-06-07T08:43:52+00:00","og_image":[{"width":1700,"height":2200,"url":"https:\/\/www.akemkimya.com.tr\/satis\/wp-content\/uploads\/2023\/05\/TOZ-56-50-KG.jpg","type":"image\/jpeg"}],"twitter_card":"summary_large_image","twitter_misc":{"Tahmini okuma s\u00fcresi":"1 dakika"},"schema":{"@context":"https:\/\/schema.org","@graph":[{"@type":"WebPage","@id":"https:\/\/www.akemkimya.com.tr\/satis\/urun\/toz-klor-56-2\/","url":"https:\/\/www.akemkimya.com.tr\/satis\/urun\/toz-klor-56-2\/","name":"Toz Klor 56 - 50 Kg | Akem Kimya","isPartOf":{"@id":"https:\/\/www.akemkimya.com.tr\/satis\/#website"},"primaryImageOfPage":{"@id":"https:\/\/www.akemkimya.com.tr\/satis\/urun\/toz-klor-56-2\/#primaryimage"},"image":{"@id":"https:\/\/www.akemkimya.com.tr\/satis\/urun\/toz-klor-56-2\/#primaryimage"},"thumbnailUrl":"https:\/\/www.akemkimya.com.tr\/satis\/wp-content\/uploads\/2023\/05\/TOZ-56-50-KG.jpg","datePublished":"2023-05-31T13:33:13+00:00","dateModified":"2023-06-07T08:43:52+00:00","description":"toz klor , gran\u00fcl klor , s\u0131v\u0131 klor , 56 klor , havuz kimyasallar\u0131 , havuz klor , ph d\u00fc\u015f\u00fcr\u00fcc\u00fc , y\u00fczey temizleyici , yosun \u00f6nleyici , \u00e7\u00f6kt\u00fcr\u00fcc\u00fc , parlat\u0131c\u0131","breadcrumb":{"@id":"https:\/\/www.akemkimya.com.tr\/satis\/urun\/toz-klor-56-2\/#breadcrumb"},"inLanguage":"tr","potentialAction":[{"@type":"ReadAction","target":["https:\/\/www.akemkimya.com.tr\/satis\/urun\/toz-klor-56-2\/"]}]},{"@type":"ImageObject","inLanguage":"tr","@id":"https:\/\/www.akemkimya.com.tr\/satis\/urun\/toz-klor-56-2\/#primaryimage","url":"https:\/\/www.akemkimya.com.tr\/satis\/wp-content\/uploads\/2023\/05\/TOZ-56-50-KG.jpg","contentUrl":"https:\/\/www.akemkimya.com.tr\/satis\/wp-content\/uploads\/2023\/05\/TOZ-56-50-KG.jpg","width":1700,"height":2200},{"@type":"BreadcrumbList","@id":"https:\/\/www.akemkimya.com.tr\/satis\/urun\/toz-klor-56-2\/#breadcrumb","itemListElement":[{"@type":"ListItem","position":1,"name":"Anasayfa","item":"https:\/\/www.akemkimya.com.tr\/satis\/"},{"@type":"ListItem","position":2,"name":"Ma\u011faza","item":"https:\/\/www.akemkimya.com.tr\/satis\/magaza\/"},{"@type":"ListItem","position":3,"name":"Toz Klor 56 &#8211; 50 Kg"}]},{"@type":"WebSite","@id":"https:\/\/www.akemkimya.com.tr\/satis\/#website","url":"https:\/\/www.akemkimya.com.tr\/satis\/","name":"Akem Kimya","description":"San. ve Tic. Ltd. \u015eti.","publisher":{"@id":"https:\/\/www.akemkimya.com.tr\/satis\/#organization"},"potentialAction":[{"@type":"SearchAction","target":{"@type":"EntryPoint","urlTemplate":"https:\/\/www.akemkimya.com.tr\/satis\/?s={search_term_string}"},"query-input":{"@type":"PropertyValueSpecification","valueRequired":true,"valueName":"search_term_string"}}],"inLanguage":"tr"},{"@type":"Organization","@id":"https:\/\/www.akemkimya.com.tr\/satis\/#organization","name":"Akem Kimya","url":"https:\/\/www.akemkimya.com.tr\/satis\/","logo":{"@type":"ImageObject","inLanguage":"tr","@id":"https:\/\/www.akemkimya.com.tr\/satis\/#\/schema\/logo\/image\/","url":"https:\/\/www.akemkimya.com.tr\/satis\/wp-content\/uploads\/2021\/09\/akemkimya-logo.jpg","contentUrl":"https:\/\/www.akemkimya.com.tr\/satis\/wp-content\/uploads\/2021\/09\/akemkimya-logo.jpg","width":379,"height":105,"caption":"Akem Kimya"},"image":{"@id":"https:\/\/www.akemkimya.com.tr\/satis\/#\/schema\/logo\/image\/"}}]}},"_links":{"self":[{"href":"https:\/\/www.akemkimya.com.tr\/satis\/wp-json\/wp\/v2\/product\/647","targetHints":{"allow":["GET"]}}],"collection":[{"href":"https:\/\/www.akemkimya.com.tr\/satis\/wp-json\/wp\/v2\/product"}],"about":[{"href":"https:\/\/www.akemkimya.com.tr\/satis\/wp-json\/wp\/v2\/types\/product"}],"replies":[{"embeddable":true,"href":"https:\/\/www.akemkimya.com.tr\/satis\/wp-json\/wp\/v2\/comments?post=647"}],"wp:featuredmedia":[{"embeddable":true,"href":"https:\/\/www.akemkimya.com.tr\/satis\/wp-json\/wp\/v2\/media\/648"}],"wp:attachment":[{"href":"https:\/\/www.akemkimya.com.tr\/satis\/wp-json\/wp\/v2\/media?parent=647"}],"wp:term":[{"taxonomy":"product_brand","embeddable":true,"href":"https:\/\/www.akemkimya.com.tr\/satis\/wp-json\/wp\/v2\/product_brand?post=647"},{"taxonomy":"product_cat","embeddable":true,"href":"https:\/\/www.akemkimya.com.tr\/satis\/wp-json\/wp\/v2\/product_cat?post=647"},{"taxonomy":"product_tag","embeddable":true,"href":"https:\/\/www.akemkimya.com.tr\/satis\/wp-json\/wp\/v2\/product_tag?post=647"}],"curies":[{"name":"wp","href":"https:\/\/api.w.org\/{rel}","templated":true}]}}