{"id":650,"date":"2023-05-31T16:39:32","date_gmt":"2023-05-31T13:39:32","guid":{"rendered":"https:\/\/www.akemkimya.com.tr\/satis\/?post_type=product&#038;p=650"},"modified":"2023-06-07T11:43:43","modified_gmt":"2023-06-07T08:43:43","slug":"sivi-klor-2","status":"publish","type":"product","link":"https:\/\/www.akemkimya.com.tr\/satis\/urun\/sivi-klor-2\/","title":{"rendered":"S\u0131v\u0131 Klor"},"content":{"rendered":"<div>\n<h2>Havuz Suyu Dezenfektan\u0131.<\/h2>\n<\/div>\n<div>Stabilizat\u00f6r i\u00e7ermeyen, havuz suyu dezenfeksiyonunda kullan\u0131lan s\u0131v\u0131 bir \u00fcr\u00fcnd\u00fcr.<\/div>\n<div>Stabilitesi di\u011fer klorlu bile\u015fiklere g\u00f6re daha azd\u0131r. \u015eok klorlama i\u00e7in en \u00e7ok tercih edilen \u00fcr\u00fcnd\u00fcr.<br \/>\nMaddenin Kimyasal Ad\u0131:\u00a0Sodyum Hipoklorit %13-16 aktif klor<\/div>\n<div><\/div>\n<h4>SIVI KLOR \u00d6ZELL\u0130KLER\u0130<\/h4>\n<div>\n<table border=\"1\" width=\"361\" cellspacing=\"0\" cellpadding=\"0\">\n<tbody>\n<tr>\n<td>\n<div>ANAL\u0130Z PARAMETRELER\u0130<\/div>\n<\/td>\n<td>\n<div>SPES\u0130F\u0130KASYON DE\u011eER\u0130<\/div>\n<\/td>\n<\/tr>\n<tr>\n<td>\n<div>G\u00f6r\u00fcn\u00fcm<\/div>\n<\/td>\n<td>\n<div>Berrak \u2013 sar\u0131<\/div>\n<\/td>\n<\/tr>\n<tr>\n<td>\n<div>Aktif klor<\/div>\n<\/td>\n<td>\n<div>13 \u2013 16<\/div>\n<\/td>\n<\/tr>\n<tr>\n<td>\n<div>&#8211;<\/div>\n<\/td>\n<td>&#8211;<\/td>\n<\/tr>\n<tr>\n<td>\n<div>Na2CO3<\/div>\n<\/td>\n<td>\n<div>Max. 0,4<\/div>\n<\/td>\n<\/tr>\n<tr>\n<td>\n<div>NaOH<\/div>\n<\/td>\n<td>\n<div>0,7 \u2013 1,1<\/div>\n<\/td>\n<\/tr>\n<tr>\n<td>\n<div>Yo\u011funluk (q\/ml)<\/div>\n<\/td>\n<td>\n<div>1,208 \u00b1 0,05<\/div>\n<\/td>\n<\/tr>\n<\/tbody>\n<\/table>\n<\/div>\n<div><\/div>\n<div>\n<h5>S\u0131v\u0131 Klor<\/h5>\n<p>100 m\u00b3 havuz suyunda 1,5 ppm klor de\u011ferine ula\u015fmak i\u00e7in 1000 ml \u2013 1250 ml (1200 \u2013 1500 gr) Pera Pool Chlor LQ kullan\u0131l\u0131r.<\/p>\n<\/div>\n<div>S\u0131v\u0131 oldu\u011fundan dozaj pompas\u0131yla kullan\u0131ma uygundur. Stabilizat\u00f6r i\u00e7ermedi\u011finden, klor seviyesini korumak zor olaca\u011f\u0131ndan,<\/div>\n<div>otomatik kontrol paneli olmayan havuzlarda kullan\u0131lmas\u0131 \u00f6nerilmez veya stabilizat\u00f6rl\u00fc bir klorlu bile\u015fikle kombin olarak kullan\u0131m\u0131 \u00f6nerilir.<\/div>\n<div><\/div>\n<div>G\u00fcvenli Kullan\u0131m ve Depolama Bilgisi<br \/>\n\u2022 Sodyum hipokloritin s\u0131n\u0131rl\u0131 raf \u00f6mr\u00fc y\u00fcz\u00fcnden uzun s\u00fcre depolamak olanaks\u0131zd\u0131r. Kuru, so\u011fuk yerlerde,<\/div>\n<div>g\u00fcn \u0131\u015f\u0131\u011f\u0131 ve yan\u0131c\u0131 maddelerden uzakta depolay\u0131n. Depolama s\u0131cakl\u0131\u011f\u0131n\u0131 19 \u00b0C\u2019nin alt\u0131nda tutun.<br \/>\n\u2022 Asitler ile temas etti\u011finde toksik\/zehirli gaz a\u00e7\u0131\u011fa \u00e7\u0131kar. Asitlerden uzak tutun.<br \/>\n\u2022 Yan\u0131c\u0131 ve uzla\u015fmaz maddelerden uzakta tutun. Art\u0131klar\u0131 asla kutular\u0131n i\u00e7ine doldurmay\u0131n.<br \/>\n\u2022 \u00c7al\u0131\u015f\u0131rken uygun koruyucu giysi, koruyucu eldiven, koruyucu g\u00f6zl\u00fck\/maske kullan\u0131n.<br \/>\n\u2022 G\u00f6z ve cilt temas\u0131ndan ka\u00e7\u0131n\u0131n. G\u00f6zlerle temas\u0131 halinde, bol miktarda su ile y\u0131kay\u0131n ve t\u0131bbi destek al\u0131n.<br \/>\n\u2022 Deri ile temas\u0131nda derhal bol su ile y\u0131kay\u0131n.<br \/>\n\u2022 Ambalajlama malzemesi olarak PVC, PTFE \u2013 Metal malzeme kullanmay\u0131n.<br \/>\n\u2022 Kilit alt\u0131nda ve \u00e7ocuklar\u0131n ula\u015famayaca\u011f\u0131 bir yerde muhafaza edin.<br \/>\nBurada verilen bilgiler, bu dok\u00fcman\u0131n bas\u0131ld\u0131\u011f\u0131 tarihte sahip oldu\u011fumuz bilgilere dayanmaktad\u0131r.<\/div>\n","protected":false},"excerpt":{"rendered":"<p>\u00dcr\u00fcn ambalaj\u0131 35 KG \u2018d\u0131r.<\/p>\n<p>Fiyatlar\u0131m\u0131za %18 kdv Dahildir.<\/p>\n<p>Kargo Al\u0131c\u0131ya Aittir.<\/p>\n","protected":false},"featured_media":651,"comment_status":"open","ping_status":"closed","template":"","meta":[],"product_brand":[],"product_cat":[25],"product_tag":[159,99],"class_list":{"0":"post-650","1":"product","2":"type-product","3":"status-publish","4":"has-post-thumbnail","6":"product_cat-havuz-kimyasallari","7":"product_tag-klor","8":"product_tag-sivi-klor","10":"first","11":"outofstock","12":"shipping-taxable","13":"purchasable","14":"product-type-simple"},"yoast_head":"<!-- This site is optimized with the Yoast SEO plugin v27.4 - https:\/\/yoast.com\/product\/yoast-seo-wordpress\/ -->\n<title>S\u0131v\u0131 Klor | Akem Kimya<\/title>\n<meta name=\"description\" content=\"s\u0131v\u0131 klor , klor , toz klor , gran\u00fcl klor , s\u0131v\u0131 klor , 56 klor , havuz kimyasallar\u0131 , havuz klor , ph d\u00fc\u015f\u00fcr\u00fcc\u00fc , y\u00fczey temizleyici , yosun \u00f6nleyici\" \/>\n<meta name=\"robots\" content=\"index, follow, max-snippet:-1, max-image-preview:large, max-video-preview:-1\" \/>\n<link rel=\"canonical\" href=\"https:\/\/www.akemkimya.com.tr\/satis\/urun\/sivi-klor-2\/\" \/>\n<meta property=\"og:locale\" content=\"tr_TR\" \/>\n<meta property=\"og:type\" content=\"article\" \/>\n<meta property=\"og:title\" content=\"S\u0131v\u0131 Klor | Akem Kimya\" \/>\n<meta property=\"og:description\" content=\"s\u0131v\u0131 klor , klor , toz klor , gran\u00fcl klor , s\u0131v\u0131 klor , 56 klor , havuz kimyasallar\u0131 , havuz klor , ph d\u00fc\u015f\u00fcr\u00fcc\u00fc , y\u00fczey temizleyici , yosun \u00f6nleyici\" \/>\n<meta property=\"og:url\" content=\"https:\/\/www.akemkimya.com.tr\/satis\/urun\/sivi-klor-2\/\" \/>\n<meta property=\"og:site_name\" content=\"Akem Kimya\" \/>\n<meta property=\"article:modified_time\" content=\"2023-06-07T08:43:43+00:00\" \/>\n<meta property=\"og:image\" content=\"https:\/\/www.akemkimya.com.tr\/satis\/wp-content\/uploads\/2023\/05\/SIVI-KLOR.jpg\" \/>\n\t<meta property=\"og:image:width\" content=\"1700\" \/>\n\t<meta property=\"og:image:height\" content=\"2200\" \/>\n\t<meta property=\"og:image:type\" content=\"image\/jpeg\" \/>\n<meta name=\"twitter:card\" content=\"summary_large_image\" \/>\n<meta name=\"twitter:label1\" content=\"Tahmini okuma s\u00fcresi\" \/>\n\t<meta name=\"twitter:data1\" content=\"2 dakika\" \/>\n<script type=\"application\/ld+json\" class=\"yoast-schema-graph\">{\"@context\":\"https:\\\/\\\/schema.org\",\"@graph\":[{\"@type\":\"WebPage\",\"@id\":\"https:\\\/\\\/www.akemkimya.com.tr\\\/satis\\\/urun\\\/sivi-klor-2\\\/\",\"url\":\"https:\\\/\\\/www.akemkimya.com.tr\\\/satis\\\/urun\\\/sivi-klor-2\\\/\",\"name\":\"S\u0131v\u0131 Klor | Akem Kimya\",\"isPartOf\":{\"@id\":\"https:\\\/\\\/www.akemkimya.com.tr\\\/satis\\\/#website\"},\"primaryImageOfPage\":{\"@id\":\"https:\\\/\\\/www.akemkimya.com.tr\\\/satis\\\/urun\\\/sivi-klor-2\\\/#primaryimage\"},\"image\":{\"@id\":\"https:\\\/\\\/www.akemkimya.com.tr\\\/satis\\\/urun\\\/sivi-klor-2\\\/#primaryimage\"},\"thumbnailUrl\":\"https:\\\/\\\/www.akemkimya.com.tr\\\/satis\\\/wp-content\\\/uploads\\\/2023\\\/05\\\/SIVI-KLOR.jpg\",\"datePublished\":\"2023-05-31T13:39:32+00:00\",\"dateModified\":\"2023-06-07T08:43:43+00:00\",\"description\":\"s\u0131v\u0131 klor , klor , toz klor , gran\u00fcl klor , s\u0131v\u0131 klor , 56 klor , havuz kimyasallar\u0131 , havuz klor , ph d\u00fc\u015f\u00fcr\u00fcc\u00fc , y\u00fczey temizleyici , yosun \u00f6nleyici\",\"breadcrumb\":{\"@id\":\"https:\\\/\\\/www.akemkimya.com.tr\\\/satis\\\/urun\\\/sivi-klor-2\\\/#breadcrumb\"},\"inLanguage\":\"tr\",\"potentialAction\":[{\"@type\":\"ReadAction\",\"target\":[\"https:\\\/\\\/www.akemkimya.com.tr\\\/satis\\\/urun\\\/sivi-klor-2\\\/\"]}]},{\"@type\":\"ImageObject\",\"inLanguage\":\"tr\",\"@id\":\"https:\\\/\\\/www.akemkimya.com.tr\\\/satis\\\/urun\\\/sivi-klor-2\\\/#primaryimage\",\"url\":\"https:\\\/\\\/www.akemkimya.com.tr\\\/satis\\\/wp-content\\\/uploads\\\/2023\\\/05\\\/SIVI-KLOR.jpg\",\"contentUrl\":\"https:\\\/\\\/www.akemkimya.com.tr\\\/satis\\\/wp-content\\\/uploads\\\/2023\\\/05\\\/SIVI-KLOR.jpg\",\"width\":1700,\"height\":2200},{\"@type\":\"BreadcrumbList\",\"@id\":\"https:\\\/\\\/www.akemkimya.com.tr\\\/satis\\\/urun\\\/sivi-klor-2\\\/#breadcrumb\",\"itemListElement\":[{\"@type\":\"ListItem\",\"position\":1,\"name\":\"Anasayfa\",\"item\":\"https:\\\/\\\/www.akemkimya.com.tr\\\/satis\\\/\"},{\"@type\":\"ListItem\",\"position\":2,\"name\":\"Ma\u011faza\",\"item\":\"https:\\\/\\\/www.akemkimya.com.tr\\\/satis\\\/magaza\\\/\"},{\"@type\":\"ListItem\",\"position\":3,\"name\":\"S\u0131v\u0131 Klor\"}]},{\"@type\":\"WebSite\",\"@id\":\"https:\\\/\\\/www.akemkimya.com.tr\\\/satis\\\/#website\",\"url\":\"https:\\\/\\\/www.akemkimya.com.tr\\\/satis\\\/\",\"name\":\"Akem Kimya\",\"description\":\"San. ve Tic. Ltd. \u015eti.\",\"publisher\":{\"@id\":\"https:\\\/\\\/www.akemkimya.com.tr\\\/satis\\\/#organization\"},\"potentialAction\":[{\"@type\":\"SearchAction\",\"target\":{\"@type\":\"EntryPoint\",\"urlTemplate\":\"https:\\\/\\\/www.akemkimya.com.tr\\\/satis\\\/?s={search_term_string}\"},\"query-input\":{\"@type\":\"PropertyValueSpecification\",\"valueRequired\":true,\"valueName\":\"search_term_string\"}}],\"inLanguage\":\"tr\"},{\"@type\":\"Organization\",\"@id\":\"https:\\\/\\\/www.akemkimya.com.tr\\\/satis\\\/#organization\",\"name\":\"Akem Kimya\",\"url\":\"https:\\\/\\\/www.akemkimya.com.tr\\\/satis\\\/\",\"logo\":{\"@type\":\"ImageObject\",\"inLanguage\":\"tr\",\"@id\":\"https:\\\/\\\/www.akemkimya.com.tr\\\/satis\\\/#\\\/schema\\\/logo\\\/image\\\/\",\"url\":\"https:\\\/\\\/www.akemkimya.com.tr\\\/satis\\\/wp-content\\\/uploads\\\/2021\\\/09\\\/akemkimya-logo.jpg\",\"contentUrl\":\"https:\\\/\\\/www.akemkimya.com.tr\\\/satis\\\/wp-content\\\/uploads\\\/2021\\\/09\\\/akemkimya-logo.jpg\",\"width\":379,\"height\":105,\"caption\":\"Akem Kimya\"},\"image\":{\"@id\":\"https:\\\/\\\/www.akemkimya.com.tr\\\/satis\\\/#\\\/schema\\\/logo\\\/image\\\/\"}}]}<\/script>\n<!-- \/ Yoast SEO plugin. -->","yoast_head_json":{"title":"S\u0131v\u0131 Klor | Akem Kimya","description":"s\u0131v\u0131 klor , klor , toz klor , gran\u00fcl klor , s\u0131v\u0131 klor , 56 klor , havuz kimyasallar\u0131 , havuz klor , ph d\u00fc\u015f\u00fcr\u00fcc\u00fc , y\u00fczey temizleyici , yosun \u00f6nleyici","robots":{"index":"index","follow":"follow","max-snippet":"max-snippet:-1","max-image-preview":"max-image-preview:large","max-video-preview":"max-video-preview:-1"},"canonical":"https:\/\/www.akemkimya.com.tr\/satis\/urun\/sivi-klor-2\/","og_locale":"tr_TR","og_type":"article","og_title":"S\u0131v\u0131 Klor | Akem Kimya","og_description":"s\u0131v\u0131 klor , klor , toz klor , gran\u00fcl klor , s\u0131v\u0131 klor , 56 klor , havuz kimyasallar\u0131 , havuz klor , ph d\u00fc\u015f\u00fcr\u00fcc\u00fc , y\u00fczey temizleyici , yosun \u00f6nleyici","og_url":"https:\/\/www.akemkimya.com.tr\/satis\/urun\/sivi-klor-2\/","og_site_name":"Akem Kimya","article_modified_time":"2023-06-07T08:43:43+00:00","og_image":[{"width":1700,"height":2200,"url":"https:\/\/www.akemkimya.com.tr\/satis\/wp-content\/uploads\/2023\/05\/SIVI-KLOR.jpg","type":"image\/jpeg"}],"twitter_card":"summary_large_image","twitter_misc":{"Tahmini okuma s\u00fcresi":"2 dakika"},"schema":{"@context":"https:\/\/schema.org","@graph":[{"@type":"WebPage","@id":"https:\/\/www.akemkimya.com.tr\/satis\/urun\/sivi-klor-2\/","url":"https:\/\/www.akemkimya.com.tr\/satis\/urun\/sivi-klor-2\/","name":"S\u0131v\u0131 Klor | Akem Kimya","isPartOf":{"@id":"https:\/\/www.akemkimya.com.tr\/satis\/#website"},"primaryImageOfPage":{"@id":"https:\/\/www.akemkimya.com.tr\/satis\/urun\/sivi-klor-2\/#primaryimage"},"image":{"@id":"https:\/\/www.akemkimya.com.tr\/satis\/urun\/sivi-klor-2\/#primaryimage"},"thumbnailUrl":"https:\/\/www.akemkimya.com.tr\/satis\/wp-content\/uploads\/2023\/05\/SIVI-KLOR.jpg","datePublished":"2023-05-31T13:39:32+00:00","dateModified":"2023-06-07T08:43:43+00:00","description":"s\u0131v\u0131 klor , klor , toz klor , gran\u00fcl klor , s\u0131v\u0131 klor , 56 klor , havuz kimyasallar\u0131 , havuz klor , ph d\u00fc\u015f\u00fcr\u00fcc\u00fc , y\u00fczey temizleyici , yosun \u00f6nleyici","breadcrumb":{"@id":"https:\/\/www.akemkimya.com.tr\/satis\/urun\/sivi-klor-2\/#breadcrumb"},"inLanguage":"tr","potentialAction":[{"@type":"ReadAction","target":["https:\/\/www.akemkimya.com.tr\/satis\/urun\/sivi-klor-2\/"]}]},{"@type":"ImageObject","inLanguage":"tr","@id":"https:\/\/www.akemkimya.com.tr\/satis\/urun\/sivi-klor-2\/#primaryimage","url":"https:\/\/www.akemkimya.com.tr\/satis\/wp-content\/uploads\/2023\/05\/SIVI-KLOR.jpg","contentUrl":"https:\/\/www.akemkimya.com.tr\/satis\/wp-content\/uploads\/2023\/05\/SIVI-KLOR.jpg","width":1700,"height":2200},{"@type":"BreadcrumbList","@id":"https:\/\/www.akemkimya.com.tr\/satis\/urun\/sivi-klor-2\/#breadcrumb","itemListElement":[{"@type":"ListItem","position":1,"name":"Anasayfa","item":"https:\/\/www.akemkimya.com.tr\/satis\/"},{"@type":"ListItem","position":2,"name":"Ma\u011faza","item":"https:\/\/www.akemkimya.com.tr\/satis\/magaza\/"},{"@type":"ListItem","position":3,"name":"S\u0131v\u0131 Klor"}]},{"@type":"WebSite","@id":"https:\/\/www.akemkimya.com.tr\/satis\/#website","url":"https:\/\/www.akemkimya.com.tr\/satis\/","name":"Akem Kimya","description":"San. ve Tic. Ltd. \u015eti.","publisher":{"@id":"https:\/\/www.akemkimya.com.tr\/satis\/#organization"},"potentialAction":[{"@type":"SearchAction","target":{"@type":"EntryPoint","urlTemplate":"https:\/\/www.akemkimya.com.tr\/satis\/?s={search_term_string}"},"query-input":{"@type":"PropertyValueSpecification","valueRequired":true,"valueName":"search_term_string"}}],"inLanguage":"tr"},{"@type":"Organization","@id":"https:\/\/www.akemkimya.com.tr\/satis\/#organization","name":"Akem Kimya","url":"https:\/\/www.akemkimya.com.tr\/satis\/","logo":{"@type":"ImageObject","inLanguage":"tr","@id":"https:\/\/www.akemkimya.com.tr\/satis\/#\/schema\/logo\/image\/","url":"https:\/\/www.akemkimya.com.tr\/satis\/wp-content\/uploads\/2021\/09\/akemkimya-logo.jpg","contentUrl":"https:\/\/www.akemkimya.com.tr\/satis\/wp-content\/uploads\/2021\/09\/akemkimya-logo.jpg","width":379,"height":105,"caption":"Akem Kimya"},"image":{"@id":"https:\/\/www.akemkimya.com.tr\/satis\/#\/schema\/logo\/image\/"}}]}},"_links":{"self":[{"href":"https:\/\/www.akemkimya.com.tr\/satis\/wp-json\/wp\/v2\/product\/650","targetHints":{"allow":["GET"]}}],"collection":[{"href":"https:\/\/www.akemkimya.com.tr\/satis\/wp-json\/wp\/v2\/product"}],"about":[{"href":"https:\/\/www.akemkimya.com.tr\/satis\/wp-json\/wp\/v2\/types\/product"}],"replies":[{"embeddable":true,"href":"https:\/\/www.akemkimya.com.tr\/satis\/wp-json\/wp\/v2\/comments?post=650"}],"wp:featuredmedia":[{"embeddable":true,"href":"https:\/\/www.akemkimya.com.tr\/satis\/wp-json\/wp\/v2\/media\/651"}],"wp:attachment":[{"href":"https:\/\/www.akemkimya.com.tr\/satis\/wp-json\/wp\/v2\/media?parent=650"}],"wp:term":[{"taxonomy":"product_brand","embeddable":true,"href":"https:\/\/www.akemkimya.com.tr\/satis\/wp-json\/wp\/v2\/product_brand?post=650"},{"taxonomy":"product_cat","embeddable":true,"href":"https:\/\/www.akemkimya.com.tr\/satis\/wp-json\/wp\/v2\/product_cat?post=650"},{"taxonomy":"product_tag","embeddable":true,"href":"https:\/\/www.akemkimya.com.tr\/satis\/wp-json\/wp\/v2\/product_tag?post=650"}],"curies":[{"name":"wp","href":"https:\/\/api.w.org\/{rel}","templated":true}]}}