{"id":732,"date":"2024-04-27T10:25:43","date_gmt":"2024-04-27T07:25:43","guid":{"rendered":"https:\/\/www.akemkimya.com.tr\/satis\/?post_type=product&#038;p=732"},"modified":"2024-09-03T10:09:25","modified_gmt":"2024-09-03T07:09:25","slug":"beton-harc-sokucu","status":"publish","type":"product","link":"https:\/\/www.akemkimya.com.tr\/satis\/urun\/beton-harc-sokucu\/","title":{"rendered":"BETON HAR\u00c7 S\u00d6K\u00dcC\u00dc"},"content":{"rendered":"<p><strong>Metox Beton \u00c7\u00f6z\u00fcc\u00fc<\/strong>, <strong>Har\u00e7 \u00c7\u00f6z\u00fcc\u00fc<\/strong><\/p>\n<p>* \u00d6zellikle in\u015faat esnas\u0131nda olu\u015fan yo\u011fun har\u00e7 tabakalar\u0131n\u0131n temizli\u011fi i\u00e7in geli\u015ftirilmi\u015f \u00f6zel bir \u00fcr\u00fcnd\u00fcr. \u00d6zel form\u00fcl\u00fc sayesinde;<\/p>\n<p>* Beton santrallerinin temizli\u011finde,<\/p>\n<p>* Balkon, Banyo, Tuvalet, Lavabo ve Mutfak giderlerindeki har\u00e7 kaynakl\u0131 t\u0131kan\u0131klar\u0131n\u0131n giderilmesinde,<\/p>\n<p>* \u0130n\u015faat alanlar\u0131ndaki ara\u00e7 ve ekipmanlar \u00fczerinde olu\u015fan har\u00e7 kirliliklerinin,<\/p>\n<p>* Ara\u00e7lar\u0131n \u00fczerine s\u0131\u00e7ram\u0131\u015f har\u00e7 art\u0131klar\u0131n\u0131n,<\/p>\n<p>* \u0130n\u015faat s\u0131ras\u0131nda camlara fayanslara s\u0131\u00e7ram\u0131\u015f beton har\u00e7 art\u0131klar\u0131n\u0131n,<\/p>\n<p>* Demir, plastik y\u00fczeylere s\u0131\u00e7ram\u0131\u015f har\u00e7 beton\u00a0art\u0131klar\u0131n\u0131n temizli\u011finde etkilidir.<\/p>\n<p>* Boya ve plasti\u011fe zarar vermedi\u011fi i\u00e7in mixer ve silo gibi d\u0131\u015f y\u00fczey temizliklerinde g\u00fcvenle kullan\u0131l\u0131r,<\/p>\n<p>* \u00dcr\u00fcn\u00fcm\u00fcz\u00fcn kullan\u0131m\u0131ndan sonra \u00e7\u00f6z\u00fclen har\u00e7 kal\u0131nt\u0131s\u0131n\u0131n y\u00fczeyi \u00e7izmemesi i\u00e7in havlu t\u00fcr\u00fc \u0131slak bir bez ile y\u00fczeyi temizleyiniz,<\/p>\n<p>* Su gideri gibi boru i\u00e7i temizliklerde \u00fcr\u00fcn\u00fcm\u00fcz\u00fc giderin i\u00e7ine d\u00f6kerek har\u00e7 kal\u0131nt\u0131lar\u0131n\u0131 temizleyebilirsiniz<\/p>\n","protected":false},"excerpt":{"rendered":"<p>Fiyatlar\u0131m\u0131za %20 Kdv Dahildir.<\/p>\n<p>\u00dcr\u00fcn Ambalaj\u0131 5 KG&#8217; dir.<\/p>\n<p>Kargo al\u0131c\u0131ya aittir.<\/p>\n","protected":false},"featured_media":677,"comment_status":"open","ping_status":"closed","template":"","meta":[],"product_brand":[],"product_cat":[24],"product_tag":[],"class_list":{"0":"post-732","1":"product","2":"type-product","3":"status-publish","4":"has-post-thumbnail","6":"product_cat-endustriyel-kimyasallar","8":"first","9":"outofstock","10":"shipping-taxable","11":"purchasable","12":"product-type-simple"},"yoast_head":"<!-- This site is optimized with the Yoast SEO plugin v27.4 - https:\/\/yoast.com\/product\/yoast-seo-wordpress\/ -->\n<title>BETON HAR\u00c7 S\u00d6K\u00dcC\u00dc | Akem Kimya<\/title>\n<meta name=\"description\" content=\"beton har\u00e7 s\u00f6k\u00fcc\u00fc , har\u00e7 s\u00f6k\u00fcc\u00fc , beton s\u00f6k\u00fcc\u00fc , har\u00e7 eritici , beton , har\u00e7 ,\" \/>\n<meta name=\"robots\" content=\"index, follow, max-snippet:-1, max-image-preview:large, max-video-preview:-1\" \/>\n<link rel=\"canonical\" href=\"https:\/\/www.akemkimya.com.tr\/satis\/urun\/beton-harc-sokucu\/\" \/>\n<meta property=\"og:locale\" content=\"tr_TR\" \/>\n<meta property=\"og:type\" content=\"article\" \/>\n<meta property=\"og:title\" content=\"BETON HAR\u00c7 S\u00d6K\u00dcC\u00dc | Akem Kimya\" \/>\n<meta property=\"og:description\" content=\"beton har\u00e7 s\u00f6k\u00fcc\u00fc , har\u00e7 s\u00f6k\u00fcc\u00fc , beton s\u00f6k\u00fcc\u00fc , har\u00e7 eritici , beton , har\u00e7 ,\" \/>\n<meta property=\"og:url\" content=\"https:\/\/www.akemkimya.com.tr\/satis\/urun\/beton-harc-sokucu\/\" \/>\n<meta property=\"og:site_name\" content=\"Akem Kimya\" \/>\n<meta property=\"article:modified_time\" content=\"2024-09-03T07:09:25+00:00\" \/>\n<meta property=\"og:image\" content=\"https:\/\/www.akemkimya.com.tr\/satis\/wp-content\/uploads\/2023\/08\/1643363582-5-lt-canta-bidon-kule.webp.webp\" \/>\n\t<meta property=\"og:image:width\" content=\"1200\" \/>\n\t<meta property=\"og:image:height\" content=\"1000\" \/>\n\t<meta property=\"og:image:type\" content=\"image\/webp\" \/>\n<meta name=\"twitter:card\" content=\"summary_large_image\" \/>\n<meta name=\"twitter:label1\" content=\"Tahmini okuma s\u00fcresi\" \/>\n\t<meta name=\"twitter:data1\" content=\"1 dakika\" \/>\n<script type=\"application\/ld+json\" class=\"yoast-schema-graph\">{\"@context\":\"https:\\\/\\\/schema.org\",\"@graph\":[{\"@type\":\"WebPage\",\"@id\":\"https:\\\/\\\/www.akemkimya.com.tr\\\/satis\\\/urun\\\/beton-harc-sokucu\\\/\",\"url\":\"https:\\\/\\\/www.akemkimya.com.tr\\\/satis\\\/urun\\\/beton-harc-sokucu\\\/\",\"name\":\"BETON HAR\u00c7 S\u00d6K\u00dcC\u00dc | Akem Kimya\",\"isPartOf\":{\"@id\":\"https:\\\/\\\/www.akemkimya.com.tr\\\/satis\\\/#website\"},\"primaryImageOfPage\":{\"@id\":\"https:\\\/\\\/www.akemkimya.com.tr\\\/satis\\\/urun\\\/beton-harc-sokucu\\\/#primaryimage\"},\"image\":{\"@id\":\"https:\\\/\\\/www.akemkimya.com.tr\\\/satis\\\/urun\\\/beton-harc-sokucu\\\/#primaryimage\"},\"thumbnailUrl\":\"https:\\\/\\\/www.akemkimya.com.tr\\\/satis\\\/wp-content\\\/uploads\\\/2023\\\/08\\\/1643363582-5-lt-canta-bidon-kule.webp.webp\",\"datePublished\":\"2024-04-27T07:25:43+00:00\",\"dateModified\":\"2024-09-03T07:09:25+00:00\",\"description\":\"beton har\u00e7 s\u00f6k\u00fcc\u00fc , har\u00e7 s\u00f6k\u00fcc\u00fc , beton s\u00f6k\u00fcc\u00fc , har\u00e7 eritici , beton , har\u00e7 ,\",\"breadcrumb\":{\"@id\":\"https:\\\/\\\/www.akemkimya.com.tr\\\/satis\\\/urun\\\/beton-harc-sokucu\\\/#breadcrumb\"},\"inLanguage\":\"tr\",\"potentialAction\":[{\"@type\":\"ReadAction\",\"target\":[\"https:\\\/\\\/www.akemkimya.com.tr\\\/satis\\\/urun\\\/beton-harc-sokucu\\\/\"]}]},{\"@type\":\"ImageObject\",\"inLanguage\":\"tr\",\"@id\":\"https:\\\/\\\/www.akemkimya.com.tr\\\/satis\\\/urun\\\/beton-harc-sokucu\\\/#primaryimage\",\"url\":\"https:\\\/\\\/www.akemkimya.com.tr\\\/satis\\\/wp-content\\\/uploads\\\/2023\\\/08\\\/1643363582-5-lt-canta-bidon-kule.webp.webp\",\"contentUrl\":\"https:\\\/\\\/www.akemkimya.com.tr\\\/satis\\\/wp-content\\\/uploads\\\/2023\\\/08\\\/1643363582-5-lt-canta-bidon-kule.webp.webp\",\"width\":1200,\"height\":1000},{\"@type\":\"BreadcrumbList\",\"@id\":\"https:\\\/\\\/www.akemkimya.com.tr\\\/satis\\\/urun\\\/beton-harc-sokucu\\\/#breadcrumb\",\"itemListElement\":[{\"@type\":\"ListItem\",\"position\":1,\"name\":\"Anasayfa\",\"item\":\"https:\\\/\\\/www.akemkimya.com.tr\\\/satis\\\/\"},{\"@type\":\"ListItem\",\"position\":2,\"name\":\"Ma\u011faza\",\"item\":\"https:\\\/\\\/www.akemkimya.com.tr\\\/satis\\\/magaza\\\/\"},{\"@type\":\"ListItem\",\"position\":3,\"name\":\"BETON HAR\u00c7 S\u00d6K\u00dcC\u00dc\"}]},{\"@type\":\"WebSite\",\"@id\":\"https:\\\/\\\/www.akemkimya.com.tr\\\/satis\\\/#website\",\"url\":\"https:\\\/\\\/www.akemkimya.com.tr\\\/satis\\\/\",\"name\":\"Akem Kimya\",\"description\":\"San. ve Tic. Ltd. \u015eti.\",\"publisher\":{\"@id\":\"https:\\\/\\\/www.akemkimya.com.tr\\\/satis\\\/#organization\"},\"potentialAction\":[{\"@type\":\"SearchAction\",\"target\":{\"@type\":\"EntryPoint\",\"urlTemplate\":\"https:\\\/\\\/www.akemkimya.com.tr\\\/satis\\\/?s={search_term_string}\"},\"query-input\":{\"@type\":\"PropertyValueSpecification\",\"valueRequired\":true,\"valueName\":\"search_term_string\"}}],\"inLanguage\":\"tr\"},{\"@type\":\"Organization\",\"@id\":\"https:\\\/\\\/www.akemkimya.com.tr\\\/satis\\\/#organization\",\"name\":\"Akem Kimya\",\"url\":\"https:\\\/\\\/www.akemkimya.com.tr\\\/satis\\\/\",\"logo\":{\"@type\":\"ImageObject\",\"inLanguage\":\"tr\",\"@id\":\"https:\\\/\\\/www.akemkimya.com.tr\\\/satis\\\/#\\\/schema\\\/logo\\\/image\\\/\",\"url\":\"https:\\\/\\\/www.akemkimya.com.tr\\\/satis\\\/wp-content\\\/uploads\\\/2021\\\/09\\\/akemkimya-logo.jpg\",\"contentUrl\":\"https:\\\/\\\/www.akemkimya.com.tr\\\/satis\\\/wp-content\\\/uploads\\\/2021\\\/09\\\/akemkimya-logo.jpg\",\"width\":379,\"height\":105,\"caption\":\"Akem Kimya\"},\"image\":{\"@id\":\"https:\\\/\\\/www.akemkimya.com.tr\\\/satis\\\/#\\\/schema\\\/logo\\\/image\\\/\"}}]}<\/script>\n<!-- \/ Yoast SEO plugin. -->","yoast_head_json":{"title":"BETON HAR\u00c7 S\u00d6K\u00dcC\u00dc | Akem Kimya","description":"beton har\u00e7 s\u00f6k\u00fcc\u00fc , har\u00e7 s\u00f6k\u00fcc\u00fc , beton s\u00f6k\u00fcc\u00fc , har\u00e7 eritici , beton , har\u00e7 ,","robots":{"index":"index","follow":"follow","max-snippet":"max-snippet:-1","max-image-preview":"max-image-preview:large","max-video-preview":"max-video-preview:-1"},"canonical":"https:\/\/www.akemkimya.com.tr\/satis\/urun\/beton-harc-sokucu\/","og_locale":"tr_TR","og_type":"article","og_title":"BETON HAR\u00c7 S\u00d6K\u00dcC\u00dc | Akem Kimya","og_description":"beton har\u00e7 s\u00f6k\u00fcc\u00fc , har\u00e7 s\u00f6k\u00fcc\u00fc , beton s\u00f6k\u00fcc\u00fc , har\u00e7 eritici , beton , har\u00e7 ,","og_url":"https:\/\/www.akemkimya.com.tr\/satis\/urun\/beton-harc-sokucu\/","og_site_name":"Akem Kimya","article_modified_time":"2024-09-03T07:09:25+00:00","og_image":[{"width":1200,"height":1000,"url":"https:\/\/www.akemkimya.com.tr\/satis\/wp-content\/uploads\/2023\/08\/1643363582-5-lt-canta-bidon-kule.webp.webp","type":"image\/webp"}],"twitter_card":"summary_large_image","twitter_misc":{"Tahmini okuma s\u00fcresi":"1 dakika"},"schema":{"@context":"https:\/\/schema.org","@graph":[{"@type":"WebPage","@id":"https:\/\/www.akemkimya.com.tr\/satis\/urun\/beton-harc-sokucu\/","url":"https:\/\/www.akemkimya.com.tr\/satis\/urun\/beton-harc-sokucu\/","name":"BETON HAR\u00c7 S\u00d6K\u00dcC\u00dc | Akem Kimya","isPartOf":{"@id":"https:\/\/www.akemkimya.com.tr\/satis\/#website"},"primaryImageOfPage":{"@id":"https:\/\/www.akemkimya.com.tr\/satis\/urun\/beton-harc-sokucu\/#primaryimage"},"image":{"@id":"https:\/\/www.akemkimya.com.tr\/satis\/urun\/beton-harc-sokucu\/#primaryimage"},"thumbnailUrl":"https:\/\/www.akemkimya.com.tr\/satis\/wp-content\/uploads\/2023\/08\/1643363582-5-lt-canta-bidon-kule.webp.webp","datePublished":"2024-04-27T07:25:43+00:00","dateModified":"2024-09-03T07:09:25+00:00","description":"beton har\u00e7 s\u00f6k\u00fcc\u00fc , har\u00e7 s\u00f6k\u00fcc\u00fc , beton s\u00f6k\u00fcc\u00fc , har\u00e7 eritici , beton , har\u00e7 ,","breadcrumb":{"@id":"https:\/\/www.akemkimya.com.tr\/satis\/urun\/beton-harc-sokucu\/#breadcrumb"},"inLanguage":"tr","potentialAction":[{"@type":"ReadAction","target":["https:\/\/www.akemkimya.com.tr\/satis\/urun\/beton-harc-sokucu\/"]}]},{"@type":"ImageObject","inLanguage":"tr","@id":"https:\/\/www.akemkimya.com.tr\/satis\/urun\/beton-harc-sokucu\/#primaryimage","url":"https:\/\/www.akemkimya.com.tr\/satis\/wp-content\/uploads\/2023\/08\/1643363582-5-lt-canta-bidon-kule.webp.webp","contentUrl":"https:\/\/www.akemkimya.com.tr\/satis\/wp-content\/uploads\/2023\/08\/1643363582-5-lt-canta-bidon-kule.webp.webp","width":1200,"height":1000},{"@type":"BreadcrumbList","@id":"https:\/\/www.akemkimya.com.tr\/satis\/urun\/beton-harc-sokucu\/#breadcrumb","itemListElement":[{"@type":"ListItem","position":1,"name":"Anasayfa","item":"https:\/\/www.akemkimya.com.tr\/satis\/"},{"@type":"ListItem","position":2,"name":"Ma\u011faza","item":"https:\/\/www.akemkimya.com.tr\/satis\/magaza\/"},{"@type":"ListItem","position":3,"name":"BETON HAR\u00c7 S\u00d6K\u00dcC\u00dc"}]},{"@type":"WebSite","@id":"https:\/\/www.akemkimya.com.tr\/satis\/#website","url":"https:\/\/www.akemkimya.com.tr\/satis\/","name":"Akem Kimya","description":"San. ve Tic. Ltd. \u015eti.","publisher":{"@id":"https:\/\/www.akemkimya.com.tr\/satis\/#organization"},"potentialAction":[{"@type":"SearchAction","target":{"@type":"EntryPoint","urlTemplate":"https:\/\/www.akemkimya.com.tr\/satis\/?s={search_term_string}"},"query-input":{"@type":"PropertyValueSpecification","valueRequired":true,"valueName":"search_term_string"}}],"inLanguage":"tr"},{"@type":"Organization","@id":"https:\/\/www.akemkimya.com.tr\/satis\/#organization","name":"Akem Kimya","url":"https:\/\/www.akemkimya.com.tr\/satis\/","logo":{"@type":"ImageObject","inLanguage":"tr","@id":"https:\/\/www.akemkimya.com.tr\/satis\/#\/schema\/logo\/image\/","url":"https:\/\/www.akemkimya.com.tr\/satis\/wp-content\/uploads\/2021\/09\/akemkimya-logo.jpg","contentUrl":"https:\/\/www.akemkimya.com.tr\/satis\/wp-content\/uploads\/2021\/09\/akemkimya-logo.jpg","width":379,"height":105,"caption":"Akem Kimya"},"image":{"@id":"https:\/\/www.akemkimya.com.tr\/satis\/#\/schema\/logo\/image\/"}}]}},"_links":{"self":[{"href":"https:\/\/www.akemkimya.com.tr\/satis\/wp-json\/wp\/v2\/product\/732","targetHints":{"allow":["GET"]}}],"collection":[{"href":"https:\/\/www.akemkimya.com.tr\/satis\/wp-json\/wp\/v2\/product"}],"about":[{"href":"https:\/\/www.akemkimya.com.tr\/satis\/wp-json\/wp\/v2\/types\/product"}],"replies":[{"embeddable":true,"href":"https:\/\/www.akemkimya.com.tr\/satis\/wp-json\/wp\/v2\/comments?post=732"}],"wp:featuredmedia":[{"embeddable":true,"href":"https:\/\/www.akemkimya.com.tr\/satis\/wp-json\/wp\/v2\/media\/677"}],"wp:attachment":[{"href":"https:\/\/www.akemkimya.com.tr\/satis\/wp-json\/wp\/v2\/media?parent=732"}],"wp:term":[{"taxonomy":"product_brand","embeddable":true,"href":"https:\/\/www.akemkimya.com.tr\/satis\/wp-json\/wp\/v2\/product_brand?post=732"},{"taxonomy":"product_cat","embeddable":true,"href":"https:\/\/www.akemkimya.com.tr\/satis\/wp-json\/wp\/v2\/product_cat?post=732"},{"taxonomy":"product_tag","embeddable":true,"href":"https:\/\/www.akemkimya.com.tr\/satis\/wp-json\/wp\/v2\/product_tag?post=732"}],"curies":[{"name":"wp","href":"https:\/\/api.w.org\/{rel}","templated":true}]}}